{"id":89,"date":"2023-12-09T18:19:00","date_gmt":"2023-12-09T18:19:00","guid":{"rendered":"https:\/\/arkadventures.ch\/?page_id=89"},"modified":"2025-08-20T20:45:17","modified_gmt":"2025-08-20T20:45:17","slug":"kayak-ferien","status":"publish","type":"page","link":"https:\/\/arkadventures.ch\/en\/kayak-ferien\/","title":{"rendered":"Kayak trips"},"content":{"rendered":"<div class=\"wp-block-kenta-blocks-cover alignfull kb-cover-93bacec4 kb-cover\" id=\"team\"><div class=\"kb-cover-inner-container\">\n<div class=\"wp-block-kenta-blocks-paragraph kb-paragraph kb-paragraph-e2122705 kenta-scroll-reveal\"><p class=\"\">Kayaking Holidays<\/p><\/div>\n\n\n\n<p class=\"has-text-align-center\"><strong> <\/strong><\/p>\n\n\n\n<div class=\"wp-block-kenta-blocks-heading kb-heading kb-heading-h2 kb-heading-47c6b178 kenta-scroll-reveal\"><h2 class=\"\">All-inclusive Guided Kayaking Trips<\/h2><\/div>\n\n\n\n<div class=\"wp-block-kenta-blocks-section alignwide kb-section-2730e88f kb-section\">\n<div class=\"wp-block-kenta-blocks-column kb-column-wrapper kb-column-wrapper-bbdb9d54 kenta-scroll-reveal\"><div class=\"kb-column kb-column-bbdb9d54\"><div class=\"kb-column-content\">\n<figure class=\"wp-block-kenta-blocks-image kb-image kb-image-fc7399a0\"><img decoding=\"async\" src=\"https:\/\/arkadventures.ch\/wp-content\/uploads\/2024\/10\/DSC04178-1-scaled.jpg\" alt=\"Wildwasser Kajak Kurs in Korsika\"\/><\/figure>\n\n\n\n<div class=\"wp-block-kenta-blocks-group kb-group-d2f71308 kb-group\"><div class=\"kb-group-inner-container\">\n<h2 class=\"wp-block-heading has-text-align-center\"><a href=\"https:\/\/arkadventures.ch\/en\/korsika\/\">Kajak tour Korsika<\/a><\/h2>\n\n\n\n<div class=\"wp-block-kenta-blocks-paragraph kb-paragraph kb-paragraph-6e12d9d1\"><p class=\"\"><\/p><\/div>\n<\/div><\/div>\n<\/div><\/div><\/div>\n\n\n\n<div class=\"wp-block-kenta-blocks-column kb-column-wrapper kb-column-wrapper-440e2e24 kenta-scroll-reveal\"><div class=\"kb-column kb-column-440e2e24\"><div class=\"kb-column-content\">\n<figure class=\"wp-block-kenta-blocks-image kb-image kb-image-653b229d\"><img decoding=\"async\" src=\"https:\/\/arkadventures.ch\/wp-content\/uploads\/2024\/10\/DSC01835-scaled.jpg\" alt=\"Wildwasser Kajak Tour In Nepal\"\/><\/figure>\n\n\n\n<div class=\"wp-block-kenta-blocks-group kb-group-019617f2 kb-group\"><div class=\"kb-group-inner-container\">\n<h2 class=\"wp-block-heading has-text-align-center\"><a href=\"https:\/\/arkadventures.ch\/en\/nepal\/\"> Kajaktour Nepal<\/a><\/h2>\n\n\n\n<div class=\"wp-block-kenta-blocks-paragraph kb-paragraph kb-paragraph-85df00fc\"><p class=\"\"><\/p><\/div>\n<\/div><\/div>\n<\/div><\/div><\/div>\n\n\n\n<div class=\"wp-block-kenta-blocks-column kb-column-wrapper kb-column-wrapper-93c722c5 kenta-scroll-reveal\"><div class=\"kb-column kb-column-93c722c5\"><div class=\"kb-column-content\">\n<figure class=\"wp-block-kenta-blocks-image kb-image kb-image-70c338b7\"><img decoding=\"async\" src=\"https:\/\/arkadventures.ch\/wp-content\/uploads\/2024\/10\/DSC03583-scaled.jpg\" alt=\"Wildwasser Kajak Kurs Kolumbien, Zwei Paddler sitzen im Kajak\"\/><\/figure>\n\n\n\n<div class=\"wp-block-kenta-blocks-group kb-group-fc928a5b kb-group\"><div class=\"kb-group-inner-container\">\n<h2 class=\"wp-block-heading has-text-align-center\"><a href=\"https:\/\/arkadventures.ch\/en\/kolumbien\/\">Kajaktour Kolumbien<\/a><\/h2>\n\n\n\n<div class=\"wp-block-kenta-blocks-paragraph kb-paragraph kb-paragraph-f2fa0bc4\"><p class=\"\"><\/p><\/div>\n<\/div><\/div>\n<\/div><\/div><\/div>\n<\/div>\n<\/div><\/div>\n\n\n\n<div class=\"wp-block-kenta-blocks-cover alignfull kb-cover-01ef88e5 kb-cover\" id=\"team\"><div class=\"kb-cover-inner-container\">\n<div class=\"wp-block-kenta-blocks-section alignwide kb-section-49a420d4 kb-section\">\n<div class=\"wp-block-kenta-blocks-column kb-column-wrapper kb-column-wrapper-1a7f3c0e kenta-scroll-reveal\"><div class=\"kb-column kb-column-1a7f3c0e\"><div class=\"kb-column-content\">\n<figure class=\"wp-block-kenta-blocks-image kb-image kb-image-99d31779\"><img decoding=\"async\" src=\"https:\/\/arkadventures.ch\/wp-content\/uploads\/2023\/12\/65650309_10156745795568731_2439223845656199168_n-1536x1152-1-2.jpeg\" alt=\"Kajak Tour in der Schweiz\"\/><\/figure>\n\n\n\n<div class=\"wp-block-kenta-blocks-group kb-group-426e32d4 kb-group\"><div class=\"kb-group-inner-container\">\n<h2 class=\"wp-block-heading has-text-align-center\"><strong><a href=\"https:\/\/arkadventures.ch\/en\/schweiz\/\">Kajaktour Schweiz<\/a><\/strong><\/h2>\n<\/div><\/div>\n<\/div><\/div><\/div>\n<\/div>\n<\/div><\/div>","protected":false},"excerpt":{"rendered":"","protected":false},"author":1,"featured_media":1277,"parent":0,"menu_order":0,"comment_status":"closed","ping_status":"closed","template":"","meta":{"site-container-style":"default","site-container-layout":"default","site-sidebar-layout":"default","site-transparent-header":"default","disable-article-header":"default","disable-site-header":"default","disable-site-footer":"default","disable-content-area-spacing":"default","footnotes":""},"class_list":["post-89","page","type-page","status-publish","has-post-thumbnail","hentry"],"yoast_head":"<!-- This site is optimized with the Yoast SEO plugin v27.6 - https:\/\/yoast.com\/product\/yoast-seo-wordpress\/ -->\n<title>Kajakferien - ARKADVENTURES - Kajakschule - Touren - Kolumbien<\/title>\n<meta name=\"description\" content=\"Arkadventures Kajak Reisen! - Bei jede tour ist der Transport, \u00dcbernachtungen und F\u00fchrung inbegriffen - Kleine Individuelle Gruppe F\u00fchrung\" \/>\n<meta name=\"robots\" content=\"index, follow, max-snippet:-1, max-image-preview:large, max-video-preview:-1\" \/>\n<link rel=\"canonical\" href=\"https:\/\/arkadventures.ch\/en\/kayak-ferien\/\" \/>\n<meta property=\"og:locale\" content=\"en_GB\" \/>\n<meta property=\"og:type\" content=\"article\" \/>\n<meta property=\"og:title\" content=\"Kajakferien - ARKADVENTURES - Kajakschule - Touren - Kolumbien\" \/>\n<meta property=\"og:description\" content=\"Arkadventures Kajak Reisen! - Bei jede tour ist der Transport, \u00dcbernachtungen und F\u00fchrung inbegriffen - Kleine Individuelle Gruppe F\u00fchrung\" \/>\n<meta property=\"og:url\" content=\"https:\/\/arkadventures.ch\/en\/kayak-ferien\/\" \/>\n<meta property=\"og:site_name\" content=\"Arkadventures\" \/>\n<meta property=\"article:publisher\" content=\"https:\/\/www.facebook.com\/profile.php?id=100088808866414&amp;locale=de_DE\" \/>\n<meta property=\"article:modified_time\" content=\"2025-08-20T20:45:17+00:00\" \/>\n<meta property=\"og:image\" content=\"https:\/\/arkadventures.ch\/wp-content\/uploads\/2024\/03\/DSC03189-scaled.jpg\" \/>\n\t<meta property=\"og:image:width\" content=\"1707\" \/>\n\t<meta property=\"og:image:height\" content=\"2560\" \/>\n\t<meta property=\"og:image:type\" content=\"image\/jpeg\" \/>\n<meta name=\"twitter:card\" content=\"summary_large_image\" \/>\n<meta name=\"twitter:label1\" content=\"Estimated reading time\" \/>\n\t<meta name=\"twitter:data1\" content=\"2 minutes\" \/>\n<script type=\"application\/ld+json\" class=\"yoast-schema-graph\">{\"@context\":\"https:\\\/\\\/schema.org\",\"@graph\":[{\"@type\":\"WebPage\",\"@id\":\"https:\\\/\\\/arkadventures.ch\\\/kayak-ferien\\\/\",\"url\":\"https:\\\/\\\/arkadventures.ch\\\/kayak-ferien\\\/\",\"name\":\"Kajakferien - ARKADVENTURES - Kajakschule - Touren - Kolumbien\",\"isPartOf\":{\"@id\":\"https:\\\/\\\/arkadventures.ch\\\/#website\"},\"primaryImageOfPage\":{\"@id\":\"https:\\\/\\\/arkadventures.ch\\\/kayak-ferien\\\/#primaryimage\"},\"image\":{\"@id\":\"https:\\\/\\\/arkadventures.ch\\\/kayak-ferien\\\/#primaryimage\"},\"thumbnailUrl\":\"https:\\\/\\\/arkadventures.ch\\\/wp-content\\\/uploads\\\/2024\\\/03\\\/DSC03189-scaled.jpg\",\"datePublished\":\"2023-12-09T18:19:00+00:00\",\"dateModified\":\"2025-08-20T20:45:17+00:00\",\"description\":\"Arkadventures Kajak Reisen! - Bei jede tour ist der Transport, \u00dcbernachtungen und F\u00fchrung inbegriffen - Kleine Individuelle Gruppe F\u00fchrung\",\"breadcrumb\":{\"@id\":\"https:\\\/\\\/arkadventures.ch\\\/kayak-ferien\\\/#breadcrumb\"},\"inLanguage\":\"en-GB\",\"potentialAction\":[{\"@type\":\"ReadAction\",\"target\":[\"https:\\\/\\\/arkadventures.ch\\\/kayak-ferien\\\/\"]}]},{\"@type\":\"ImageObject\",\"inLanguage\":\"en-GB\",\"@id\":\"https:\\\/\\\/arkadventures.ch\\\/kayak-ferien\\\/#primaryimage\",\"url\":\"https:\\\/\\\/arkadventures.ch\\\/wp-content\\\/uploads\\\/2024\\\/03\\\/DSC03189-scaled.jpg\",\"contentUrl\":\"https:\\\/\\\/arkadventures.ch\\\/wp-content\\\/uploads\\\/2024\\\/03\\\/DSC03189-scaled.jpg\",\"width\":1707,\"height\":2560},{\"@type\":\"BreadcrumbList\",\"@id\":\"https:\\\/\\\/arkadventures.ch\\\/kayak-ferien\\\/#breadcrumb\",\"itemListElement\":[{\"@type\":\"ListItem\",\"position\":1,\"name\":\"Startseite\",\"item\":\"https:\\\/\\\/arkadventures.ch\\\/\"},{\"@type\":\"ListItem\",\"position\":2,\"name\":\"Kajakferien\"}]},{\"@type\":\"WebSite\",\"@id\":\"https:\\\/\\\/arkadventures.ch\\\/#website\",\"url\":\"https:\\\/\\\/arkadventures.ch\\\/\",\"name\":\"Arkadventures\",\"description\":\"Down the river with you\",\"publisher\":{\"@id\":\"https:\\\/\\\/arkadventures.ch\\\/#organization\"},\"potentialAction\":[{\"@type\":\"SearchAction\",\"target\":{\"@type\":\"EntryPoint\",\"urlTemplate\":\"https:\\\/\\\/arkadventures.ch\\\/?s={search_term_string}\"},\"query-input\":{\"@type\":\"PropertyValueSpecification\",\"valueRequired\":true,\"valueName\":\"search_term_string\"}}],\"inLanguage\":\"en-GB\"},{\"@type\":\"Organization\",\"@id\":\"https:\\\/\\\/arkadventures.ch\\\/#organization\",\"name\":\"Arkadventures kajakschule\",\"url\":\"https:\\\/\\\/arkadventures.ch\\\/\",\"logo\":{\"@type\":\"ImageObject\",\"inLanguage\":\"en-GB\",\"@id\":\"https:\\\/\\\/arkadventures.ch\\\/#\\\/schema\\\/logo\\\/image\\\/\",\"url\":\"https:\\\/\\\/arkadventures.ch\\\/wp-content\\\/uploads\\\/2023\\\/12\\\/Arkadventures-2.png\",\"contentUrl\":\"https:\\\/\\\/arkadventures.ch\\\/wp-content\\\/uploads\\\/2023\\\/12\\\/Arkadventures-2.png\",\"width\":1500,\"height\":1500,\"caption\":\"Arkadventures kajakschule\"},\"image\":{\"@id\":\"https:\\\/\\\/arkadventures.ch\\\/#\\\/schema\\\/logo\\\/image\\\/\"},\"sameAs\":[\"https:\\\/\\\/www.facebook.com\\\/profile.php?id=100088808866414&locale=de_DE\"]}]}<\/script>\n<!-- \/ Yoast SEO plugin. -->","yoast_head_json":{"title":"Kajakferien - ARKADVENTURES - Kajakschule - Touren - Kolumbien","description":"Arkadventures Kajak Reisen! - Bei jede tour ist der Transport, \u00dcbernachtungen und F\u00fchrung inbegriffen - Kleine Individuelle Gruppe F\u00fchrung","robots":{"index":"index","follow":"follow","max-snippet":"max-snippet:-1","max-image-preview":"max-image-preview:large","max-video-preview":"max-video-preview:-1"},"canonical":"https:\/\/arkadventures.ch\/en\/kayak-ferien\/","og_locale":"en_GB","og_type":"article","og_title":"Kajakferien - ARKADVENTURES - Kajakschule - Touren - Kolumbien","og_description":"Arkadventures Kajak Reisen! - Bei jede tour ist der Transport, \u00dcbernachtungen und F\u00fchrung inbegriffen - Kleine Individuelle Gruppe F\u00fchrung","og_url":"https:\/\/arkadventures.ch\/en\/kayak-ferien\/","og_site_name":"Arkadventures","article_publisher":"https:\/\/www.facebook.com\/profile.php?id=100088808866414&locale=de_DE","article_modified_time":"2025-08-20T20:45:17+00:00","og_image":[{"width":1707,"height":2560,"url":"https:\/\/arkadventures.ch\/wp-content\/uploads\/2024\/03\/DSC03189-scaled.jpg","type":"image\/jpeg"}],"twitter_card":"summary_large_image","twitter_misc":{"Estimated reading time":"2 minutes"},"schema":{"@context":"https:\/\/schema.org","@graph":[{"@type":"WebPage","@id":"https:\/\/arkadventures.ch\/kayak-ferien\/","url":"https:\/\/arkadventures.ch\/kayak-ferien\/","name":"Kajakferien - ARKADVENTURES - Kajakschule - Touren - Kolumbien","isPartOf":{"@id":"https:\/\/arkadventures.ch\/#website"},"primaryImageOfPage":{"@id":"https:\/\/arkadventures.ch\/kayak-ferien\/#primaryimage"},"image":{"@id":"https:\/\/arkadventures.ch\/kayak-ferien\/#primaryimage"},"thumbnailUrl":"https:\/\/arkadventures.ch\/wp-content\/uploads\/2024\/03\/DSC03189-scaled.jpg","datePublished":"2023-12-09T18:19:00+00:00","dateModified":"2025-08-20T20:45:17+00:00","description":"Arkadventures Kajak Reisen! - Bei jede tour ist der Transport, \u00dcbernachtungen und F\u00fchrung inbegriffen - Kleine Individuelle Gruppe F\u00fchrung","breadcrumb":{"@id":"https:\/\/arkadventures.ch\/kayak-ferien\/#breadcrumb"},"inLanguage":"en-GB","potentialAction":[{"@type":"ReadAction","target":["https:\/\/arkadventures.ch\/kayak-ferien\/"]}]},{"@type":"ImageObject","inLanguage":"en-GB","@id":"https:\/\/arkadventures.ch\/kayak-ferien\/#primaryimage","url":"https:\/\/arkadventures.ch\/wp-content\/uploads\/2024\/03\/DSC03189-scaled.jpg","contentUrl":"https:\/\/arkadventures.ch\/wp-content\/uploads\/2024\/03\/DSC03189-scaled.jpg","width":1707,"height":2560},{"@type":"BreadcrumbList","@id":"https:\/\/arkadventures.ch\/kayak-ferien\/#breadcrumb","itemListElement":[{"@type":"ListItem","position":1,"name":"Startseite","item":"https:\/\/arkadventures.ch\/"},{"@type":"ListItem","position":2,"name":"Kajakferien"}]},{"@type":"WebSite","@id":"https:\/\/arkadventures.ch\/#website","url":"https:\/\/arkadventures.ch\/","name":"Arkadventures","description":"Down the river with you","publisher":{"@id":"https:\/\/arkadventures.ch\/#organization"},"potentialAction":[{"@type":"SearchAction","target":{"@type":"EntryPoint","urlTemplate":"https:\/\/arkadventures.ch\/?s={search_term_string}"},"query-input":{"@type":"PropertyValueSpecification","valueRequired":true,"valueName":"search_term_string"}}],"inLanguage":"en-GB"},{"@type":"Organization","@id":"https:\/\/arkadventures.ch\/#organization","name":"Arkadventures kajakschule","url":"https:\/\/arkadventures.ch\/","logo":{"@type":"ImageObject","inLanguage":"en-GB","@id":"https:\/\/arkadventures.ch\/#\/schema\/logo\/image\/","url":"https:\/\/arkadventures.ch\/wp-content\/uploads\/2023\/12\/Arkadventures-2.png","contentUrl":"https:\/\/arkadventures.ch\/wp-content\/uploads\/2023\/12\/Arkadventures-2.png","width":1500,"height":1500,"caption":"Arkadventures kajakschule"},"image":{"@id":"https:\/\/arkadventures.ch\/#\/schema\/logo\/image\/"},"sameAs":["https:\/\/www.facebook.com\/profile.php?id=100088808866414&locale=de_DE"]}]}},"_links":{"self":[{"href":"https:\/\/arkadventures.ch\/en\/wp-json\/wp\/v2\/pages\/89","targetHints":{"allow":["GET"]}}],"collection":[{"href":"https:\/\/arkadventures.ch\/en\/wp-json\/wp\/v2\/pages"}],"about":[{"href":"https:\/\/arkadventures.ch\/en\/wp-json\/wp\/v2\/types\/page"}],"author":[{"embeddable":true,"href":"https:\/\/arkadventures.ch\/en\/wp-json\/wp\/v2\/users\/1"}],"replies":[{"embeddable":true,"href":"https:\/\/arkadventures.ch\/en\/wp-json\/wp\/v2\/comments?post=89"}],"version-history":[{"count":2,"href":"https:\/\/arkadventures.ch\/en\/wp-json\/wp\/v2\/pages\/89\/revisions"}],"predecessor-version":[{"id":3614,"href":"https:\/\/arkadventures.ch\/en\/wp-json\/wp\/v2\/pages\/89\/revisions\/3614"}],"wp:featuredmedia":[{"embeddable":true,"href":"https:\/\/arkadventures.ch\/en\/wp-json\/wp\/v2\/media\/1277"}],"wp:attachment":[{"href":"https:\/\/arkadventures.ch\/en\/wp-json\/wp\/v2\/media?parent=89"}],"curies":[{"name":"wp","href":"https:\/\/api.w.org\/{rel}","templated":true}]}}