{"id":81,"date":"2023-12-09T18:14:25","date_gmt":"2023-12-09T18:14:25","guid":{"rendered":"https:\/\/arkadventures.ch\/?page_id=81"},"modified":"2025-08-20T13:31:10","modified_gmt":"2025-08-20T13:31:10","slug":"aktivitaten","status":"publish","type":"page","link":"https:\/\/arkadventures.ch\/en\/aktivitaten\/","title":{"rendered":"Activities"},"content":{"rendered":"<p class=\"has-text-align-center\"><strong><mark style=\"background-color:rgba(0, 0, 0, 0)\" class=\"has-inline-color has-kenta-primary-color\">Choose your activity; there are options full-day paddling or a multi day kayaking course.<\/mark><\/strong><\/p>\n\n\n\n<div class=\"wp-block-kenta-blocks-cover alignfull kb-cover-93bacec4 kb-cover\" id=\"team\"><div class=\"kb-cover-inner-container\">\n<div class=\"wp-block-kenta-blocks-cover alignfull kb-cover-71c7ed37 kb-cover\" id=\"team\"><div class=\"kb-cover-inner-container\">\n<div class=\"wp-block-kenta-blocks-group kb-group-d6d46ad5 kb-group\"><div class=\"kb-group-inner-container\">\n<p class=\"has-text-align-center has-kenta-primary-color has-text-color has-link-color wp-elements-9c9f84ca5daca30cced3a948e4051012\" style=\"margin-top:0;margin-bottom:0;font-style:normal;font-weight:700;text-transform:uppercase\">Come and join!<\/p>\n\n\n\n<h1 class=\"wp-block-heading has-text-align-center has-kenta-font-large-font-size\" style=\"margin-top:0;margin-bottom:0\">Days out on the water and Kayaking Courses with Arkadventures Kayakschool<\/h1>\n\n\n\n<div class=\"wp-block-columns is-layout-flex wp-container-core-columns-is-layout-f196b389 wp-block-columns-is-layout-flex\" style=\"margin-top:0;margin-bottom:0;padding-top:var(--wp--preset--spacing--50);padding-bottom:var(--wp--preset--spacing--50)\">\n<div class=\"wp-block-column has-border-color has-kenta-base-200-border-color is-layout-flow wp-block-column-is-layout-flow\">\n<div class=\"wp-block-group has-kenta-base-background-color has-background has-global-padding is-layout-constrained wp-block-group-is-layout-constrained\" style=\"border-radius:24px\">\n<figure class=\"wp-block-image aligncenter size-full is-resized has-custom-border\"><img fetchpriority=\"high\" decoding=\"async\" width=\"800\" height=\"1200\" src=\"https:\/\/arkadventures.ch\/wp-content\/uploads\/2025\/07\/WhatsApp-Image-2025-07-20-at-10.15.13-scaled-e1753448501623.jpeg\" alt=\"KajakSchnuppertag auf der Aare in Bern.\" class=\"wp-image-3455\" style=\"border-top-left-radius:16px;border-top-right-radius:16px;border-bottom-left-radius:0px;border-bottom-right-radius:0px;width:296px;height:auto\"\/><\/figure>\n\n\n\n<div class=\"wp-block-group has-global-padding is-layout-constrained wp-container-core-group-is-layout-c7e4baee wp-block-group-is-layout-constrained\" style=\"padding-top:0;padding-right:var(--wp--preset--spacing--50);padding-bottom:var(--wp--preset--spacing--50);padding-left:var(--wp--preset--spacing--50)\">\n<h2 class=\"wp-block-heading has-text-align-center has-kenta-font-medium-font-size\" style=\"margin-top:0;margin-bottom:0\"><a href=\"https:\/\/arkadventures.ch\/en\/kajak-tages-kurs\/\">One day Kayaking Course day out<\/a><\/h2>\n\n\n\n<p class=\"has-text-align-center\"><a href=\"https:\/\/arkadventures.ch\/en\/kajak-tages-kurs\/\">More info<\/a><\/p>\n<\/div>\n<\/div>\n<\/div>\n\n\n\n<div class=\"wp-block-column has-border-color has-kenta-base-200-border-color is-layout-flow wp-block-column-is-layout-flow\">\n<div class=\"wp-block-group has-kenta-base-background-color has-background has-global-padding is-layout-constrained wp-block-group-is-layout-constrained\" style=\"border-radius:24px\">\n<figure class=\"wp-block-image aligncenter size-full is-resized has-custom-border\"><img decoding=\"async\" src=\"https:\/\/arkadventures.ch\/wp-content\/uploads\/2024\/10\/DSC05199-1-scaled.jpg\" alt=\"Zwei Tages Wildwasser kurs. Kajak Fahre fahrt duch die wellen auf der Rheinschlucht.\" class=\"wp-image-1807\" style=\"border-top-left-radius:16px;border-top-right-radius:16px;border-bottom-left-radius:0px;border-bottom-right-radius:0px;width:296px\"\/><\/figure>\n\n\n\n<div class=\"wp-block-group has-global-padding is-layout-constrained wp-container-core-group-is-layout-c7e4baee wp-block-group-is-layout-constrained\" style=\"padding-top:0;padding-right:var(--wp--preset--spacing--50);padding-bottom:var(--wp--preset--spacing--50);padding-left:var(--wp--preset--spacing--50)\">\n<h2 class=\"wp-block-heading has-text-align-center has-kenta-font-medium-font-size\" style=\"margin-top:0;margin-bottom:0\"><a data-type=\"page\" data-id=\"87\" href=\"https:\/\/arkadventures.ch\/en\/kajak-kurse\/\">2-4 Day Kayaking Course<\/a><\/h2>\n\n\n\n<p class=\"has-text-align-center\"><a href=\"https:\/\/arkadventures.ch\/en\/kajak-kurse\/\" data-type=\"page\" data-id=\"87\">More info<\/a><\/p>\n<\/div>\n<\/div>\n<\/div>\n<\/div>\n<\/div><\/div>\n\n\n\n<hr class=\"wp-block-kenta-blocks-separator kb-separator-d4796ebb kb-separator\"\/>\n\n\n\n<div class=\"wp-block-kenta-blocks-paragraph kb-paragraph kb-paragraph-e2122705 kenta-scroll-reveal\"><p class=\"\">`Down the river with you\u00b4<\/p><\/div>\n\n\n\n<div class=\"wp-block-kenta-blocks-heading kb-heading kb-heading-h2 kb-heading-47c6b178 kenta-scroll-reveal\"><h2 class=\"\">Arkadventures<\/h2><\/div>\n<\/div><\/div>\n<\/div><\/div>","protected":false},"excerpt":{"rendered":"<p>Choose your activity; there are options full-day paddling or a multi day kayaking course.<\/p>","protected":false},"author":1,"featured_media":3460,"parent":0,"menu_order":0,"comment_status":"closed","ping_status":"closed","template":"","meta":{"site-container-style":"default","site-container-layout":"default","site-sidebar-layout":"default","site-transparent-header":"default","disable-article-header":"default","disable-site-header":"default","disable-site-footer":"default","disable-content-area-spacing":"default","footnotes":""},"class_list":["post-81","page","type-page","status-publish","has-post-thumbnail","hentry"],"yoast_head":"<!-- This site is optimized with the Yoast SEO plugin v27.6 - https:\/\/yoast.com\/product\/yoast-seo-wordpress\/ -->\n<title>Aktivit\u00e4ten - ARKADVENTURES - Kajakschule Schweiz - Kajakkurs<\/title>\n<meta name=\"description\" content=\"Arkadventures Kajak kurse f\u00fcr Anf\u00e4nger - W\u00e4hlen zwischen Schnuppertagen auf dem wasser oder mehrt\u00e4gigen Kajak kurse\" \/>\n<meta name=\"robots\" content=\"index, follow, max-snippet:-1, max-image-preview:large, max-video-preview:-1\" \/>\n<link rel=\"canonical\" href=\"https:\/\/arkadventures.ch\/en\/aktivitaten\/\" \/>\n<meta property=\"og:locale\" content=\"en_GB\" \/>\n<meta property=\"og:type\" content=\"article\" \/>\n<meta property=\"og:title\" content=\"Aktivit\u00e4ten - ARKADVENTURES - Kajakschule Schweiz - Kajakkurs\" \/>\n<meta property=\"og:description\" content=\"Arkadventures Kajak kurse f\u00fcr Anf\u00e4nger - W\u00e4hlen zwischen Schnuppertagen auf dem wasser oder mehrt\u00e4gigen Kajak kurse\" \/>\n<meta property=\"og:url\" content=\"https:\/\/arkadventures.ch\/en\/aktivitaten\/\" \/>\n<meta property=\"og:site_name\" content=\"Arkadventures\" \/>\n<meta property=\"article:publisher\" content=\"https:\/\/www.facebook.com\/profile.php?id=100088808866414&amp;locale=de_DE\" \/>\n<meta property=\"article:modified_time\" content=\"2025-08-20T13:31:10+00:00\" \/>\n<meta property=\"og:image\" content=\"https:\/\/arkadventures.ch\/wp-content\/uploads\/2025\/07\/Design-ohne-Titel-2.jpg\" \/>\n\t<meta property=\"og:image:width\" content=\"2048\" \/>\n\t<meta property=\"og:image:height\" content=\"1365\" \/>\n\t<meta property=\"og:image:type\" content=\"image\/jpeg\" \/>\n<meta name=\"twitter:card\" content=\"summary_large_image\" \/>\n<meta name=\"twitter:label1\" content=\"Estimated reading time\" \/>\n\t<meta name=\"twitter:data1\" content=\"1 minute\" \/>\n<script type=\"application\/ld+json\" class=\"yoast-schema-graph\">{\"@context\":\"https:\\\/\\\/schema.org\",\"@graph\":[{\"@type\":\"WebPage\",\"@id\":\"https:\\\/\\\/arkadventures.ch\\\/aktivitaten\\\/\",\"url\":\"https:\\\/\\\/arkadventures.ch\\\/aktivitaten\\\/\",\"name\":\"Aktivit\u00e4ten - ARKADVENTURES - Kajakschule Schweiz - Kajakkurs\",\"isPartOf\":{\"@id\":\"https:\\\/\\\/arkadventures.ch\\\/#website\"},\"primaryImageOfPage\":{\"@id\":\"https:\\\/\\\/arkadventures.ch\\\/aktivitaten\\\/#primaryimage\"},\"image\":{\"@id\":\"https:\\\/\\\/arkadventures.ch\\\/aktivitaten\\\/#primaryimage\"},\"thumbnailUrl\":\"https:\\\/\\\/arkadventures.ch\\\/wp-content\\\/uploads\\\/2025\\\/07\\\/Design-ohne-Titel-2.jpg\",\"datePublished\":\"2023-12-09T18:14:25+00:00\",\"dateModified\":\"2025-08-20T13:31:10+00:00\",\"description\":\"Arkadventures Kajak kurse f\u00fcr Anf\u00e4nger - W\u00e4hlen zwischen Schnuppertagen auf dem wasser oder mehrt\u00e4gigen Kajak kurse\",\"breadcrumb\":{\"@id\":\"https:\\\/\\\/arkadventures.ch\\\/aktivitaten\\\/#breadcrumb\"},\"inLanguage\":\"en-GB\",\"potentialAction\":[{\"@type\":\"ReadAction\",\"target\":[\"https:\\\/\\\/arkadventures.ch\\\/aktivitaten\\\/\"]}]},{\"@type\":\"ImageObject\",\"inLanguage\":\"en-GB\",\"@id\":\"https:\\\/\\\/arkadventures.ch\\\/aktivitaten\\\/#primaryimage\",\"url\":\"https:\\\/\\\/arkadventures.ch\\\/wp-content\\\/uploads\\\/2025\\\/07\\\/Design-ohne-Titel-2.jpg\",\"contentUrl\":\"https:\\\/\\\/arkadventures.ch\\\/wp-content\\\/uploads\\\/2025\\\/07\\\/Design-ohne-Titel-2.jpg\",\"width\":2048,\"height\":1365,\"caption\":\"Kajak Kurs auf der Aare zwei Frauen sind am Paddeln Lernen\"},{\"@type\":\"BreadcrumbList\",\"@id\":\"https:\\\/\\\/arkadventures.ch\\\/aktivitaten\\\/#breadcrumb\",\"itemListElement\":[{\"@type\":\"ListItem\",\"position\":1,\"name\":\"Startseite\",\"item\":\"https:\\\/\\\/arkadventures.ch\\\/\"},{\"@type\":\"ListItem\",\"position\":2,\"name\":\"Aktivit\u00e4ten\"}]},{\"@type\":\"WebSite\",\"@id\":\"https:\\\/\\\/arkadventures.ch\\\/#website\",\"url\":\"https:\\\/\\\/arkadventures.ch\\\/\",\"name\":\"Arkadventures\",\"description\":\"Down the river with you\",\"publisher\":{\"@id\":\"https:\\\/\\\/arkadventures.ch\\\/#organization\"},\"potentialAction\":[{\"@type\":\"SearchAction\",\"target\":{\"@type\":\"EntryPoint\",\"urlTemplate\":\"https:\\\/\\\/arkadventures.ch\\\/?s={search_term_string}\"},\"query-input\":{\"@type\":\"PropertyValueSpecification\",\"valueRequired\":true,\"valueName\":\"search_term_string\"}}],\"inLanguage\":\"en-GB\"},{\"@type\":\"Organization\",\"@id\":\"https:\\\/\\\/arkadventures.ch\\\/#organization\",\"name\":\"Arkadventures kajakschule\",\"url\":\"https:\\\/\\\/arkadventures.ch\\\/\",\"logo\":{\"@type\":\"ImageObject\",\"inLanguage\":\"en-GB\",\"@id\":\"https:\\\/\\\/arkadventures.ch\\\/#\\\/schema\\\/logo\\\/image\\\/\",\"url\":\"https:\\\/\\\/arkadventures.ch\\\/wp-content\\\/uploads\\\/2023\\\/12\\\/Arkadventures-2.png\",\"contentUrl\":\"https:\\\/\\\/arkadventures.ch\\\/wp-content\\\/uploads\\\/2023\\\/12\\\/Arkadventures-2.png\",\"width\":1500,\"height\":1500,\"caption\":\"Arkadventures kajakschule\"},\"image\":{\"@id\":\"https:\\\/\\\/arkadventures.ch\\\/#\\\/schema\\\/logo\\\/image\\\/\"},\"sameAs\":[\"https:\\\/\\\/www.facebook.com\\\/profile.php?id=100088808866414&locale=de_DE\"]}]}<\/script>\n<!-- \/ Yoast SEO plugin. -->","yoast_head_json":{"title":"Aktivit\u00e4ten - ARKADVENTURES - Kajakschule Schweiz - Kajakkurs","description":"Arkadventures Kajak kurse f\u00fcr Anf\u00e4nger - W\u00e4hlen zwischen Schnuppertagen auf dem wasser oder mehrt\u00e4gigen Kajak kurse","robots":{"index":"index","follow":"follow","max-snippet":"max-snippet:-1","max-image-preview":"max-image-preview:large","max-video-preview":"max-video-preview:-1"},"canonical":"https:\/\/arkadventures.ch\/en\/aktivitaten\/","og_locale":"en_GB","og_type":"article","og_title":"Aktivit\u00e4ten - ARKADVENTURES - Kajakschule Schweiz - Kajakkurs","og_description":"Arkadventures Kajak kurse f\u00fcr Anf\u00e4nger - W\u00e4hlen zwischen Schnuppertagen auf dem wasser oder mehrt\u00e4gigen Kajak kurse","og_url":"https:\/\/arkadventures.ch\/en\/aktivitaten\/","og_site_name":"Arkadventures","article_publisher":"https:\/\/www.facebook.com\/profile.php?id=100088808866414&locale=de_DE","article_modified_time":"2025-08-20T13:31:10+00:00","og_image":[{"width":2048,"height":1365,"url":"https:\/\/arkadventures.ch\/wp-content\/uploads\/2025\/07\/Design-ohne-Titel-2.jpg","type":"image\/jpeg"}],"twitter_card":"summary_large_image","twitter_misc":{"Estimated reading time":"1 minute"},"schema":{"@context":"https:\/\/schema.org","@graph":[{"@type":"WebPage","@id":"https:\/\/arkadventures.ch\/aktivitaten\/","url":"https:\/\/arkadventures.ch\/aktivitaten\/","name":"Aktivit\u00e4ten - ARKADVENTURES - Kajakschule Schweiz - Kajakkurs","isPartOf":{"@id":"https:\/\/arkadventures.ch\/#website"},"primaryImageOfPage":{"@id":"https:\/\/arkadventures.ch\/aktivitaten\/#primaryimage"},"image":{"@id":"https:\/\/arkadventures.ch\/aktivitaten\/#primaryimage"},"thumbnailUrl":"https:\/\/arkadventures.ch\/wp-content\/uploads\/2025\/07\/Design-ohne-Titel-2.jpg","datePublished":"2023-12-09T18:14:25+00:00","dateModified":"2025-08-20T13:31:10+00:00","description":"Arkadventures Kajak kurse f\u00fcr Anf\u00e4nger - W\u00e4hlen zwischen Schnuppertagen auf dem wasser oder mehrt\u00e4gigen Kajak kurse","breadcrumb":{"@id":"https:\/\/arkadventures.ch\/aktivitaten\/#breadcrumb"},"inLanguage":"en-GB","potentialAction":[{"@type":"ReadAction","target":["https:\/\/arkadventures.ch\/aktivitaten\/"]}]},{"@type":"ImageObject","inLanguage":"en-GB","@id":"https:\/\/arkadventures.ch\/aktivitaten\/#primaryimage","url":"https:\/\/arkadventures.ch\/wp-content\/uploads\/2025\/07\/Design-ohne-Titel-2.jpg","contentUrl":"https:\/\/arkadventures.ch\/wp-content\/uploads\/2025\/07\/Design-ohne-Titel-2.jpg","width":2048,"height":1365,"caption":"Kajak Kurs auf der Aare zwei Frauen sind am Paddeln Lernen"},{"@type":"BreadcrumbList","@id":"https:\/\/arkadventures.ch\/aktivitaten\/#breadcrumb","itemListElement":[{"@type":"ListItem","position":1,"name":"Startseite","item":"https:\/\/arkadventures.ch\/"},{"@type":"ListItem","position":2,"name":"Aktivit\u00e4ten"}]},{"@type":"WebSite","@id":"https:\/\/arkadventures.ch\/#website","url":"https:\/\/arkadventures.ch\/","name":"Arkadventures","description":"Down the river with you","publisher":{"@id":"https:\/\/arkadventures.ch\/#organization"},"potentialAction":[{"@type":"SearchAction","target":{"@type":"EntryPoint","urlTemplate":"https:\/\/arkadventures.ch\/?s={search_term_string}"},"query-input":{"@type":"PropertyValueSpecification","valueRequired":true,"valueName":"search_term_string"}}],"inLanguage":"en-GB"},{"@type":"Organization","@id":"https:\/\/arkadventures.ch\/#organization","name":"Arkadventures kajakschule","url":"https:\/\/arkadventures.ch\/","logo":{"@type":"ImageObject","inLanguage":"en-GB","@id":"https:\/\/arkadventures.ch\/#\/schema\/logo\/image\/","url":"https:\/\/arkadventures.ch\/wp-content\/uploads\/2023\/12\/Arkadventures-2.png","contentUrl":"https:\/\/arkadventures.ch\/wp-content\/uploads\/2023\/12\/Arkadventures-2.png","width":1500,"height":1500,"caption":"Arkadventures kajakschule"},"image":{"@id":"https:\/\/arkadventures.ch\/#\/schema\/logo\/image\/"},"sameAs":["https:\/\/www.facebook.com\/profile.php?id=100088808866414&locale=de_DE"]}]}},"_links":{"self":[{"href":"https:\/\/arkadventures.ch\/en\/wp-json\/wp\/v2\/pages\/81","targetHints":{"allow":["GET"]}}],"collection":[{"href":"https:\/\/arkadventures.ch\/en\/wp-json\/wp\/v2\/pages"}],"about":[{"href":"https:\/\/arkadventures.ch\/en\/wp-json\/wp\/v2\/types\/page"}],"author":[{"embeddable":true,"href":"https:\/\/arkadventures.ch\/en\/wp-json\/wp\/v2\/users\/1"}],"replies":[{"embeddable":true,"href":"https:\/\/arkadventures.ch\/en\/wp-json\/wp\/v2\/comments?post=81"}],"version-history":[{"count":8,"href":"https:\/\/arkadventures.ch\/en\/wp-json\/wp\/v2\/pages\/81\/revisions"}],"predecessor-version":[{"id":3603,"href":"https:\/\/arkadventures.ch\/en\/wp-json\/wp\/v2\/pages\/81\/revisions\/3603"}],"wp:featuredmedia":[{"embeddable":true,"href":"https:\/\/arkadventures.ch\/en\/wp-json\/wp\/v2\/media\/3460"}],"wp:attachment":[{"href":"https:\/\/arkadventures.ch\/en\/wp-json\/wp\/v2\/media?parent=81"}],"curies":[{"name":"wp","href":"https:\/\/api.w.org\/{rel}","templated":true}]}}