{"id":737,"date":"2023-12-26T18:05:50","date_gmt":"2023-12-26T18:05:50","guid":{"rendered":"https:\/\/arkadventures.ch\/?page_id=737"},"modified":"2025-04-17T16:06:27","modified_gmt":"2025-04-17T16:06:27","slug":"craftynepali","status":"publish","type":"page","link":"https:\/\/arkadventures.ch\/en\/craftynepali\/","title":{"rendered":"Craftynepali"},"content":{"rendered":"<div class=\"wp-block-group alignfull has-kenta-base-background-color has-background has-global-padding is-layout-constrained wp-block-group-is-layout-constrained\" style=\"padding-top:var(--wp--preset--spacing--80);padding-bottom:var(--wp--preset--spacing--80)\">\n<div class=\"wp-block-media-text is-stacked-on-mobile\"><figure class=\"wp-block-media-text__media\"><img fetchpriority=\"high\" decoding=\"async\" width=\"724\" height=\"1024\" src=\"https:\/\/arkadventures.ch\/wp-content\/uploads\/2023\/12\/Handmade-Kayak-Necklace-1-724x1024.png\" alt=\"Kajak Halsketten \" class=\"wp-image-740 size-full\" srcset=\"https:\/\/arkadventures.ch\/wp-content\/uploads\/2023\/12\/Handmade-Kayak-Necklace-1-724x1024.png 724w, https:\/\/arkadventures.ch\/wp-content\/uploads\/2023\/12\/Handmade-Kayak-Necklace-1-212x300.png 212w, https:\/\/arkadventures.ch\/wp-content\/uploads\/2023\/12\/Handmade-Kayak-Necklace-1-768x1086.png 768w, https:\/\/arkadventures.ch\/wp-content\/uploads\/2023\/12\/Handmade-Kayak-Necklace-1-1086x1536.png 1086w, https:\/\/arkadventures.ch\/wp-content\/uploads\/2023\/12\/Handmade-Kayak-Necklace-1-1448x2048.png 1448w, https:\/\/arkadventures.ch\/wp-content\/uploads\/2023\/12\/Handmade-Kayak-Necklace-1-8x12.png 8w, https:\/\/arkadventures.ch\/wp-content\/uploads\/2023\/12\/Handmade-Kayak-Necklace-1.png 1587w\" sizes=\"(max-width: 724px) 100vw, 724px\" \/><\/figure><div class=\"wp-block-media-text__content\">\n<div class=\"wp-block-kenta-blocks-heading kb-heading kb-heading-h2 kb-heading-60316211\"><h2 class=\"\">Handmade <br>Kayak Necklaces<\/h2><\/div>\n\n\n\n<p>Have a look at the etsy-Shop with the wonderful handmade necklaces and Accessories. <\/p>\n\n\n\n<p>Handmade in Nepal, Its a great piece of jewellery for every kayaker!<\/p>\n\n\n\n<div class=\"wp-block-buttons is-layout-flex wp-block-buttons-is-layout-flex\">\n<div class=\"wp-block-button has-custom-font-size is-style-outline is-style-outline--1\" style=\"font-size:clamp(14px, 0.875rem + ((1vw - 3.2px) * 0.732), 20px);\"><a class=\"wp-block-button__link wp-element-button\" href=\"https:\/\/www.etsy.com\/uk\/listing\/1619335917\/hand-crafted-kayak-necklace-pendant-and?ga_order=most_relevant&amp;ga_search_type=all&amp;ga_view_type=gallery&amp;ga_search_query=kayak+necklace&amp;ref=sr_gallery-1-1&amp;organic_search_click=1\">craftynepali \u2013 Shop<\/a><\/div>\n<\/div>\n<\/div><\/div>\n<\/div>\n\n\n\n<figure class=\"wp-block-gallery has-nested-images columns-default is-cropped wp-block-gallery-2 is-layout-flex wp-block-gallery-is-layout-flex\">\n<figure class=\"wp-block-image size-large\"><img decoding=\"async\" width=\"960\" height=\"640\" data-id=\"751\" src=\"https:\/\/arkadventures.ch\/wp-content\/uploads\/2023\/12\/402529600_7456809820998929_7981360473725178899_n.jpeg\" alt=\"Kajak Halsketten \" class=\"wp-image-751\" srcset=\"https:\/\/arkadventures.ch\/wp-content\/uploads\/2023\/12\/402529600_7456809820998929_7981360473725178899_n.jpeg 960w, https:\/\/arkadventures.ch\/wp-content\/uploads\/2023\/12\/402529600_7456809820998929_7981360473725178899_n-300x200.jpeg 300w, https:\/\/arkadventures.ch\/wp-content\/uploads\/2023\/12\/402529600_7456809820998929_7981360473725178899_n-768x512.jpeg 768w, https:\/\/arkadventures.ch\/wp-content\/uploads\/2023\/12\/402529600_7456809820998929_7981360473725178899_n-18x12.jpeg 18w\" sizes=\"(max-width: 960px) 100vw, 960px\" \/><\/figure>\n\n\n\n<figure class=\"wp-block-image size-large\"><img decoding=\"async\" width=\"960\" height=\"640\" data-id=\"752\" src=\"https:\/\/arkadventures.ch\/wp-content\/uploads\/2023\/12\/402659051_7456810170998894_5239981325218677971_n.jpeg\" alt=\"Grosse Kajak halsketten \" class=\"wp-image-752\" srcset=\"https:\/\/arkadventures.ch\/wp-content\/uploads\/2023\/12\/402659051_7456810170998894_5239981325218677971_n.jpeg 960w, https:\/\/arkadventures.ch\/wp-content\/uploads\/2023\/12\/402659051_7456810170998894_5239981325218677971_n-300x200.jpeg 300w, https:\/\/arkadventures.ch\/wp-content\/uploads\/2023\/12\/402659051_7456810170998894_5239981325218677971_n-768x512.jpeg 768w, https:\/\/arkadventures.ch\/wp-content\/uploads\/2023\/12\/402659051_7456810170998894_5239981325218677971_n-18x12.jpeg 18w\" sizes=\"(max-width: 960px) 100vw, 960px\" \/><\/figure>\n\n\n\n<figure class=\"wp-block-image size-large\"><img loading=\"lazy\" decoding=\"async\" width=\"960\" height=\"640\" data-id=\"750\" src=\"https:\/\/arkadventures.ch\/wp-content\/uploads\/2023\/12\/402469353_7456809410998970_1845585841070128665_n.jpeg\" alt=\"Kayak Key Chains\" class=\"wp-image-750\" srcset=\"https:\/\/arkadventures.ch\/wp-content\/uploads\/2023\/12\/402469353_7456809410998970_1845585841070128665_n.jpeg 960w, https:\/\/arkadventures.ch\/wp-content\/uploads\/2023\/12\/402469353_7456809410998970_1845585841070128665_n-300x200.jpeg 300w, https:\/\/arkadventures.ch\/wp-content\/uploads\/2023\/12\/402469353_7456809410998970_1845585841070128665_n-768x512.jpeg 768w, https:\/\/arkadventures.ch\/wp-content\/uploads\/2023\/12\/402469353_7456809410998970_1845585841070128665_n-18x12.jpeg 18w\" sizes=\"(max-width: 960px) 100vw, 960px\" \/><\/figure>\n\n\n\n<figure class=\"wp-block-image size-large\"><img loading=\"lazy\" decoding=\"async\" width=\"960\" height=\"640\" data-id=\"748\" src=\"https:\/\/arkadventures.ch\/wp-content\/uploads\/2023\/12\/402393155_7456808820999029_3344823041994347183_n.jpeg\" alt=\"Handgemachte Kajak Halsketten\" class=\"wp-image-748\" srcset=\"https:\/\/arkadventures.ch\/wp-content\/uploads\/2023\/12\/402393155_7456808820999029_3344823041994347183_n.jpeg 960w, https:\/\/arkadventures.ch\/wp-content\/uploads\/2023\/12\/402393155_7456808820999029_3344823041994347183_n-300x200.jpeg 300w, https:\/\/arkadventures.ch\/wp-content\/uploads\/2023\/12\/402393155_7456808820999029_3344823041994347183_n-768x512.jpeg 768w, https:\/\/arkadventures.ch\/wp-content\/uploads\/2023\/12\/402393155_7456808820999029_3344823041994347183_n-18x12.jpeg 18w\" sizes=\"(max-width: 960px) 100vw, 960px\" \/><\/figure>\n<\/figure>\n\n\n\n<div class=\"wp-block-buttons is-content-justification-center is-layout-flex wp-container-core-buttons-is-layout-a89b3969 wp-block-buttons-is-layout-flex\">\n<div class=\"wp-block-button\"><a class=\"wp-block-button__link wp-element-button\" href=\"https:\/\/www.etsy.com\/uk\/listing\/1619335917\/hand-crafted-kayak-necklace-pendant-and?ga_order=most_relevant&amp;ga_search_type=all&amp;ga_view_type=gallery&amp;ga_search_query=kayak+necklace&amp;ref=sr_gallery-1-1&amp;organic_search_click=1\">Etsy. Shop<\/a><\/div>\n<\/div>","protected":false},"excerpt":{"rendered":"<p>Schau dir unseren Etsy-Shop an, mit einer wundersch\u00f6nen Auswahl an handgemachten Kayak-Halsketten und Accessoires. Handgefertigt in Nepal, ein wundersch\u00f6nes Schmuckst\u00fcck f\u00fcr jeden Kajakfahrer!<\/p>","protected":false},"author":1,"featured_media":748,"parent":0,"menu_order":0,"comment_status":"closed","ping_status":"closed","template":"","meta":{"site-container-style":"default","site-container-layout":"default","site-sidebar-layout":"default","site-transparent-header":"default","disable-article-header":"default","disable-site-header":"default","disable-site-footer":"default","disable-content-area-spacing":"default","footnotes":""},"class_list":["post-737","page","type-page","status-publish","has-post-thumbnail","hentry"],"yoast_head":"<!-- This site is optimized with the Yoast SEO plugin v27.6 - https:\/\/yoast.com\/product\/yoast-seo-wordpress\/ -->\n<title>Craftynepali - Arkadventures - Kajak Halsketten - Etsyshop - Handgefertigt in Nepal<\/title>\n<meta name=\"description\" content=\"Schau dir unseren Etsy-Shop an, mit einer wundersch\u00f6nen Auswahl an handgemachten Kayak-Halsketten und Accessoires.\" \/>\n<meta name=\"robots\" content=\"index, follow, max-snippet:-1, max-image-preview:large, max-video-preview:-1\" \/>\n<link rel=\"canonical\" href=\"https:\/\/arkadventures.ch\/en\/craftynepali\/\" \/>\n<meta property=\"og:locale\" content=\"en_GB\" \/>\n<meta property=\"og:type\" content=\"article\" \/>\n<meta property=\"og:title\" content=\"Craftynepali - Arkadventures - Kajak Halsketten - Etsyshop - Handgefertigt in Nepal\" \/>\n<meta property=\"og:description\" content=\"Schau dir unseren Etsy-Shop an, mit einer wundersch\u00f6nen Auswahl an handgemachten Kayak-Halsketten und Accessoires.\" \/>\n<meta property=\"og:url\" content=\"https:\/\/arkadventures.ch\/en\/craftynepali\/\" \/>\n<meta property=\"og:site_name\" content=\"Arkadventures\" \/>\n<meta property=\"article:publisher\" content=\"https:\/\/www.facebook.com\/profile.php?id=100088808866414&amp;locale=de_DE\" \/>\n<meta property=\"article:modified_time\" content=\"2025-04-17T16:06:27+00:00\" \/>\n<meta property=\"og:image\" content=\"https:\/\/arkadventures.ch\/wp-content\/uploads\/2023\/12\/402393155_7456808820999029_3344823041994347183_n.jpeg\" \/>\n\t<meta property=\"og:image:width\" content=\"960\" \/>\n\t<meta property=\"og:image:height\" content=\"640\" \/>\n\t<meta property=\"og:image:type\" content=\"image\/jpeg\" \/>\n<meta name=\"twitter:card\" content=\"summary_large_image\" \/>\n<meta name=\"twitter:label1\" content=\"Estimated reading time\" \/>\n\t<meta name=\"twitter:data1\" content=\"2 minutes\" \/>\n<script type=\"application\/ld+json\" class=\"yoast-schema-graph\">{\"@context\":\"https:\\\/\\\/schema.org\",\"@graph\":[{\"@type\":\"WebPage\",\"@id\":\"https:\\\/\\\/arkadventures.ch\\\/craftynepali\\\/\",\"url\":\"https:\\\/\\\/arkadventures.ch\\\/craftynepali\\\/\",\"name\":\"Craftynepali - Arkadventures - Kajak Halsketten - Etsyshop - Handgefertigt in Nepal\",\"isPartOf\":{\"@id\":\"https:\\\/\\\/arkadventures.ch\\\/#website\"},\"primaryImageOfPage\":{\"@id\":\"https:\\\/\\\/arkadventures.ch\\\/craftynepali\\\/#primaryimage\"},\"image\":{\"@id\":\"https:\\\/\\\/arkadventures.ch\\\/craftynepali\\\/#primaryimage\"},\"thumbnailUrl\":\"https:\\\/\\\/arkadventures.ch\\\/wp-content\\\/uploads\\\/2023\\\/12\\\/402393155_7456808820999029_3344823041994347183_n.jpeg\",\"datePublished\":\"2023-12-26T18:05:50+00:00\",\"dateModified\":\"2025-04-17T16:06:27+00:00\",\"description\":\"Schau dir unseren Etsy-Shop an, mit einer wundersch\u00f6nen Auswahl an handgemachten Kayak-Halsketten und Accessoires.\",\"breadcrumb\":{\"@id\":\"https:\\\/\\\/arkadventures.ch\\\/craftynepali\\\/#breadcrumb\"},\"inLanguage\":\"en-GB\",\"potentialAction\":[{\"@type\":\"ReadAction\",\"target\":[\"https:\\\/\\\/arkadventures.ch\\\/craftynepali\\\/\"]}]},{\"@type\":\"ImageObject\",\"inLanguage\":\"en-GB\",\"@id\":\"https:\\\/\\\/arkadventures.ch\\\/craftynepali\\\/#primaryimage\",\"url\":\"https:\\\/\\\/arkadventures.ch\\\/wp-content\\\/uploads\\\/2023\\\/12\\\/402393155_7456808820999029_3344823041994347183_n.jpeg\",\"contentUrl\":\"https:\\\/\\\/arkadventures.ch\\\/wp-content\\\/uploads\\\/2023\\\/12\\\/402393155_7456808820999029_3344823041994347183_n.jpeg\",\"width\":960,\"height\":640},{\"@type\":\"BreadcrumbList\",\"@id\":\"https:\\\/\\\/arkadventures.ch\\\/craftynepali\\\/#breadcrumb\",\"itemListElement\":[{\"@type\":\"ListItem\",\"position\":1,\"name\":\"Startseite\",\"item\":\"https:\\\/\\\/arkadventures.ch\\\/\"},{\"@type\":\"ListItem\",\"position\":2,\"name\":\"Craftynepali\"}]},{\"@type\":\"WebSite\",\"@id\":\"https:\\\/\\\/arkadventures.ch\\\/#website\",\"url\":\"https:\\\/\\\/arkadventures.ch\\\/\",\"name\":\"Arkadventures\",\"description\":\"Down the river with you\",\"publisher\":{\"@id\":\"https:\\\/\\\/arkadventures.ch\\\/#organization\"},\"potentialAction\":[{\"@type\":\"SearchAction\",\"target\":{\"@type\":\"EntryPoint\",\"urlTemplate\":\"https:\\\/\\\/arkadventures.ch\\\/?s={search_term_string}\"},\"query-input\":{\"@type\":\"PropertyValueSpecification\",\"valueRequired\":true,\"valueName\":\"search_term_string\"}}],\"inLanguage\":\"en-GB\"},{\"@type\":\"Organization\",\"@id\":\"https:\\\/\\\/arkadventures.ch\\\/#organization\",\"name\":\"Arkadventures kajakschule\",\"url\":\"https:\\\/\\\/arkadventures.ch\\\/\",\"logo\":{\"@type\":\"ImageObject\",\"inLanguage\":\"en-GB\",\"@id\":\"https:\\\/\\\/arkadventures.ch\\\/#\\\/schema\\\/logo\\\/image\\\/\",\"url\":\"https:\\\/\\\/arkadventures.ch\\\/wp-content\\\/uploads\\\/2023\\\/12\\\/Arkadventures-2.png\",\"contentUrl\":\"https:\\\/\\\/arkadventures.ch\\\/wp-content\\\/uploads\\\/2023\\\/12\\\/Arkadventures-2.png\",\"width\":1500,\"height\":1500,\"caption\":\"Arkadventures kajakschule\"},\"image\":{\"@id\":\"https:\\\/\\\/arkadventures.ch\\\/#\\\/schema\\\/logo\\\/image\\\/\"},\"sameAs\":[\"https:\\\/\\\/www.facebook.com\\\/profile.php?id=100088808866414&locale=de_DE\"]}]}<\/script>\n<!-- \/ Yoast SEO plugin. -->","yoast_head_json":{"title":"Craftynepali - Arkadventures - Kajak Halsketten - Etsyshop - Handgefertigt in Nepal","description":"Have a look at the etsy-Shop with the wonderful handmade necklaces and Accessories.","robots":{"index":"index","follow":"follow","max-snippet":"max-snippet:-1","max-image-preview":"max-image-preview:large","max-video-preview":"max-video-preview:-1"},"canonical":"https:\/\/arkadventures.ch\/en\/craftynepali\/","og_locale":"en_GB","og_type":"article","og_title":"Craftynepali - Arkadventures - Kajak Halsketten - Etsyshop - Handgefertigt in Nepal","og_description":"Schau dir unseren Etsy-Shop an, mit einer wundersch\u00f6nen Auswahl an handgemachten Kayak-Halsketten und Accessoires.","og_url":"https:\/\/arkadventures.ch\/en\/craftynepali\/","og_site_name":"Arkadventures","article_publisher":"https:\/\/www.facebook.com\/profile.php?id=100088808866414&locale=de_DE","article_modified_time":"2025-04-17T16:06:27+00:00","og_image":[{"width":960,"height":640,"url":"https:\/\/arkadventures.ch\/wp-content\/uploads\/2023\/12\/402393155_7456808820999029_3344823041994347183_n.jpeg","type":"image\/jpeg"}],"twitter_card":"summary_large_image","twitter_misc":{"Estimated reading time":"2 minutes"},"schema":{"@context":"https:\/\/schema.org","@graph":[{"@type":"WebPage","@id":"https:\/\/arkadventures.ch\/craftynepali\/","url":"https:\/\/arkadventures.ch\/craftynepali\/","name":"Craftynepali - Arkadventures - Kajak Halsketten - Etsyshop - Handgefertigt in Nepal","isPartOf":{"@id":"https:\/\/arkadventures.ch\/#website"},"primaryImageOfPage":{"@id":"https:\/\/arkadventures.ch\/craftynepali\/#primaryimage"},"image":{"@id":"https:\/\/arkadventures.ch\/craftynepali\/#primaryimage"},"thumbnailUrl":"https:\/\/arkadventures.ch\/wp-content\/uploads\/2023\/12\/402393155_7456808820999029_3344823041994347183_n.jpeg","datePublished":"2023-12-26T18:05:50+00:00","dateModified":"2025-04-17T16:06:27+00:00","description":"Have a look at the etsy-Shop with the wonderful handmade necklaces and Accessories.","breadcrumb":{"@id":"https:\/\/arkadventures.ch\/craftynepali\/#breadcrumb"},"inLanguage":"en-GB","potentialAction":[{"@type":"ReadAction","target":["https:\/\/arkadventures.ch\/craftynepali\/"]}]},{"@type":"ImageObject","inLanguage":"en-GB","@id":"https:\/\/arkadventures.ch\/craftynepali\/#primaryimage","url":"https:\/\/arkadventures.ch\/wp-content\/uploads\/2023\/12\/402393155_7456808820999029_3344823041994347183_n.jpeg","contentUrl":"https:\/\/arkadventures.ch\/wp-content\/uploads\/2023\/12\/402393155_7456808820999029_3344823041994347183_n.jpeg","width":960,"height":640},{"@type":"BreadcrumbList","@id":"https:\/\/arkadventures.ch\/craftynepali\/#breadcrumb","itemListElement":[{"@type":"ListItem","position":1,"name":"Startseite","item":"https:\/\/arkadventures.ch\/"},{"@type":"ListItem","position":2,"name":"Craftynepali"}]},{"@type":"WebSite","@id":"https:\/\/arkadventures.ch\/#website","url":"https:\/\/arkadventures.ch\/","name":"Arkadventures","description":"Down the river with you","publisher":{"@id":"https:\/\/arkadventures.ch\/#organization"},"potentialAction":[{"@type":"SearchAction","target":{"@type":"EntryPoint","urlTemplate":"https:\/\/arkadventures.ch\/?s={search_term_string}"},"query-input":{"@type":"PropertyValueSpecification","valueRequired":true,"valueName":"search_term_string"}}],"inLanguage":"en-GB"},{"@type":"Organization","@id":"https:\/\/arkadventures.ch\/#organization","name":"Arkadventures kajakschule","url":"https:\/\/arkadventures.ch\/","logo":{"@type":"ImageObject","inLanguage":"en-GB","@id":"https:\/\/arkadventures.ch\/#\/schema\/logo\/image\/","url":"https:\/\/arkadventures.ch\/wp-content\/uploads\/2023\/12\/Arkadventures-2.png","contentUrl":"https:\/\/arkadventures.ch\/wp-content\/uploads\/2023\/12\/Arkadventures-2.png","width":1500,"height":1500,"caption":"Arkadventures kajakschule"},"image":{"@id":"https:\/\/arkadventures.ch\/#\/schema\/logo\/image\/"},"sameAs":["https:\/\/www.facebook.com\/profile.php?id=100088808866414&locale=de_DE"]}]}},"_links":{"self":[{"href":"https:\/\/arkadventures.ch\/en\/wp-json\/wp\/v2\/pages\/737","targetHints":{"allow":["GET"]}}],"collection":[{"href":"https:\/\/arkadventures.ch\/en\/wp-json\/wp\/v2\/pages"}],"about":[{"href":"https:\/\/arkadventures.ch\/en\/wp-json\/wp\/v2\/types\/page"}],"author":[{"embeddable":true,"href":"https:\/\/arkadventures.ch\/en\/wp-json\/wp\/v2\/users\/1"}],"replies":[{"embeddable":true,"href":"https:\/\/arkadventures.ch\/en\/wp-json\/wp\/v2\/comments?post=737"}],"version-history":[{"count":0,"href":"https:\/\/arkadventures.ch\/en\/wp-json\/wp\/v2\/pages\/737\/revisions"}],"wp:featuredmedia":[{"embeddable":true,"href":"https:\/\/arkadventures.ch\/en\/wp-json\/wp\/v2\/media\/748"}],"wp:attachment":[{"href":"https:\/\/arkadventures.ch\/en\/wp-json\/wp\/v2\/media?parent=737"}],"curies":[{"name":"wp","href":"https:\/\/api.w.org\/{rel}","templated":true}]}}