{"id":698,"date":"2023-12-23T12:10:59","date_gmt":"2023-12-23T12:10:59","guid":{"rendered":"https:\/\/arkadventures.ch\/?page_id=698"},"modified":"2025-01-28T20:27:20","modified_gmt":"2025-01-28T20:27:20","slug":"agb","status":"publish","type":"page","link":"https:\/\/arkadventures.ch\/en\/agb\/","title":{"rendered":"T&amp;C'S"},"content":{"rendered":"<p><strong>(For English Please Scroll Down)<\/strong><\/p>\n\n\n\n<p>Arkadventures f\u00fchrt kayak Kursen &#8211; Wildwasser touren &#8211; Aktivit\u00e4ten aufs Wasser im eigenen Namen und in eigener Verantwortung durch.<\/p>\n\n\n\n<p>1. <strong>Anmeldung<\/strong><\/p>\n\n\n\n<p>Die Anmeldung erfolgt direkt beim Arkadventures. Durch die Anmeldung erkennt der Kunde die allgemeinen Vertragsbedingungen als Bestandteil des Vertrages zwischen ihm und Arkadventures an.<\/p>\n\n\n\n<p>Teilnahme Bedingungen <\/p>\n\n\n\n<ol class=\"wp-block-list\">\n<li>Du kannst schwimmen.<\/li>\n\n\n\n<li>Du bist nicht schwanger.<\/li>\n\n\n\n<li>Du hast eine normale gesundheitliche Verfassung.<\/li>\n\n\n\n<li>Du stehst nicht unter dem Einfluss von Alkohol (0 \u2030), Drogen und Medikamenten.<\/li>\n\n\n\n<li>Das Maximalalter richtet sich nach der allgemeinen k\u00f6rperlichen Fitness.<\/li>\n\n\n\n<li>Das Mindestalter f\u00fcr eine Teilnahme liegt bei Acht Jahren und erfordert die Begleitung durch eine erwachsene Bezugsperson <strong>oder wenn es nicht m\u00f6glich ist, einen Elternteil dabei zu haben, ist die Zustimmung der Eltern erforderlich, f\u00fcr alle unter 18 Jahren.<\/strong><\/li>\n<\/ol>\n\n\n\n<p>2. Zahlungsbedingungen<\/p>\n\n\n\n<p>2.1  Online Zahlungs M\u00f6glichkeiten sind auf die website(Kredit\/Debit karte) oder auf Rechnung zahlen. Nach erfolgte Buchung, wenn du dich entscheidest, per Rechnung zu bezahlen, muss der Betrag sp\u00e4testens 10 Tage nach der urspr\u00fcnglichen Buchung bezahlt werden. Kurzfristigen Anmeldungen hat die Zahlung von 100% von denn Preis bei Aktivit\u00e4tsbeginn zu erfolgen. <\/p>\n\n\n\n<p>2.2 F\u00fcr Kajak Ferien Buchungen muss mindestens ein Monat vor der Tour der volle Betrag bezahlt sein.<\/p>\n\n\n\n<figure class=\"wp-block-table\"><table><tbody><tr><td>nach Buchungsbest\u00e4tigung<\/td><td>50 % des Rechnungsbetrages<\/td><\/tr><\/tbody><\/table><\/figure>\n\n\n\n<p>3. R\u00fccktritt durch den Teilnehmer vor Aktivit\u00e4tsbeginn<\/p>\n\n\n\n<p>Der R\u00fccktritt muss schriftlich erfolgen. Zur Berechnung der Annullierungskosten ist das Eintreffen der Mitteilung (bei Sonn- und allg. Feiertagen der n\u00e4chste Werktag) beim Veranstalter massgebend:<\/p>\n\n\n\n<ol class=\"wp-block-list\">\n<li>bis 30 Tage vor Aktivit\u00e4tsbeginn 0 %<\/li>\n\n\n\n<li>bis 14 Tage vor Aktivit\u00e4tsbeginn 30 %<\/li>\n\n\n\n<li>bis 7 Tage vor Aktivit\u00e4tsbeginn 50 %<\/li>\n\n\n\n<li>6 &#8211; 3 Tage vor Aktivit\u00e4tsbeginn 75 %<\/li>\n\n\n\n<li>2 &#8211; 0 Tag\/e vor Aktivit\u00e4tsbeginn 100 %<\/li>\n<\/ol>\n\n\n\n<p>Kann der Teilnehmer infolge versp\u00e4teten Erscheinens nicht mehr an der Aktivit\u00e4t teilnehmen oder muss sie aus diesem Grunde abgesagt werden, oder kann der Kunde infolge der Versp\u00e4tung nur noch in einem beschr\u00e4nkten Umfang teilnehmen, erfolgt keine R\u00fcckerstattung.<\/p>\n\n\n\n<p>4. R\u00fccktritt durch den Veranstalter<\/p>\n\n\n\n<p>4.1 Mindestteilnehmerzahl<\/p>\n\n\n\n<p>Besteht bei einer Aktivit\u00e4t eine Mindestteilnehmerzahl und wird diese nicht erreicht, kann der Veranstalter die Aktivit\u00e4t bis 1 Tag vor Beginn entsch\u00e4digungslos absagen. Wir werden immer versuchen, die Aktivit\u00e4t oder den Kurs durchzuf\u00fchren. Das kann bedeuten, dass, falls die Mindestteilnehmerzahl nicht erreicht wird, die Veranstaltung gemeinsam mit einer anderen Firma durchgef\u00fchrt wird, die noch freie Pl\u00e4tze hat. Falls M\u00f6glich.<\/p>\n\n\n\n<p>4.2 Absage vor Aktivit\u00e4tsbeginn<\/p>\n\n\n\n<p>Der Veranstalter kann die Aktivit\u00e4t absagen, wenn Teilnehmer durch Handlungen und Unterlassungen dazu berechtigten Anlass geben. Sollten die Wetter- und Naturverh\u00e4ltnisse,Hoch- oder Niedrigwasser, Krankheit\/Unfall eines Guides, beh\u00f6rdliche Massnahmen, h\u00f6here Gewalt, Sicherheits- oder andere Gr\u00fcnde, die Aktivit\u00e4t erheblich erschweren, gef\u00e4hrden oder verunm\u00f6glichen, kann der Veranstalter die Aktivit\u00e4t absagen. Der bezahlte Preis wird zur\u00fcckerstattet.<\/p>\n\n\n\n<p><\/p>\n\n\n\n<p>Abbruch der Aktivit\u00e4t durch den Kunden:<\/p>\n\n\n\n<p>Bricht der Teilnehmer die Aktivit\u00e4t ab oder verl\u00e4sst er sie vorzeitig, erfolgt keine R\u00fcckerstattung. Allf\u00e4llige Zusatzkosten gehen zu Lasten des Kunden.<\/p>\n\n\n\n<p>5. Teilnahmebedingungen<\/p>\n\n\n\n<p>Bei allen Aktivit\u00e4ten wird eine gute Gesundheit vorausgesetzt. Die Teilnehmer verpflichten sich, den Veranstalter \u00fcber allf\u00e4llige gesundheitliche Probleme aufzukl\u00e4ren. Folgende Gesundheitszust\u00e4nde schliessen eine Teilnahme an Aktivit\u00e4ten grunds\u00e4tzlich aus: Schwangerschaft, Bluthochdruck, Herzbeschwerden, Epilepsie, Augenoperationen, erh\u00f6htes Risiko im Herz-Kreislauf-System, Sch\u00e4den im Bewegungsapparat, neurologische Beschwerden, chronische Ohrenkrankheiten und Gleichgewichtsst\u00f6rungen. Nur wenn der Teilnehmer ein \u00e4rztliches Attest vorlegt, in welchem best\u00e4tigt wird, dass die gesundheitlichen Probleme des Teilnehmers keinen Einfluss auf die Teilnahme an der geplanten Aktivit\u00e4t haben, ist eine Teilnahme m\u00f6glich. Teilnehmer d\u00fcrfen unter keinen Umst\u00e4nden unter Drogen-, Alkoholeinfluss oder unter Psychopharmaka und dergleichen stehen. Das Mindestalter f\u00fcr eine Teilnahme liegt bei Acht Jahren und erfordert die Begleitung durch eine erwachsene Bezugsperson. Das Maximalalter richtet sich nach der allgemeinen k\u00f6rperlichen Fitness. Arkadventures beh\u00e4lt sich das Recht vor, falls die Voraussetzungen f\u00fcr das Aktivit\u00e4t\/Kurs nicht erf\u00fchlt sind, einzelne Teilnehmende auszuschliessen oder einen Aktivit\u00e4t\/Kurs abzusagen.<br>Wurden die Voraussetzungen nicht eingehalten, besteht kein Recht auf R\u00fcckerstattung.<\/p>\n\n\n\n<p>6. Versicherung<\/p>\n\n\n\n<p>Die Teilnehmer sind durch den Veranstalter nicht versichert. Jeder Teilnehmer ist f\u00fcr einen gen\u00fcgenden Kranken- und Unfallversicherungsschutz (einschliesslich Sportunf\u00e4lle) (inkl. Rettung und R\u00fccktransport)selbst verantwortlich. <\/p>\n\n\n\n<p>7. Anwendbares Recht<\/p>\n\n\n\n<p>Schweizerisches Recht ist anwendbar. <\/p>\n\n\n\n<p><\/p>\n\n\n\n<h2 class=\"wp-block-heading\">English<\/h2>\n\n\n\n<p>Arkadventures offers kayak courses, whitewater tours, and water-based activities  in its own name and under its own responsibility.<\/p>\n\n\n\n<h3 class=\"wp-block-heading\">1. Registration<\/h3>\n\n\n\n<p>Registration is made directly with Arkadventures. By registering, the customer accepts the general terms and conditions as part of the contract between themselves and Arkadventures.<\/p>\n\n\n\n<h3 class=\"wp-block-heading\">Participation Requirements<\/h3>\n\n\n\n<ul class=\"wp-block-list\">\n<li>You can swim.<\/li>\n\n\n\n<li>You are not pregnant.<\/li>\n\n\n\n<li>You are in normal health.<\/li>\n\n\n\n<li>You are not under the influence of alcohol (0 \u2030), drugs, or medication.<\/li>\n\n\n\n<li>Maximum age depends on overall physical fitness.<\/li>\n\n\n\n<li>Minimum age for participation is eight years and requires the presence of an adult guardian. If an adult guardian cannot be present, parental consent is required for all participants under 18.<\/li>\n<\/ul>\n\n\n\n<h3 class=\"wp-block-heading\">2. Payment Terms<\/h3>\n\n\n\n<h4 class=\"wp-block-heading\">2.1 Online Payment<\/h4>\n\n\n\n<p>Payment options include online methods (credit\/debit card) or payment by invoice. After booking, if you choose to pay by invoice, the amount must be paid no later than 10 days after the original booking date. For last-minute registrations, 100% of the price must be paid at the start of the activity.<\/p>\n\n\n\n<h4 class=\"wp-block-heading\">2.2 For Kayak Vacation Bookings<\/h4>\n\n\n\n<p>Full payment must be made at least one month before the tour date.<\/p>\n\n\n\n<p>After booking confirmation: 50% of the invoice amount.<\/p>\n\n\n\n<h3 class=\"wp-block-heading\">3. Cancellation by the Participant Before the Activity Begins<\/h3>\n\n\n\n<p>The cancellation must be submitted in writing. The date of receipt (next business day in case of Sundays and holidays) by the organizer is decisive for the calculation of cancellation fees:<\/p>\n\n\n\n<ul class=\"wp-block-list\">\n<li>Up to 30 days before activity start: 0%<\/li>\n\n\n\n<li>Up to 14 days before activity start: 30%<\/li>\n\n\n\n<li>Up to 7 days before activity start: 50%<\/li>\n\n\n\n<li>6\u20133 days before activity start: 75%<\/li>\n\n\n\n<li>2\u20130 days before activity start: 100%<\/li>\n<\/ul>\n\n\n\n<p>If the participant is late and cannot join the activity, or if the activity is canceled as a result, or if the delay allows only limited participation, no refund will be granted.<\/p>\n\n\n\n<h3 class=\"wp-block-heading\">4. Cancellation by the Organizer<\/h3>\n\n\n\n<h4 class=\"wp-block-heading\">4.1 Minimum Number of Participants<\/h4>\n\n\n\n<p>If an activity requires a minimum number of participants and this number is not reached, the organizer may cancel the activity without compensation up to 1 day before the start. Efforts will always be made to conduct the activity or course. This may mean, if the minimum number is not reached, that the activity will be carried out jointly with another company that has available spots, if possible.<\/p>\n\n\n\n<h4 class=\"wp-block-heading\">4.2 Cancellation Before the Activity Starts<\/h4>\n\n\n\n<p>The organizer may cancel the activity if participants&#8216; actions or omissions provide a justified reason to do so. The organizer may also cancel if weather, natural conditions, high or low water levels, illness\/injury of a guide, official measures, force majeure, safety, or other reasons significantly hinder, endanger, or prevent the activity. The paid price will be refunded.<\/p>\n\n\n\n<h4 class=\"wp-block-heading\">Customer&#8217;s Early Termination of the Activity<\/h4>\n\n\n\n<p>If a participant terminates the activity or leaves it early, no refund will be given. Any additional costs are the responsibility of the customer.<\/p>\n\n\n\n<h3 class=\"wp-block-heading\">5. Participation Conditions<\/h3>\n\n\n\n<p>Good health is a prerequisite for all activities. Participants must inform the organizer of any health issues. The following health conditions generally exclude participation: pregnancy, high blood pressure, heart problems, epilepsy, recent eye surgery, high cardiovascular risk, musculoskeletal issues, neurological disorders, chronic ear diseases, and balance disorders. Only with a medical certificate confirming that the participant&#8217;s health condition does not affect participation will they be allowed to join. Participants may under no circumstances be under the influence of drugs, alcohol, psychotropic drugs, or similar substances. The minimum age for participation is eight years, requiring the presence of an adult guardian. Maximum age depends on general physical fitness. Arkadventures reserves the right to exclude individuals or cancel an activity\/course if participation conditions are not met. If these requirements are not met, no refund will be given.<\/p>\n\n\n\n<h3 class=\"wp-block-heading\">6. Insurance<\/h3>\n\n\n\n<p>The organizer does not provide insurance for participants. Each participant is responsible for their own adequate health and accident insurance (including sports-related accidents and rescue and repatriation costs).<\/p>\n\n\n\n<h3 class=\"wp-block-heading\">7. Applicable Law<\/h3>\n\n\n\n<p>Swiss law applies.<\/p>\n\n\n\n<p><\/p>\n\n\n\n<p>\u200b<\/p>\n\n\n\n<p>\u200b<\/p>","protected":false},"excerpt":{"rendered":"<p>(For English Please Scroll Down) Arkadventures f\u00fchrt kayak Kursen &#8211; Wildwasser touren &#8211; Aktivit\u00e4ten aufs Wasser im eigenen Namen und in eigener Verantwortung durch. 1. Anmeldung Die Anmeldung erfolgt direkt beim Arkadventures. Durch die Anmeldung erkennt der Kunde die allgemeinen Vertragsbedingungen als Bestandteil des Vertrages zwischen ihm und Arkadventures an. Teilnahme Bedingungen 2. Zahlungsbedingungen 2.1 [&hellip;]<\/p>\n","protected":false},"author":1,"featured_media":418,"parent":0,"menu_order":0,"comment_status":"closed","ping_status":"closed","template":"","meta":{"site-container-style":"default","site-container-layout":"default","site-sidebar-layout":"default","site-transparent-header":"default","disable-article-header":"default","disable-site-header":"default","disable-site-footer":"default","disable-content-area-spacing":"default","footnotes":""},"class_list":["post-698","page","type-page","status-publish","has-post-thumbnail","hentry"],"yoast_head":"<!-- This site is optimized with the Yoast SEO plugin v27.6 - https:\/\/yoast.com\/product\/yoast-seo-wordpress\/ -->\n<title>AGB - Arkadventures<\/title>\n<meta name=\"robots\" content=\"index, follow, max-snippet:-1, max-image-preview:large, max-video-preview:-1\" \/>\n<link rel=\"canonical\" href=\"https:\/\/arkadventures.ch\/en\/agb\/\" \/>\n<meta property=\"og:locale\" content=\"en_GB\" \/>\n<meta property=\"og:type\" content=\"article\" \/>\n<meta property=\"og:title\" content=\"AGB - Arkadventures\" \/>\n<meta property=\"og:description\" content=\"(For English Please Scroll Down) Arkadventures f\u00fchrt kayak Kursen &#8211; Wildwasser touren &#8211; Aktivit\u00e4ten aufs Wasser im eigenen Namen und in eigener Verantwortung durch. 1. Anmeldung Die Anmeldung erfolgt direkt beim Arkadventures. Durch die Anmeldung erkennt der Kunde die allgemeinen Vertragsbedingungen als Bestandteil des Vertrages zwischen ihm und Arkadventures an. Teilnahme Bedingungen 2. Zahlungsbedingungen 2.1 [&hellip;]\" \/>\n<meta property=\"og:url\" content=\"https:\/\/arkadventures.ch\/en\/agb\/\" \/>\n<meta property=\"og:site_name\" content=\"Arkadventures\" \/>\n<meta property=\"article:publisher\" content=\"https:\/\/www.facebook.com\/profile.php?id=100088808866414&amp;locale=de_DE\" \/>\n<meta property=\"article:modified_time\" content=\"2025-01-28T20:27:20+00:00\" \/>\n<meta property=\"og:image\" content=\"https:\/\/arkadventures.ch\/wp-content\/uploads\/2023\/12\/Arkadventures-2-1.png\" \/>\n\t<meta property=\"og:image:width\" content=\"1500\" \/>\n\t<meta property=\"og:image:height\" content=\"1500\" \/>\n\t<meta property=\"og:image:type\" content=\"image\/png\" \/>\n<meta name=\"twitter:card\" content=\"summary_large_image\" \/>\n<meta name=\"twitter:label1\" content=\"Estimated reading time\" \/>\n\t<meta name=\"twitter:data1\" content=\"8 minutes\" \/>\n<script type=\"application\/ld+json\" class=\"yoast-schema-graph\">{\"@context\":\"https:\\\/\\\/schema.org\",\"@graph\":[{\"@type\":\"WebPage\",\"@id\":\"https:\\\/\\\/arkadventures.ch\\\/agb\\\/\",\"url\":\"https:\\\/\\\/arkadventures.ch\\\/agb\\\/\",\"name\":\"AGB - Arkadventures\",\"isPartOf\":{\"@id\":\"https:\\\/\\\/arkadventures.ch\\\/#website\"},\"primaryImageOfPage\":{\"@id\":\"https:\\\/\\\/arkadventures.ch\\\/agb\\\/#primaryimage\"},\"image\":{\"@id\":\"https:\\\/\\\/arkadventures.ch\\\/agb\\\/#primaryimage\"},\"thumbnailUrl\":\"https:\\\/\\\/arkadventures.ch\\\/wp-content\\\/uploads\\\/2023\\\/12\\\/Arkadventures-2-1.png\",\"datePublished\":\"2023-12-23T12:10:59+00:00\",\"dateModified\":\"2025-01-28T20:27:20+00:00\",\"breadcrumb\":{\"@id\":\"https:\\\/\\\/arkadventures.ch\\\/agb\\\/#breadcrumb\"},\"inLanguage\":\"en-GB\",\"potentialAction\":[{\"@type\":\"ReadAction\",\"target\":[\"https:\\\/\\\/arkadventures.ch\\\/agb\\\/\"]}]},{\"@type\":\"ImageObject\",\"inLanguage\":\"en-GB\",\"@id\":\"https:\\\/\\\/arkadventures.ch\\\/agb\\\/#primaryimage\",\"url\":\"https:\\\/\\\/arkadventures.ch\\\/wp-content\\\/uploads\\\/2023\\\/12\\\/Arkadventures-2-1.png\",\"contentUrl\":\"https:\\\/\\\/arkadventures.ch\\\/wp-content\\\/uploads\\\/2023\\\/12\\\/Arkadventures-2-1.png\",\"width\":1500,\"height\":1500},{\"@type\":\"BreadcrumbList\",\"@id\":\"https:\\\/\\\/arkadventures.ch\\\/agb\\\/#breadcrumb\",\"itemListElement\":[{\"@type\":\"ListItem\",\"position\":1,\"name\":\"Startseite\",\"item\":\"https:\\\/\\\/arkadventures.ch\\\/\"},{\"@type\":\"ListItem\",\"position\":2,\"name\":\"AGB\"}]},{\"@type\":\"WebSite\",\"@id\":\"https:\\\/\\\/arkadventures.ch\\\/#website\",\"url\":\"https:\\\/\\\/arkadventures.ch\\\/\",\"name\":\"Arkadventures\",\"description\":\"Down the river with you\",\"publisher\":{\"@id\":\"https:\\\/\\\/arkadventures.ch\\\/#organization\"},\"potentialAction\":[{\"@type\":\"SearchAction\",\"target\":{\"@type\":\"EntryPoint\",\"urlTemplate\":\"https:\\\/\\\/arkadventures.ch\\\/?s={search_term_string}\"},\"query-input\":{\"@type\":\"PropertyValueSpecification\",\"valueRequired\":true,\"valueName\":\"search_term_string\"}}],\"inLanguage\":\"en-GB\"},{\"@type\":\"Organization\",\"@id\":\"https:\\\/\\\/arkadventures.ch\\\/#organization\",\"name\":\"Arkadventures kajakschule\",\"url\":\"https:\\\/\\\/arkadventures.ch\\\/\",\"logo\":{\"@type\":\"ImageObject\",\"inLanguage\":\"en-GB\",\"@id\":\"https:\\\/\\\/arkadventures.ch\\\/#\\\/schema\\\/logo\\\/image\\\/\",\"url\":\"https:\\\/\\\/arkadventures.ch\\\/wp-content\\\/uploads\\\/2023\\\/12\\\/Arkadventures-2.png\",\"contentUrl\":\"https:\\\/\\\/arkadventures.ch\\\/wp-content\\\/uploads\\\/2023\\\/12\\\/Arkadventures-2.png\",\"width\":1500,\"height\":1500,\"caption\":\"Arkadventures kajakschule\"},\"image\":{\"@id\":\"https:\\\/\\\/arkadventures.ch\\\/#\\\/schema\\\/logo\\\/image\\\/\"},\"sameAs\":[\"https:\\\/\\\/www.facebook.com\\\/profile.php?id=100088808866414&locale=de_DE\"]}]}<\/script>\n<!-- \/ Yoast SEO plugin. -->","yoast_head_json":{"title":"AGB - Arkadventures","robots":{"index":"index","follow":"follow","max-snippet":"max-snippet:-1","max-image-preview":"max-image-preview:large","max-video-preview":"max-video-preview:-1"},"canonical":"https:\/\/arkadventures.ch\/en\/agb\/","og_locale":"en_GB","og_type":"article","og_title":"AGB - Arkadventures","og_description":"(For English Please Scroll Down) Arkadventures f\u00fchrt kayak Kursen &#8211; Wildwasser touren &#8211; Aktivit\u00e4ten aufs Wasser im eigenen Namen und in eigener Verantwortung durch. 1. Anmeldung Die Anmeldung erfolgt direkt beim Arkadventures. Durch die Anmeldung erkennt der Kunde die allgemeinen Vertragsbedingungen als Bestandteil des Vertrages zwischen ihm und Arkadventures an. Teilnahme Bedingungen 2. Zahlungsbedingungen 2.1 [&hellip;]","og_url":"https:\/\/arkadventures.ch\/en\/agb\/","og_site_name":"Arkadventures","article_publisher":"https:\/\/www.facebook.com\/profile.php?id=100088808866414&locale=de_DE","article_modified_time":"2025-01-28T20:27:20+00:00","og_image":[{"width":1500,"height":1500,"url":"https:\/\/arkadventures.ch\/wp-content\/uploads\/2023\/12\/Arkadventures-2-1.png","type":"image\/png"}],"twitter_card":"summary_large_image","twitter_misc":{"Estimated reading time":"8 minutes"},"schema":{"@context":"https:\/\/schema.org","@graph":[{"@type":"WebPage","@id":"https:\/\/arkadventures.ch\/agb\/","url":"https:\/\/arkadventures.ch\/agb\/","name":"AGB - Arkadventures","isPartOf":{"@id":"https:\/\/arkadventures.ch\/#website"},"primaryImageOfPage":{"@id":"https:\/\/arkadventures.ch\/agb\/#primaryimage"},"image":{"@id":"https:\/\/arkadventures.ch\/agb\/#primaryimage"},"thumbnailUrl":"https:\/\/arkadventures.ch\/wp-content\/uploads\/2023\/12\/Arkadventures-2-1.png","datePublished":"2023-12-23T12:10:59+00:00","dateModified":"2025-01-28T20:27:20+00:00","breadcrumb":{"@id":"https:\/\/arkadventures.ch\/agb\/#breadcrumb"},"inLanguage":"en-GB","potentialAction":[{"@type":"ReadAction","target":["https:\/\/arkadventures.ch\/agb\/"]}]},{"@type":"ImageObject","inLanguage":"en-GB","@id":"https:\/\/arkadventures.ch\/agb\/#primaryimage","url":"https:\/\/arkadventures.ch\/wp-content\/uploads\/2023\/12\/Arkadventures-2-1.png","contentUrl":"https:\/\/arkadventures.ch\/wp-content\/uploads\/2023\/12\/Arkadventures-2-1.png","width":1500,"height":1500},{"@type":"BreadcrumbList","@id":"https:\/\/arkadventures.ch\/agb\/#breadcrumb","itemListElement":[{"@type":"ListItem","position":1,"name":"Startseite","item":"https:\/\/arkadventures.ch\/"},{"@type":"ListItem","position":2,"name":"AGB"}]},{"@type":"WebSite","@id":"https:\/\/arkadventures.ch\/#website","url":"https:\/\/arkadventures.ch\/","name":"Arkadventures","description":"Down the river with you","publisher":{"@id":"https:\/\/arkadventures.ch\/#organization"},"potentialAction":[{"@type":"SearchAction","target":{"@type":"EntryPoint","urlTemplate":"https:\/\/arkadventures.ch\/?s={search_term_string}"},"query-input":{"@type":"PropertyValueSpecification","valueRequired":true,"valueName":"search_term_string"}}],"inLanguage":"en-GB"},{"@type":"Organization","@id":"https:\/\/arkadventures.ch\/#organization","name":"Arkadventures kajakschule","url":"https:\/\/arkadventures.ch\/","logo":{"@type":"ImageObject","inLanguage":"en-GB","@id":"https:\/\/arkadventures.ch\/#\/schema\/logo\/image\/","url":"https:\/\/arkadventures.ch\/wp-content\/uploads\/2023\/12\/Arkadventures-2.png","contentUrl":"https:\/\/arkadventures.ch\/wp-content\/uploads\/2023\/12\/Arkadventures-2.png","width":1500,"height":1500,"caption":"Arkadventures kajakschule"},"image":{"@id":"https:\/\/arkadventures.ch\/#\/schema\/logo\/image\/"},"sameAs":["https:\/\/www.facebook.com\/profile.php?id=100088808866414&locale=de_DE"]}]}},"_links":{"self":[{"href":"https:\/\/arkadventures.ch\/en\/wp-json\/wp\/v2\/pages\/698","targetHints":{"allow":["GET"]}}],"collection":[{"href":"https:\/\/arkadventures.ch\/en\/wp-json\/wp\/v2\/pages"}],"about":[{"href":"https:\/\/arkadventures.ch\/en\/wp-json\/wp\/v2\/types\/page"}],"author":[{"embeddable":true,"href":"https:\/\/arkadventures.ch\/en\/wp-json\/wp\/v2\/users\/1"}],"replies":[{"embeddable":true,"href":"https:\/\/arkadventures.ch\/en\/wp-json\/wp\/v2\/comments?post=698"}],"version-history":[{"count":0,"href":"https:\/\/arkadventures.ch\/en\/wp-json\/wp\/v2\/pages\/698\/revisions"}],"wp:featuredmedia":[{"embeddable":true,"href":"https:\/\/arkadventures.ch\/en\/wp-json\/wp\/v2\/media\/418"}],"wp:attachment":[{"href":"https:\/\/arkadventures.ch\/en\/wp-json\/wp\/v2\/media?parent=698"}],"curies":[{"name":"wp","href":"https:\/\/api.w.org\/{rel}","templated":true}]}}