{"id":3944,"date":"2025-12-27T23:06:52","date_gmt":"2025-12-27T23:06:52","guid":{"rendered":"https:\/\/arkadventures.ch\/?page_id=3944"},"modified":"2026-01-09T17:04:58","modified_gmt":"2026-01-09T17:04:58","slug":"kajak-halsketten-und-schlussanhaenger","status":"publish","type":"page","link":"https:\/\/arkadventures.ch\/en\/kajak-halsketten-und-schlussanhaenger\/","title":{"rendered":"Kajak-Halsketten und Schlussanh\u00e4nger"},"content":{"rendered":"<p>F\u00fcr handgemachte Kajak-Halsketten oder Schlussanh\u00e4nger schau auf <a href=\"http:\/\/www.kayaknecklace.com\">Kayaknecklace.com<\/a> oder unten direkt bestellen!<\/p>\n\n\n\n<div class=\"wp-block-buttons is-content-justification-center is-layout-flex wp-container-core-buttons-is-layout-a89b3969 wp-block-buttons-is-layout-flex\">\n<div class=\"wp-block-button\"><a class=\"wp-block-button__link wp-element-button\" href=\"https:\/\/kayaknecklace.com\/shop\/\">Kayaknecklace website<\/a><\/div>\n<\/div>","protected":false},"excerpt":{"rendered":"<p>F\u00fcr handgemachte Kajak-Halsketten oder Schlussanh\u00e4nger schau auf Kayaknecklace.com oder unten direkt bestellen!<\/p>","protected":false},"author":1,"featured_media":3947,"parent":0,"menu_order":0,"comment_status":"closed","ping_status":"closed","template":"","meta":{"site-container-style":"default","site-container-layout":"default","site-sidebar-layout":"default","site-transparent-header":"default","disable-article-header":"default","disable-site-header":"default","disable-site-footer":"default","disable-content-area-spacing":"default","footnotes":""},"class_list":["post-3944","page","type-page","status-publish","has-post-thumbnail","hentry"],"yoast_head":"<!-- This site is optimized with the Yoast SEO plugin v27.6 - https:\/\/yoast.com\/product\/yoast-seo-wordpress\/ -->\n<title>Kajak-Halsketten und Schlussanh\u00e4nger - Arkadventures - Handgemacht aus Nepal<\/title>\n<meta name=\"description\" content=\"Kayaknecklace.com - Handgemachte Kajak-Halsketten \u2013 das perfekte Geschenk f\u00fcr Kajakfahrer, handgemacht aus Nepal ab 10CHF\" \/>\n<meta name=\"robots\" content=\"index, follow, max-snippet:-1, max-image-preview:large, max-video-preview:-1\" \/>\n<link rel=\"canonical\" href=\"https:\/\/arkadventures.ch\/en\/kajak-halsketten-und-schlussanhaenger\/\" \/>\n<meta property=\"og:locale\" content=\"en_GB\" \/>\n<meta property=\"og:type\" content=\"article\" \/>\n<meta property=\"og:title\" content=\"Kajak-Halsketten und Schlussanh\u00e4nger - Arkadventures - Handgemacht aus Nepal\" \/>\n<meta property=\"og:description\" content=\"Kayaknecklace.com - Handgemachte Kajak-Halsketten \u2013 das perfekte Geschenk f\u00fcr Kajakfahrer, handgemacht aus Nepal ab 10CHF\" \/>\n<meta property=\"og:url\" content=\"https:\/\/arkadventures.ch\/en\/kajak-halsketten-und-schlussanhaenger\/\" \/>\n<meta property=\"og:site_name\" content=\"Arkadventures\" \/>\n<meta property=\"article:publisher\" content=\"https:\/\/www.facebook.com\/profile.php?id=100088808866414&amp;locale=de_DE\" \/>\n<meta property=\"article:modified_time\" content=\"2026-01-09T17:04:58+00:00\" \/>\n<meta property=\"og:image\" content=\"https:\/\/arkadventures.ch\/wp-content\/uploads\/2025\/12\/WhatsApp-Image-2025-11-25-at-17.04.32-5.jpeg\" \/>\n\t<meta property=\"og:image:width\" content=\"2040\" \/>\n\t<meta property=\"og:image:height\" content=\"1530\" \/>\n\t<meta property=\"og:image:type\" content=\"image\/jpeg\" \/>\n<meta name=\"twitter:card\" content=\"summary_large_image\" \/>\n<meta name=\"twitter:label1\" content=\"Estimated reading time\" \/>\n\t<meta name=\"twitter:data1\" content=\"1 minute\" \/>\n<script type=\"application\/ld+json\" class=\"yoast-schema-graph\">{\"@context\":\"https:\\\/\\\/schema.org\",\"@graph\":[{\"@type\":\"WebPage\",\"@id\":\"https:\\\/\\\/arkadventures.ch\\\/kajak-halsketten-und-schlussanhaenger\\\/\",\"url\":\"https:\\\/\\\/arkadventures.ch\\\/kajak-halsketten-und-schlussanhaenger\\\/\",\"name\":\"Kajak-Halsketten und Schlussanh\u00e4nger - Arkadventures - Handgemacht aus Nepal\",\"isPartOf\":{\"@id\":\"https:\\\/\\\/arkadventures.ch\\\/#website\"},\"primaryImageOfPage\":{\"@id\":\"https:\\\/\\\/arkadventures.ch\\\/kajak-halsketten-und-schlussanhaenger\\\/#primaryimage\"},\"image\":{\"@id\":\"https:\\\/\\\/arkadventures.ch\\\/kajak-halsketten-und-schlussanhaenger\\\/#primaryimage\"},\"thumbnailUrl\":\"https:\\\/\\\/arkadventures.ch\\\/wp-content\\\/uploads\\\/2025\\\/12\\\/WhatsApp-Image-2025-11-25-at-17.04.32-5.jpeg\",\"datePublished\":\"2025-12-27T23:06:52+00:00\",\"dateModified\":\"2026-01-09T17:04:58+00:00\",\"description\":\"Kayaknecklace.com - Handgemachte Kajak-Halsketten \u2013 das perfekte Geschenk f\u00fcr Kajakfahrer, handgemacht aus Nepal ab 10CHF\",\"breadcrumb\":{\"@id\":\"https:\\\/\\\/arkadventures.ch\\\/kajak-halsketten-und-schlussanhaenger\\\/#breadcrumb\"},\"inLanguage\":\"en-GB\",\"potentialAction\":[{\"@type\":\"ReadAction\",\"target\":[\"https:\\\/\\\/arkadventures.ch\\\/kajak-halsketten-und-schlussanhaenger\\\/\"]}]},{\"@type\":\"ImageObject\",\"inLanguage\":\"en-GB\",\"@id\":\"https:\\\/\\\/arkadventures.ch\\\/kajak-halsketten-und-schlussanhaenger\\\/#primaryimage\",\"url\":\"https:\\\/\\\/arkadventures.ch\\\/wp-content\\\/uploads\\\/2025\\\/12\\\/WhatsApp-Image-2025-11-25-at-17.04.32-5.jpeg\",\"contentUrl\":\"https:\\\/\\\/arkadventures.ch\\\/wp-content\\\/uploads\\\/2025\\\/12\\\/WhatsApp-Image-2025-11-25-at-17.04.32-5.jpeg\",\"width\":2040,\"height\":1530,\"caption\":\"Kajak Necklaces for kayakers! Geschenkideen f\u00fcr Kajakfahrer\"},{\"@type\":\"BreadcrumbList\",\"@id\":\"https:\\\/\\\/arkadventures.ch\\\/kajak-halsketten-und-schlussanhaenger\\\/#breadcrumb\",\"itemListElement\":[{\"@type\":\"ListItem\",\"position\":1,\"name\":\"Startseite\",\"item\":\"https:\\\/\\\/arkadventures.ch\\\/\"},{\"@type\":\"ListItem\",\"position\":2,\"name\":\"Kajak-Halsketten und Schlussanh\u00e4nger\"}]},{\"@type\":\"WebSite\",\"@id\":\"https:\\\/\\\/arkadventures.ch\\\/#website\",\"url\":\"https:\\\/\\\/arkadventures.ch\\\/\",\"name\":\"Arkadventures\",\"description\":\"Down the river with you\",\"publisher\":{\"@id\":\"https:\\\/\\\/arkadventures.ch\\\/#organization\"},\"potentialAction\":[{\"@type\":\"SearchAction\",\"target\":{\"@type\":\"EntryPoint\",\"urlTemplate\":\"https:\\\/\\\/arkadventures.ch\\\/?s={search_term_string}\"},\"query-input\":{\"@type\":\"PropertyValueSpecification\",\"valueRequired\":true,\"valueName\":\"search_term_string\"}}],\"inLanguage\":\"en-GB\"},{\"@type\":\"Organization\",\"@id\":\"https:\\\/\\\/arkadventures.ch\\\/#organization\",\"name\":\"Arkadventures kajakschule\",\"url\":\"https:\\\/\\\/arkadventures.ch\\\/\",\"logo\":{\"@type\":\"ImageObject\",\"inLanguage\":\"en-GB\",\"@id\":\"https:\\\/\\\/arkadventures.ch\\\/#\\\/schema\\\/logo\\\/image\\\/\",\"url\":\"https:\\\/\\\/arkadventures.ch\\\/wp-content\\\/uploads\\\/2023\\\/12\\\/Arkadventures-2.png\",\"contentUrl\":\"https:\\\/\\\/arkadventures.ch\\\/wp-content\\\/uploads\\\/2023\\\/12\\\/Arkadventures-2.png\",\"width\":1500,\"height\":1500,\"caption\":\"Arkadventures kajakschule\"},\"image\":{\"@id\":\"https:\\\/\\\/arkadventures.ch\\\/#\\\/schema\\\/logo\\\/image\\\/\"},\"sameAs\":[\"https:\\\/\\\/www.facebook.com\\\/profile.php?id=100088808866414&locale=de_DE\"]}]}<\/script>\n<!-- \/ Yoast SEO plugin. -->","yoast_head_json":{"title":"Kajak-Halsketten und Schlussanh\u00e4nger - Arkadventures - Handgemacht aus Nepal","description":"Kayaknecklace.com - Handgemachte Kajak-Halsketten \u2013 das perfekte Geschenk f\u00fcr Kajakfahrer, handgemacht aus Nepal ab 10CHF","robots":{"index":"index","follow":"follow","max-snippet":"max-snippet:-1","max-image-preview":"max-image-preview:large","max-video-preview":"max-video-preview:-1"},"canonical":"https:\/\/arkadventures.ch\/en\/kajak-halsketten-und-schlussanhaenger\/","og_locale":"en_GB","og_type":"article","og_title":"Kajak-Halsketten und Schlussanh\u00e4nger - Arkadventures - Handgemacht aus Nepal","og_description":"Kayaknecklace.com - Handgemachte Kajak-Halsketten \u2013 das perfekte Geschenk f\u00fcr Kajakfahrer, handgemacht aus Nepal ab 10CHF","og_url":"https:\/\/arkadventures.ch\/en\/kajak-halsketten-und-schlussanhaenger\/","og_site_name":"Arkadventures","article_publisher":"https:\/\/www.facebook.com\/profile.php?id=100088808866414&locale=de_DE","article_modified_time":"2026-01-09T17:04:58+00:00","og_image":[{"width":2040,"height":1530,"url":"https:\/\/arkadventures.ch\/wp-content\/uploads\/2025\/12\/WhatsApp-Image-2025-11-25-at-17.04.32-5.jpeg","type":"image\/jpeg"}],"twitter_card":"summary_large_image","twitter_misc":{"Estimated reading time":"1 minute"},"schema":{"@context":"https:\/\/schema.org","@graph":[{"@type":"WebPage","@id":"https:\/\/arkadventures.ch\/kajak-halsketten-und-schlussanhaenger\/","url":"https:\/\/arkadventures.ch\/kajak-halsketten-und-schlussanhaenger\/","name":"Kajak-Halsketten und Schlussanh\u00e4nger - Arkadventures - Handgemacht aus Nepal","isPartOf":{"@id":"https:\/\/arkadventures.ch\/#website"},"primaryImageOfPage":{"@id":"https:\/\/arkadventures.ch\/kajak-halsketten-und-schlussanhaenger\/#primaryimage"},"image":{"@id":"https:\/\/arkadventures.ch\/kajak-halsketten-und-schlussanhaenger\/#primaryimage"},"thumbnailUrl":"https:\/\/arkadventures.ch\/wp-content\/uploads\/2025\/12\/WhatsApp-Image-2025-11-25-at-17.04.32-5.jpeg","datePublished":"2025-12-27T23:06:52+00:00","dateModified":"2026-01-09T17:04:58+00:00","description":"Kayaknecklace.com - Handgemachte Kajak-Halsketten \u2013 das perfekte Geschenk f\u00fcr Kajakfahrer, handgemacht aus Nepal ab 10CHF","breadcrumb":{"@id":"https:\/\/arkadventures.ch\/kajak-halsketten-und-schlussanhaenger\/#breadcrumb"},"inLanguage":"en-GB","potentialAction":[{"@type":"ReadAction","target":["https:\/\/arkadventures.ch\/kajak-halsketten-und-schlussanhaenger\/"]}]},{"@type":"ImageObject","inLanguage":"en-GB","@id":"https:\/\/arkadventures.ch\/kajak-halsketten-und-schlussanhaenger\/#primaryimage","url":"https:\/\/arkadventures.ch\/wp-content\/uploads\/2025\/12\/WhatsApp-Image-2025-11-25-at-17.04.32-5.jpeg","contentUrl":"https:\/\/arkadventures.ch\/wp-content\/uploads\/2025\/12\/WhatsApp-Image-2025-11-25-at-17.04.32-5.jpeg","width":2040,"height":1530,"caption":"Kajak Necklaces for kayakers! Geschenkideen f\u00fcr Kajakfahrer"},{"@type":"BreadcrumbList","@id":"https:\/\/arkadventures.ch\/kajak-halsketten-und-schlussanhaenger\/#breadcrumb","itemListElement":[{"@type":"ListItem","position":1,"name":"Startseite","item":"https:\/\/arkadventures.ch\/"},{"@type":"ListItem","position":2,"name":"Kajak-Halsketten und Schlussanh\u00e4nger"}]},{"@type":"WebSite","@id":"https:\/\/arkadventures.ch\/#website","url":"https:\/\/arkadventures.ch\/","name":"Arkadventures","description":"Down the river with you","publisher":{"@id":"https:\/\/arkadventures.ch\/#organization"},"potentialAction":[{"@type":"SearchAction","target":{"@type":"EntryPoint","urlTemplate":"https:\/\/arkadventures.ch\/?s={search_term_string}"},"query-input":{"@type":"PropertyValueSpecification","valueRequired":true,"valueName":"search_term_string"}}],"inLanguage":"en-GB"},{"@type":"Organization","@id":"https:\/\/arkadventures.ch\/#organization","name":"Arkadventures kajakschule","url":"https:\/\/arkadventures.ch\/","logo":{"@type":"ImageObject","inLanguage":"en-GB","@id":"https:\/\/arkadventures.ch\/#\/schema\/logo\/image\/","url":"https:\/\/arkadventures.ch\/wp-content\/uploads\/2023\/12\/Arkadventures-2.png","contentUrl":"https:\/\/arkadventures.ch\/wp-content\/uploads\/2023\/12\/Arkadventures-2.png","width":1500,"height":1500,"caption":"Arkadventures kajakschule"},"image":{"@id":"https:\/\/arkadventures.ch\/#\/schema\/logo\/image\/"},"sameAs":["https:\/\/www.facebook.com\/profile.php?id=100088808866414&locale=de_DE"]}]}},"_links":{"self":[{"href":"https:\/\/arkadventures.ch\/en\/wp-json\/wp\/v2\/pages\/3944","targetHints":{"allow":["GET"]}}],"collection":[{"href":"https:\/\/arkadventures.ch\/en\/wp-json\/wp\/v2\/pages"}],"about":[{"href":"https:\/\/arkadventures.ch\/en\/wp-json\/wp\/v2\/types\/page"}],"author":[{"embeddable":true,"href":"https:\/\/arkadventures.ch\/en\/wp-json\/wp\/v2\/users\/1"}],"replies":[{"embeddable":true,"href":"https:\/\/arkadventures.ch\/en\/wp-json\/wp\/v2\/comments?post=3944"}],"version-history":[{"count":2,"href":"https:\/\/arkadventures.ch\/en\/wp-json\/wp\/v2\/pages\/3944\/revisions"}],"predecessor-version":[{"id":3956,"href":"https:\/\/arkadventures.ch\/en\/wp-json\/wp\/v2\/pages\/3944\/revisions\/3956"}],"wp:featuredmedia":[{"embeddable":true,"href":"https:\/\/arkadventures.ch\/en\/wp-json\/wp\/v2\/media\/3947"}],"wp:attachment":[{"href":"https:\/\/arkadventures.ch\/en\/wp-json\/wp\/v2\/media?parent=3944"}],"curies":[{"name":"wp","href":"https:\/\/api.w.org\/{rel}","templated":true}]}}