{"id":2715,"date":"2025-02-19T17:20:14","date_gmt":"2025-02-19T17:20:14","guid":{"rendered":"https:\/\/arkadventures.ch\/?page_id=2715"},"modified":"2026-01-11T10:33:57","modified_gmt":"2026-01-11T10:33:57","slug":"privat-kajak-kurs-bis-zu-zwei-personen-300chf-privat-wildwasser-kurs-bern","status":"publish","type":"page","link":"https:\/\/arkadventures.ch\/en\/privat-kajak-kurs-bis-zu-zwei-personen-300chf-privat-wildwasser-kurs-bern\/","title":{"rendered":"Private Kayak Course"},"content":{"rendered":"<hr class=\"wp-block-kenta-blocks-separator kb-separator-4021576e kb-separator\"\/>\n\n\n\n<div class=\"wp-block-kenta-blocks-paragraph kb-paragraph kb-paragraph-7754c8e2\"><p class=\"\"><br><\/p><\/div>\n\n\n\n<div class=\"wp-block-media-text is-stacked-on-mobile\"><figure class=\"wp-block-media-text__media\"><img fetchpriority=\"high\" decoding=\"async\" width=\"683\" height=\"1024\" src=\"https:\/\/arkadventures.ch\/wp-content\/uploads\/2024\/10\/DSC05086-1-683x1024.jpg\" alt=\"Privat Kajak tour in Bern\" class=\"wp-image-1608 size-full\"\/><\/figure><div class=\"wp-block-media-text__content\">\n<h2 class=\"wp-block-heading has-text-align-center has-ktj-font-large-font-size\">Privat Kajakkurs f\u00fcr Anf\u00e4nger<\/h2>\n\n\n\n<p>Private courses are the perfect way to learn effectively. If you don\u2019t want to be in a small group and wish to learn quickly and efficiently, a private course can be arranged. There are private courses ranging from one day to four-day courses available. <\/p>\n\n\n\n<hr class=\"wp-block-kenta-blocks-separator kb-separator-2354a5ae kb-separator\"\/>\n\n\n\n<p>As a complete beginner, you have the opportunity to learn all the basics and paddle down the river safely and with control. For advanced paddlers, there is also the option to book private courses.<\/p>\n<\/div><\/div>\n\n\n\n<hr class=\"wp-block-kenta-blocks-separator kb-separator-abc6ca15 kb-separator\"\/>\n\n\n\n<h3 class=\"wp-block-heading has-ktj-font-medium-font-size\">Learn kayaking at your own pace with personal guidance.<\/h3>\n\n\n\n<blockquote class=\"wp-block-quote has-text-align-center is-layout-flow wp-block-quote-is-layout-flow\">\n<p><strong>What do you learn in a private course?<\/strong><\/p>\n<\/blockquote>\n\n\n\n<ul class=\"wp-block-list\">\n<li>Whitewater skills<\/li>\n\n\n\n<li>Safety and whitewater swimming<\/li>\n\n\n\n<li>Rescues<\/li>\n\n\n\n<li>Learning currents of the river<\/li>\n\n\n\n<li>Waves and holes \u2013 Understanding the way the river flows<\/li>\n\n\n\n<li>Fluss signals and paddling down the river in the kayak<\/li>\n<\/ul>\n\n\n\n<hr class=\"wp-block-kenta-blocks-separator kb-separator-b7744aaa kb-separator\"\/>\n\n\n\n<h3 class=\"wp-block-heading has-ktj-font-medium-font-size\">Privat Kajakkurs Kosten<\/h3>\n\n\n\n<ul class=\"wp-block-list\">\n<li><strong>Die Kosten f\u00fcr einen Privatkurs betragen 350 CHF pro Tag f\u00fcr bis zu zwei Personen.<\/strong><\/li>\n\n\n\n<li><strong>Beginner courses take place at Worblaufen on the Aare River<\/strong><\/li>\n\n\n\n<li>(<strong>All equipment and kayaks is included<\/strong>)<\/li>\n\n\n\n<li>Perfect for couples!<\/li>\n\n\n\n<li>Private courses are not in the booking calendar<\/li>\n\n\n\n<li><strong>Please contact directly to place your booking<\/strong><\/li>\n<\/ul>\n\n\n\n<div class=\"wp-block-buttons is-content-justification-center is-layout-flex wp-container-core-buttons-is-layout-a89b3969 wp-block-buttons-is-layout-flex\">\n<div class=\"wp-block-button\"><a class=\"wp-block-button__link wp-element-button\" href=\"https:\/\/arkadventures.ch\/en\/kontakt\/\">Contact<\/a><\/div>\n<\/div>\n\n\n\n<div class=\"wp-block-kenta-blocks-slides kb-slides-ec339c01 kb-slides\"><button class=\"kb-slides-prev-arrow kb-slides-arrow\" id=\"kb-slides-prev-ec339c01\"><i class=\"fas fa-chevron-left\"><\/i><\/button><div class=\"kb-slides-inner-container\">\n<div class=\"wp-block-kenta-blocks-slide-item kb-slide-item-3d5a317d kb-slide-item\"><div class=\"kb-slide-item-inner-container\">\n<figure class=\"wp-block-image size-large\"><img decoding=\"async\" width=\"683\" height=\"1024\" src=\"https:\/\/arkadventures.ch\/wp-content\/uploads\/2024\/10\/DSC05199-1-683x1024.jpg\" alt=\"Private Wildwasser Kajaktour \" class=\"wp-image-1807\"\/><\/figure>\n<\/div><\/div>\n\n\n\n<div class=\"wp-block-kenta-blocks-slide-item kb-slide-item-783c87b5 kb-slide-item\"><div class=\"kb-slide-item-inner-container\">\n<figure class=\"wp-block-image size-large\"><img decoding=\"async\" width=\"1024\" height=\"768\" src=\"https:\/\/arkadventures.ch\/wp-content\/uploads\/2025\/01\/20231029_142244-1024x768.jpg\" alt=\"Privat Wildwasser Kajak Tour \" class=\"wp-image-2454\"\/><\/figure>\n<\/div><\/div>\n\n\n\n<div class=\"wp-block-kenta-blocks-slide-item kb-slide-item-c2ea8e52 kb-slide-item\"><div class=\"kb-slide-item-inner-container\">\n<figure class=\"wp-block-image aligncenter size-large\"><img loading=\"lazy\" decoding=\"async\" width=\"683\" height=\"1024\" src=\"https:\/\/arkadventures.ch\/wp-content\/uploads\/2024\/10\/DSC05078-683x1024.jpg\" alt=\"Privater Kajak Tour bei Arkadventrures in Bern\" class=\"wp-image-1592\"\/><\/figure>\n<\/div><\/div>\n<\/div><button class=\"kb-slides-next-arrow kb-slides-arrow\" id=\"kb-slides-next-ec339c01\"><i class=\"fas fa-chevron-right\"><\/i><\/button><div class=\"kb-slides-dots\"><\/div><\/div>\n\n\n\n<p><\/p>","protected":false},"excerpt":{"rendered":"<p>Privat Kajak Kurs f\u00fcr Anf\u00e4nger oder Fortgeschrittene Lerne Kajakfahren in deinem eigenen Tempo mit pers\u00f6nlicher Annnst<\/p>","protected":false},"author":1,"featured_media":1609,"parent":0,"menu_order":0,"comment_status":"closed","ping_status":"closed","template":"","meta":{"site-container-style":"default","site-container-layout":"default","site-sidebar-layout":"default","site-transparent-header":"default","disable-article-header":"default","disable-site-header":"default","disable-site-footer":"default","disable-content-area-spacing":"default","footnotes":""},"class_list":["post-2715","page","type-page","status-publish","has-post-thumbnail","hentry"],"yoast_head":"<!-- This site is optimized with the Yoast SEO plugin v27.6 - https:\/\/yoast.com\/product\/yoast-seo-wordpress\/ -->\n<title>Privat Kajakkurs - Arkadventures - Privat Wildwasser Kurs in Bern - 300CHF<\/title>\n<meta name=\"description\" content=\"Privat Wildwasser Kajak kurs in Bern \u2013 Lerne das skill von Kajak fahren auf der Aare und Simmer in Bern - Einzel oder Paaren 300 CHF\" \/>\n<meta name=\"robots\" content=\"index, follow, max-snippet:-1, max-image-preview:large, max-video-preview:-1\" \/>\n<link rel=\"canonical\" href=\"https:\/\/arkadventures.ch\/en\/privat-kajak-kurs-bis-zu-zwei-personen-300chf-privat-wildwasser-kurs-bern\/\" \/>\n<meta property=\"og:locale\" content=\"en_GB\" \/>\n<meta property=\"og:type\" content=\"article\" \/>\n<meta property=\"og:title\" content=\"Privat Kajakkurs - Arkadventures - Privat Wildwasser Kurs in Bern - 300CHF\" \/>\n<meta property=\"og:description\" content=\"Privat Wildwasser Kajak kurs in Bern \u2013 Lerne das skill von Kajak fahren auf der Aare und Simmer in Bern - Einzel oder Paaren 300 CHF\" \/>\n<meta property=\"og:url\" content=\"https:\/\/arkadventures.ch\/en\/privat-kajak-kurs-bis-zu-zwei-personen-300chf-privat-wildwasser-kurs-bern\/\" \/>\n<meta property=\"og:site_name\" content=\"Arkadventures\" \/>\n<meta property=\"article:publisher\" content=\"https:\/\/www.facebook.com\/profile.php?id=100088808866414&amp;locale=de_DE\" \/>\n<meta property=\"article:modified_time\" content=\"2026-01-11T10:33:57+00:00\" \/>\n<meta property=\"og:image\" content=\"https:\/\/arkadventures.ch\/wp-content\/uploads\/2024\/10\/DSC04691-scaled.jpg\" \/>\n\t<meta property=\"og:image:width\" content=\"2560\" \/>\n\t<meta property=\"og:image:height\" content=\"1707\" \/>\n\t<meta property=\"og:image:type\" content=\"image\/jpeg\" \/>\n<meta name=\"twitter:card\" content=\"summary_large_image\" \/>\n<meta name=\"twitter:label1\" content=\"Estimated reading time\" \/>\n\t<meta name=\"twitter:data1\" content=\"2 minutes\" \/>\n<script type=\"application\/ld+json\" class=\"yoast-schema-graph\">{\"@context\":\"https:\\\/\\\/schema.org\",\"@graph\":[{\"@type\":\"WebPage\",\"@id\":\"https:\\\/\\\/arkadventures.ch\\\/privat-kajak-kurs-bis-zu-zwei-personen-300chf-privat-wildwasser-kurs-bern\\\/\",\"url\":\"https:\\\/\\\/arkadventures.ch\\\/privat-kajak-kurs-bis-zu-zwei-personen-300chf-privat-wildwasser-kurs-bern\\\/\",\"name\":\"Privat Kajakkurs - Arkadventures - Privat Wildwasser Kurs in Bern - 300CHF\",\"isPartOf\":{\"@id\":\"https:\\\/\\\/arkadventures.ch\\\/#website\"},\"primaryImageOfPage\":{\"@id\":\"https:\\\/\\\/arkadventures.ch\\\/privat-kajak-kurs-bis-zu-zwei-personen-300chf-privat-wildwasser-kurs-bern\\\/#primaryimage\"},\"image\":{\"@id\":\"https:\\\/\\\/arkadventures.ch\\\/privat-kajak-kurs-bis-zu-zwei-personen-300chf-privat-wildwasser-kurs-bern\\\/#primaryimage\"},\"thumbnailUrl\":\"https:\\\/\\\/arkadventures.ch\\\/wp-content\\\/uploads\\\/2024\\\/10\\\/DSC04691-scaled.jpg\",\"datePublished\":\"2025-02-19T17:20:14+00:00\",\"dateModified\":\"2026-01-11T10:33:57+00:00\",\"description\":\"Privat Wildwasser Kajak kurs in Bern \u2013 Lerne das skill von Kajak fahren auf der Aare und Simmer in Bern - Einzel oder Paaren 300 CHF\",\"breadcrumb\":{\"@id\":\"https:\\\/\\\/arkadventures.ch\\\/privat-kajak-kurs-bis-zu-zwei-personen-300chf-privat-wildwasser-kurs-bern\\\/#breadcrumb\"},\"inLanguage\":\"en-GB\",\"potentialAction\":[{\"@type\":\"ReadAction\",\"target\":[\"https:\\\/\\\/arkadventures.ch\\\/privat-kajak-kurs-bis-zu-zwei-personen-300chf-privat-wildwasser-kurs-bern\\\/\"]}]},{\"@type\":\"ImageObject\",\"inLanguage\":\"en-GB\",\"@id\":\"https:\\\/\\\/arkadventures.ch\\\/privat-kajak-kurs-bis-zu-zwei-personen-300chf-privat-wildwasser-kurs-bern\\\/#primaryimage\",\"url\":\"https:\\\/\\\/arkadventures.ch\\\/wp-content\\\/uploads\\\/2024\\\/10\\\/DSC04691-scaled.jpg\",\"contentUrl\":\"https:\\\/\\\/arkadventures.ch\\\/wp-content\\\/uploads\\\/2024\\\/10\\\/DSC04691-scaled.jpg\",\"width\":2560,\"height\":1707},{\"@type\":\"BreadcrumbList\",\"@id\":\"https:\\\/\\\/arkadventures.ch\\\/privat-kajak-kurs-bis-zu-zwei-personen-300chf-privat-wildwasser-kurs-bern\\\/#breadcrumb\",\"itemListElement\":[{\"@type\":\"ListItem\",\"position\":1,\"name\":\"Startseite\",\"item\":\"https:\\\/\\\/arkadventures.ch\\\/\"},{\"@type\":\"ListItem\",\"position\":2,\"name\":\"Privat Kajakkurs\"}]},{\"@type\":\"WebSite\",\"@id\":\"https:\\\/\\\/arkadventures.ch\\\/#website\",\"url\":\"https:\\\/\\\/arkadventures.ch\\\/\",\"name\":\"Arkadventures\",\"description\":\"Down the river with you\",\"publisher\":{\"@id\":\"https:\\\/\\\/arkadventures.ch\\\/#organization\"},\"potentialAction\":[{\"@type\":\"SearchAction\",\"target\":{\"@type\":\"EntryPoint\",\"urlTemplate\":\"https:\\\/\\\/arkadventures.ch\\\/?s={search_term_string}\"},\"query-input\":{\"@type\":\"PropertyValueSpecification\",\"valueRequired\":true,\"valueName\":\"search_term_string\"}}],\"inLanguage\":\"en-GB\"},{\"@type\":\"Organization\",\"@id\":\"https:\\\/\\\/arkadventures.ch\\\/#organization\",\"name\":\"Arkadventures kajakschule\",\"url\":\"https:\\\/\\\/arkadventures.ch\\\/\",\"logo\":{\"@type\":\"ImageObject\",\"inLanguage\":\"en-GB\",\"@id\":\"https:\\\/\\\/arkadventures.ch\\\/#\\\/schema\\\/logo\\\/image\\\/\",\"url\":\"https:\\\/\\\/arkadventures.ch\\\/wp-content\\\/uploads\\\/2023\\\/12\\\/Arkadventures-2.png\",\"contentUrl\":\"https:\\\/\\\/arkadventures.ch\\\/wp-content\\\/uploads\\\/2023\\\/12\\\/Arkadventures-2.png\",\"width\":1500,\"height\":1500,\"caption\":\"Arkadventures kajakschule\"},\"image\":{\"@id\":\"https:\\\/\\\/arkadventures.ch\\\/#\\\/schema\\\/logo\\\/image\\\/\"},\"sameAs\":[\"https:\\\/\\\/www.facebook.com\\\/profile.php?id=100088808866414&locale=de_DE\"]}]}<\/script>\n<!-- \/ Yoast SEO plugin. -->","yoast_head_json":{"title":"Privat Kajakkurs - Arkadventures - Privat Wildwasser Kurs in Bern - 300CHF","description":"Privat Wildwasser Kajak kurs in Bern \u2013 Lerne das skill von Kajak fahren auf der Aare und Simmer in Bern - Einzel oder Paaren 300 CHF","robots":{"index":"index","follow":"follow","max-snippet":"max-snippet:-1","max-image-preview":"max-image-preview:large","max-video-preview":"max-video-preview:-1"},"canonical":"https:\/\/arkadventures.ch\/en\/privat-kajak-kurs-bis-zu-zwei-personen-300chf-privat-wildwasser-kurs-bern\/","og_locale":"en_GB","og_type":"article","og_title":"Privat Kajakkurs - Arkadventures - Privat Wildwasser Kurs in Bern - 300CHF","og_description":"Privat Wildwasser Kajak kurs in Bern \u2013 Lerne das skill von Kajak fahren auf der Aare und Simmer in Bern - Einzel oder Paaren 300 CHF","og_url":"https:\/\/arkadventures.ch\/en\/privat-kajak-kurs-bis-zu-zwei-personen-300chf-privat-wildwasser-kurs-bern\/","og_site_name":"Arkadventures","article_publisher":"https:\/\/www.facebook.com\/profile.php?id=100088808866414&locale=de_DE","article_modified_time":"2026-01-11T10:33:57+00:00","og_image":[{"width":2560,"height":1707,"url":"https:\/\/arkadventures.ch\/wp-content\/uploads\/2024\/10\/DSC04691-scaled.jpg","type":"image\/jpeg"}],"twitter_card":"summary_large_image","twitter_misc":{"Estimated reading time":"2 minutes"},"schema":{"@context":"https:\/\/schema.org","@graph":[{"@type":"WebPage","@id":"https:\/\/arkadventures.ch\/privat-kajak-kurs-bis-zu-zwei-personen-300chf-privat-wildwasser-kurs-bern\/","url":"https:\/\/arkadventures.ch\/privat-kajak-kurs-bis-zu-zwei-personen-300chf-privat-wildwasser-kurs-bern\/","name":"Privat Kajakkurs - Arkadventures - Privat Wildwasser Kurs in Bern - 300CHF","isPartOf":{"@id":"https:\/\/arkadventures.ch\/#website"},"primaryImageOfPage":{"@id":"https:\/\/arkadventures.ch\/privat-kajak-kurs-bis-zu-zwei-personen-300chf-privat-wildwasser-kurs-bern\/#primaryimage"},"image":{"@id":"https:\/\/arkadventures.ch\/privat-kajak-kurs-bis-zu-zwei-personen-300chf-privat-wildwasser-kurs-bern\/#primaryimage"},"thumbnailUrl":"https:\/\/arkadventures.ch\/wp-content\/uploads\/2024\/10\/DSC04691-scaled.jpg","datePublished":"2025-02-19T17:20:14+00:00","dateModified":"2026-01-11T10:33:57+00:00","description":"Privat Wildwasser Kajak kurs in Bern \u2013 Lerne das skill von Kajak fahren auf der Aare und Simmer in Bern - Einzel oder Paaren 300 CHF","breadcrumb":{"@id":"https:\/\/arkadventures.ch\/privat-kajak-kurs-bis-zu-zwei-personen-300chf-privat-wildwasser-kurs-bern\/#breadcrumb"},"inLanguage":"en-GB","potentialAction":[{"@type":"ReadAction","target":["https:\/\/arkadventures.ch\/privat-kajak-kurs-bis-zu-zwei-personen-300chf-privat-wildwasser-kurs-bern\/"]}]},{"@type":"ImageObject","inLanguage":"en-GB","@id":"https:\/\/arkadventures.ch\/privat-kajak-kurs-bis-zu-zwei-personen-300chf-privat-wildwasser-kurs-bern\/#primaryimage","url":"https:\/\/arkadventures.ch\/wp-content\/uploads\/2024\/10\/DSC04691-scaled.jpg","contentUrl":"https:\/\/arkadventures.ch\/wp-content\/uploads\/2024\/10\/DSC04691-scaled.jpg","width":2560,"height":1707},{"@type":"BreadcrumbList","@id":"https:\/\/arkadventures.ch\/privat-kajak-kurs-bis-zu-zwei-personen-300chf-privat-wildwasser-kurs-bern\/#breadcrumb","itemListElement":[{"@type":"ListItem","position":1,"name":"Startseite","item":"https:\/\/arkadventures.ch\/"},{"@type":"ListItem","position":2,"name":"Privat Kajakkurs"}]},{"@type":"WebSite","@id":"https:\/\/arkadventures.ch\/#website","url":"https:\/\/arkadventures.ch\/","name":"Arkadventures","description":"Down the river with you","publisher":{"@id":"https:\/\/arkadventures.ch\/#organization"},"potentialAction":[{"@type":"SearchAction","target":{"@type":"EntryPoint","urlTemplate":"https:\/\/arkadventures.ch\/?s={search_term_string}"},"query-input":{"@type":"PropertyValueSpecification","valueRequired":true,"valueName":"search_term_string"}}],"inLanguage":"en-GB"},{"@type":"Organization","@id":"https:\/\/arkadventures.ch\/#organization","name":"Arkadventures kajakschule","url":"https:\/\/arkadventures.ch\/","logo":{"@type":"ImageObject","inLanguage":"en-GB","@id":"https:\/\/arkadventures.ch\/#\/schema\/logo\/image\/","url":"https:\/\/arkadventures.ch\/wp-content\/uploads\/2023\/12\/Arkadventures-2.png","contentUrl":"https:\/\/arkadventures.ch\/wp-content\/uploads\/2023\/12\/Arkadventures-2.png","width":1500,"height":1500,"caption":"Arkadventures kajakschule"},"image":{"@id":"https:\/\/arkadventures.ch\/#\/schema\/logo\/image\/"},"sameAs":["https:\/\/www.facebook.com\/profile.php?id=100088808866414&locale=de_DE"]}]}},"_links":{"self":[{"href":"https:\/\/arkadventures.ch\/en\/wp-json\/wp\/v2\/pages\/2715","targetHints":{"allow":["GET"]}}],"collection":[{"href":"https:\/\/arkadventures.ch\/en\/wp-json\/wp\/v2\/pages"}],"about":[{"href":"https:\/\/arkadventures.ch\/en\/wp-json\/wp\/v2\/types\/page"}],"author":[{"embeddable":true,"href":"https:\/\/arkadventures.ch\/en\/wp-json\/wp\/v2\/users\/1"}],"replies":[{"embeddable":true,"href":"https:\/\/arkadventures.ch\/en\/wp-json\/wp\/v2\/comments?post=2715"}],"version-history":[{"count":5,"href":"https:\/\/arkadventures.ch\/en\/wp-json\/wp\/v2\/pages\/2715\/revisions"}],"predecessor-version":[{"id":3984,"href":"https:\/\/arkadventures.ch\/en\/wp-json\/wp\/v2\/pages\/2715\/revisions\/3984"}],"wp:featuredmedia":[{"embeddable":true,"href":"https:\/\/arkadventures.ch\/en\/wp-json\/wp\/v2\/media\/1609"}],"wp:attachment":[{"href":"https:\/\/arkadventures.ch\/en\/wp-json\/wp\/v2\/media?parent=2715"}],"curies":[{"name":"wp","href":"https:\/\/api.w.org\/{rel}","templated":true}]}}