{"id":2415,"date":"2025-01-10T16:27:03","date_gmt":"2025-01-10T16:27:03","guid":{"rendered":"https:\/\/arkadventures.ch\/?page_id=2415"},"modified":"2025-04-17T16:38:30","modified_gmt":"2025-04-17T16:38:30","slug":"unterstutzung","status":"publish","type":"page","link":"https:\/\/arkadventures.ch\/en\/unterstutzung\/","title":{"rendered":"Support for Charities"},"content":{"rendered":"<hr class=\"wp-block-kenta-blocks-separator kb-separator-e85537a3 kb-separator\"\/>\n\n\n\n<div class=\"wp-block-kenta-blocks-heading kb-heading kb-heading-h1 kb-heading-bb881297\"><h1 class=\"\">Water Experiences for Everyone \u2013 Support for Foundations and People with Disabilities<\/h1><\/div>\n\n\n\n<div class=\"wp-block-kenta-blocks-slides kb-slides-71e00420 kb-slides\"><button class=\"kb-slides-prev-arrow kb-slides-arrow\" id=\"kb-slides-prev-71e00420\"><i class=\"fas fa-chevron-left\"><\/i><\/button><div class=\"kb-slides-inner-container\">\n<div class=\"wp-block-kenta-blocks-slide-item kb-slide-item-f0869da7 kb-slide-item\"><div class=\"kb-slide-item-inner-container\">\n<figure class=\"wp-block-image alignfull size-large\"><img fetchpriority=\"high\" decoding=\"async\" width=\"1024\" height=\"768\" src=\"https:\/\/arkadventures.ch\/wp-content\/uploads\/2025\/01\/20231029_142244-1024x768.jpg\" alt=\"Zwei Kajak fahre auf dem Fluss \" class=\"wp-image-2454\"\/><\/figure>\n<\/div><\/div>\n\n\n\n<div class=\"wp-block-kenta-blocks-slide-item kb-slide-item-98f21618 kb-slide-item\"><div class=\"kb-slide-item-inner-container\">\n<figure class=\"wp-block-image size-full\"><img decoding=\"async\" width=\"1024\" height=\"768\" src=\"https:\/\/arkadventures.ch\/wp-content\/uploads\/2025\/01\/IMG-20240202-WA0049.jpg\" alt=\"Roll trainieren mit dem Kajak \" class=\"wp-image-2455\" srcset=\"https:\/\/arkadventures.ch\/wp-content\/uploads\/2025\/01\/IMG-20240202-WA0049.jpg 1024w, https:\/\/arkadventures.ch\/wp-content\/uploads\/2025\/01\/IMG-20240202-WA0049-300x225.jpg 300w, https:\/\/arkadventures.ch\/wp-content\/uploads\/2025\/01\/IMG-20240202-WA0049-768x576.jpg 768w, https:\/\/arkadventures.ch\/wp-content\/uploads\/2025\/01\/IMG-20240202-WA0049-16x12.jpg 16w\" sizes=\"(max-width: 1024px) 100vw, 1024px\" \/><\/figure>\n<\/div><\/div>\n\n\n\n<div class=\"wp-block-kenta-blocks-slide-item kb-slide-item-de1753c4 kb-slide-item\"><div class=\"kb-slide-item-inner-container\">\n<figure class=\"wp-block-image size-large\"><img decoding=\"async\" width=\"1024\" height=\"683\" src=\"https:\/\/arkadventures.ch\/wp-content\/uploads\/2025\/01\/404467494_831745295624763_5593933234943485808_n-1024x683.jpeg\" alt=\"Kajak fahre im nepal\" class=\"wp-image-2460\" srcset=\"https:\/\/arkadventures.ch\/wp-content\/uploads\/2025\/01\/404467494_831745295624763_5593933234943485808_n-1024x683.jpeg 1024w, https:\/\/arkadventures.ch\/wp-content\/uploads\/2025\/01\/404467494_831745295624763_5593933234943485808_n-300x200.jpeg 300w, https:\/\/arkadventures.ch\/wp-content\/uploads\/2025\/01\/404467494_831745295624763_5593933234943485808_n-768x512.jpeg 768w, https:\/\/arkadventures.ch\/wp-content\/uploads\/2025\/01\/404467494_831745295624763_5593933234943485808_n-1536x1024.jpeg 1536w, https:\/\/arkadventures.ch\/wp-content\/uploads\/2025\/01\/404467494_831745295624763_5593933234943485808_n-18x12.jpeg 18w, https:\/\/arkadventures.ch\/wp-content\/uploads\/2025\/01\/404467494_831745295624763_5593933234943485808_n.jpeg 2048w\" sizes=\"(max-width: 1024px) 100vw, 1024px\" \/><\/figure>\n<\/div><\/div>\n<\/div><button class=\"kb-slides-next-arrow kb-slides-arrow\" id=\"kb-slides-next-71e00420\"><i class=\"fas fa-chevron-right\"><\/i><\/button><div class=\"kb-slides-dots\"><\/div><\/div>\n\n\n\n<hr class=\"wp-block-kenta-blocks-separator kb-separator-b54062e6 kb-separator\"\/>\n\n\n\n<div class=\"wp-block-kenta-blocks-paragraph kb-paragraph kb-paragraph-cd5aaa70\"><p class=\"\"><strong>Welcome to Arkadventures<br><\/strong><br>I believe that everyone should have the opportunity to experience adventure on the water \u2013 regardless of personal circumstances. <br><br>With Arkadventures, I offer kayaking courses and water adventure days specifically designed to support people with various needs and abilities. <br><br>Whether it's for foundations or individuals with disabilities \u2013 everyone is welcome here!<\/p><\/div>\n\n\n\n<hr class=\"wp-block-kenta-blocks-separator kb-separator-04a08ddc kb-separator\"\/>\n\n\n\n<div class=\"wp-block-kenta-blocks-heading kb-heading kb-heading-h3 kb-heading-12f98f96\"><h3 class=\"\">Individual support and unforgettable experiences<\/h3><\/div>\n\n\n\n<p>I want to ensure that every participant can enjoy kayaking \u2013 in a safe and supportive environment. <\/p>\n\n\n\n<p>For people with disabilities, I provide individual support to make the water experience both safe and enriching.<\/p>\n\n\n\n<hr class=\"wp-block-kenta-blocks-separator kb-separator-dc94e4ea kb-separator\"\/>\n\n\n\n<div class=\"wp-block-kenta-blocks-heading kb-heading kb-heading-h2 kb-heading-64791f95\"><h2 class=\"\"><strong>Kayaking activities available<\/strong><\/h2><\/div>\n\n\n\n<ul class=\"wp-block-list\">\n<li><strong>Water Adventure Days for Groups<\/strong> \n<ul class=\"wp-block-list\">\n<li>These are ideal for charities that want to offer their members and people they help a special day on the water. I teach kayaking that meets the needs of all participants.<\/li>\n<\/ul>\n<\/li>\n<\/ul>\n\n\n\n<ul class=\"wp-block-list\">\n<li><strong>Individual Kayaking Courses<\/strong>\n<ul class=\"wp-block-list\">\n<li>Individuals who need special support can book private kayaking lessons with me. These are specifically designed for people with physical disabilities.<\/li>\n<\/ul>\n<\/li>\n<\/ul>\n\n\n\n<ul class=\"wp-block-list\">\n<li><strong>Spontaneous Day Trips on the Water<\/strong>\n<ul class=\"wp-block-list\">\n<li>These day trips offer a great opportunity to spend the day in nature and discover kayaking in a small group. Perfect for those who want to experience the activity in a relaxed way.<\/li>\n<\/ul>\n<\/li>\n<\/ul>\n\n\n\n<hr class=\"wp-block-kenta-blocks-separator kb-separator-d86c746d kb-separator\"\/>\n\n\n\n<div class=\"wp-block-kenta-blocks-heading kb-heading kb-heading-h3 kb-heading-b66771cf\"><h3 class=\"\">Why Arkadventures<\/h3><\/div>\n\n\n\n<ul class=\"wp-block-list\">\n<li><strong>Experience and Understanding<\/strong> \n<ul class=\"wp-block-list\">\n<li>With years of experience working with people with diverse needs, I know how important patience and empathy are. Safety and well-being are always my top priority.<\/li>\n<\/ul>\n<\/li>\n<\/ul>\n\n\n\n<ul class=\"wp-block-list\">\n<li><strong>Individual Care<\/strong> \n<ul class=\"wp-block-list\">\n<li>Every participant receives the support they need to enjoy kayaking safely and have the most fun out on the water.<\/li>\n<\/ul>\n<\/li>\n<\/ul>\n\n\n\n<ul class=\"wp-block-list\">\n<li><strong>Safety<\/strong> \n<ul class=\"wp-block-list\">\n<li>As an experienced kayaking instructor, I ensure that the day on the water is always safe and enjoyable.<\/li>\n<\/ul>\n<\/li>\n<\/ul>\n\n\n\n<hr class=\"wp-block-kenta-blocks-separator kb-separator-692a05c5 kb-separator\"\/>\n\n\n\n<div class=\"wp-block-kenta-blocks-heading kb-heading kb-heading-h2 kb-heading-c39e16ff\"><h2 class=\"\"><strong>How it works:<\/strong><\/h2><\/div>\n\n\n\n<ol class=\"wp-block-list\">\n<li><strong>Contact:<\/strong> \n<ul class=\"wp-block-list\">\n<li>If you or your foundation are interested in a water experience, simply contact me via the contact form or give me a call.<\/li>\n<\/ul>\n<\/li>\n\n\n\n<li><strong>Tailored Planning:<\/strong> \n<ul class=\"wp-block-list\">\n<li>I\u2019ll discuss the needs of the group or individuals with you and plan the experience accordingly.<\/li>\n<\/ul>\n<\/li>\n\n\n\n<li><strong>Together on the Water:<\/strong> \n<ul class=\"wp-block-list\">\n<li>On the agreed day, we meet and go out on the water together \u2013 with fun, safety, and many great moments!<\/li>\n<\/ul>\n<\/li>\n<\/ol>\n\n\n\n<hr class=\"wp-block-kenta-blocks-separator kb-separator-e0fdd94f kb-separator\"\/>\n\n\n\n<div class=\"wp-block-kenta-blocks-heading kb-heading kb-heading-h2 kb-heading-d9ac55cd\"><h2 class=\"\"><strong>Get in touch with me!<\/strong><\/h2><\/div>\n\n\n\n<div class=\"wp-block-kenta-blocks-paragraph kb-paragraph kb-paragraph-abf8b87e\"><p class=\"\">I look forward to providing you and your group with an unforgettable experience on the water. Whether you represent a foundation supporting people with special needs or just want to experience a kayaking adventure \u2013 everyone is welcome at Arkadventures!<\/p><\/div>\n\n\n\n<div class=\"wp-block-buttons is-content-justification-center is-layout-flex wp-container-core-buttons-is-layout-a89b3969 wp-block-buttons-is-layout-flex\">\n<div class=\"wp-block-button\"><a class=\"wp-block-button__link has-text-align-center wp-element-button\" href=\"https:\/\/arkadventures.ch\/en\/kontakt\/\">Contact<\/a><\/div>\n<\/div>\n\n\n\n<p><\/p>","protected":false},"excerpt":{"rendered":"<p>Ich m\u00f6chte sicherstellen, dass jeder Teilnehmer das Kajakfahren geniessen kann \u2013 in einer sicheren und unterst\u00fctzenden Umgebung. F\u00fcr Menschen mit k\u00f6rperlichen oder geistigen Beeintr\u00e4chtigungen stelle ich individuelle Unterst\u00fctzung zur Verf\u00fcgung, damit das Erlebnis auf dem Wasser sowohl sicher als auch bereichernd wird.<\/p>","protected":false},"author":1,"featured_media":1336,"parent":0,"menu_order":0,"comment_status":"closed","ping_status":"closed","template":"","meta":{"site-container-style":"default","site-container-layout":"default","site-sidebar-layout":"default","site-transparent-header":"default","disable-article-header":"default","disable-site-header":"default","disable-site-footer":"default","disable-content-area-spacing":"default","footnotes":""},"class_list":["post-2415","page","type-page","status-publish","has-post-thumbnail","hentry"],"yoast_head":"<!-- This site is optimized with the Yoast SEO plugin v27.6 - https:\/\/yoast.com\/product\/yoast-seo-wordpress\/ -->\n<title>Unterst\u00fctzung f\u00fcr Stiftungen - Arkadventures<\/title>\n<meta name=\"robots\" content=\"index, follow, max-snippet:-1, max-image-preview:large, max-video-preview:-1\" \/>\n<link rel=\"canonical\" href=\"https:\/\/arkadventures.ch\/en\/unterstutzung\/\" \/>\n<meta property=\"og:locale\" content=\"en_GB\" \/>\n<meta property=\"og:type\" content=\"article\" \/>\n<meta property=\"og:title\" content=\"Unterst\u00fctzung f\u00fcr Stiftungen - Arkadventures\" \/>\n<meta property=\"og:description\" content=\"Ich m\u00f6chte sicherstellen, dass jeder Teilnehmer das Kajakfahren geniessen kann \u2013 in einer sicheren und unterst\u00fctzenden Umgebung. F\u00fcr Menschen mit k\u00f6rperlichen oder geistigen Beeintr\u00e4chtigungen stelle ich individuelle Unterst\u00fctzung zur Verf\u00fcgung, damit das Erlebnis auf dem Wasser sowohl sicher als auch bereichernd wird.\" \/>\n<meta property=\"og:url\" content=\"https:\/\/arkadventures.ch\/en\/unterstutzung\/\" \/>\n<meta property=\"og:site_name\" content=\"Arkadventures\" \/>\n<meta property=\"article:publisher\" content=\"https:\/\/www.facebook.com\/profile.php?id=100088808866414&amp;locale=de_DE\" \/>\n<meta property=\"article:modified_time\" content=\"2025-04-17T16:38:30+00:00\" \/>\n<meta property=\"og:image\" content=\"https:\/\/arkadventures.ch\/wp-content\/uploads\/2024\/05\/IMG_20240503_190723_311.webp\" \/>\n\t<meta property=\"og:image:width\" content=\"1440\" \/>\n\t<meta property=\"og:image:height\" content=\"1440\" \/>\n\t<meta property=\"og:image:type\" content=\"image\/webp\" \/>\n<meta name=\"twitter:card\" content=\"summary_large_image\" \/>\n<meta name=\"twitter:label1\" content=\"Estimated reading time\" \/>\n\t<meta name=\"twitter:data1\" content=\"4 minutes\" \/>\n<script type=\"application\/ld+json\" class=\"yoast-schema-graph\">{\"@context\":\"https:\\\/\\\/schema.org\",\"@graph\":[{\"@type\":\"WebPage\",\"@id\":\"https:\\\/\\\/arkadventures.ch\\\/unterstutzung\\\/\",\"url\":\"https:\\\/\\\/arkadventures.ch\\\/unterstutzung\\\/\",\"name\":\"Unterst\u00fctzung f\u00fcr Stiftungen - Arkadventures\",\"isPartOf\":{\"@id\":\"https:\\\/\\\/arkadventures.ch\\\/#website\"},\"primaryImageOfPage\":{\"@id\":\"https:\\\/\\\/arkadventures.ch\\\/unterstutzung\\\/#primaryimage\"},\"image\":{\"@id\":\"https:\\\/\\\/arkadventures.ch\\\/unterstutzung\\\/#primaryimage\"},\"thumbnailUrl\":\"https:\\\/\\\/arkadventures.ch\\\/wp-content\\\/uploads\\\/2024\\\/05\\\/IMG_20240503_190723_311-e1751276535441.webp\",\"datePublished\":\"2025-01-10T16:27:03+00:00\",\"dateModified\":\"2025-04-17T16:38:30+00:00\",\"breadcrumb\":{\"@id\":\"https:\\\/\\\/arkadventures.ch\\\/unterstutzung\\\/#breadcrumb\"},\"inLanguage\":\"en-GB\",\"potentialAction\":[{\"@type\":\"ReadAction\",\"target\":[\"https:\\\/\\\/arkadventures.ch\\\/unterstutzung\\\/\"]}]},{\"@type\":\"ImageObject\",\"inLanguage\":\"en-GB\",\"@id\":\"https:\\\/\\\/arkadventures.ch\\\/unterstutzung\\\/#primaryimage\",\"url\":\"https:\\\/\\\/arkadventures.ch\\\/wp-content\\\/uploads\\\/2024\\\/05\\\/IMG_20240503_190723_311-e1751276535441.webp\",\"contentUrl\":\"https:\\\/\\\/arkadventures.ch\\\/wp-content\\\/uploads\\\/2024\\\/05\\\/IMG_20240503_190723_311-e1751276535441.webp\",\"width\":700,\"height\":700},{\"@type\":\"BreadcrumbList\",\"@id\":\"https:\\\/\\\/arkadventures.ch\\\/unterstutzung\\\/#breadcrumb\",\"itemListElement\":[{\"@type\":\"ListItem\",\"position\":1,\"name\":\"Startseite\",\"item\":\"https:\\\/\\\/arkadventures.ch\\\/\"},{\"@type\":\"ListItem\",\"position\":2,\"name\":\"Unterst\u00fctzung f\u00fcr Stiftungen\"}]},{\"@type\":\"WebSite\",\"@id\":\"https:\\\/\\\/arkadventures.ch\\\/#website\",\"url\":\"https:\\\/\\\/arkadventures.ch\\\/\",\"name\":\"Arkadventures\",\"description\":\"Down the river with you\",\"publisher\":{\"@id\":\"https:\\\/\\\/arkadventures.ch\\\/#organization\"},\"potentialAction\":[{\"@type\":\"SearchAction\",\"target\":{\"@type\":\"EntryPoint\",\"urlTemplate\":\"https:\\\/\\\/arkadventures.ch\\\/?s={search_term_string}\"},\"query-input\":{\"@type\":\"PropertyValueSpecification\",\"valueRequired\":true,\"valueName\":\"search_term_string\"}}],\"inLanguage\":\"en-GB\"},{\"@type\":\"Organization\",\"@id\":\"https:\\\/\\\/arkadventures.ch\\\/#organization\",\"name\":\"Arkadventures kajakschule\",\"url\":\"https:\\\/\\\/arkadventures.ch\\\/\",\"logo\":{\"@type\":\"ImageObject\",\"inLanguage\":\"en-GB\",\"@id\":\"https:\\\/\\\/arkadventures.ch\\\/#\\\/schema\\\/logo\\\/image\\\/\",\"url\":\"https:\\\/\\\/arkadventures.ch\\\/wp-content\\\/uploads\\\/2023\\\/12\\\/Arkadventures-2.png\",\"contentUrl\":\"https:\\\/\\\/arkadventures.ch\\\/wp-content\\\/uploads\\\/2023\\\/12\\\/Arkadventures-2.png\",\"width\":1500,\"height\":1500,\"caption\":\"Arkadventures kajakschule\"},\"image\":{\"@id\":\"https:\\\/\\\/arkadventures.ch\\\/#\\\/schema\\\/logo\\\/image\\\/\"},\"sameAs\":[\"https:\\\/\\\/www.facebook.com\\\/profile.php?id=100088808866414&locale=de_DE\"]}]}<\/script>\n<!-- \/ Yoast SEO plugin. -->","yoast_head_json":{"title":"Unterst\u00fctzung f\u00fcr Stiftungen - Arkadventures","robots":{"index":"index","follow":"follow","max-snippet":"max-snippet:-1","max-image-preview":"max-image-preview:large","max-video-preview":"max-video-preview:-1"},"canonical":"https:\/\/arkadventures.ch\/en\/unterstutzung\/","og_locale":"en_GB","og_type":"article","og_title":"Unterst\u00fctzung f\u00fcr Stiftungen - Arkadventures","og_description":"Ich m\u00f6chte sicherstellen, dass jeder Teilnehmer das Kajakfahren geniessen kann \u2013 in einer sicheren und unterst\u00fctzenden Umgebung. F\u00fcr Menschen mit k\u00f6rperlichen oder geistigen Beeintr\u00e4chtigungen stelle ich individuelle Unterst\u00fctzung zur Verf\u00fcgung, damit das Erlebnis auf dem Wasser sowohl sicher als auch bereichernd wird.","og_url":"https:\/\/arkadventures.ch\/en\/unterstutzung\/","og_site_name":"Arkadventures","article_publisher":"https:\/\/www.facebook.com\/profile.php?id=100088808866414&locale=de_DE","article_modified_time":"2025-04-17T16:38:30+00:00","og_image":[{"width":1440,"height":1440,"url":"https:\/\/arkadventures.ch\/wp-content\/uploads\/2024\/05\/IMG_20240503_190723_311.webp","type":"image\/webp"}],"twitter_card":"summary_large_image","twitter_misc":{"Estimated reading time":"4 minutes"},"schema":{"@context":"https:\/\/schema.org","@graph":[{"@type":"WebPage","@id":"https:\/\/arkadventures.ch\/unterstutzung\/","url":"https:\/\/arkadventures.ch\/unterstutzung\/","name":"Unterst\u00fctzung f\u00fcr Stiftungen - Arkadventures","isPartOf":{"@id":"https:\/\/arkadventures.ch\/#website"},"primaryImageOfPage":{"@id":"https:\/\/arkadventures.ch\/unterstutzung\/#primaryimage"},"image":{"@id":"https:\/\/arkadventures.ch\/unterstutzung\/#primaryimage"},"thumbnailUrl":"https:\/\/arkadventures.ch\/wp-content\/uploads\/2024\/05\/IMG_20240503_190723_311-e1751276535441.webp","datePublished":"2025-01-10T16:27:03+00:00","dateModified":"2025-04-17T16:38:30+00:00","breadcrumb":{"@id":"https:\/\/arkadventures.ch\/unterstutzung\/#breadcrumb"},"inLanguage":"en-GB","potentialAction":[{"@type":"ReadAction","target":["https:\/\/arkadventures.ch\/unterstutzung\/"]}]},{"@type":"ImageObject","inLanguage":"en-GB","@id":"https:\/\/arkadventures.ch\/unterstutzung\/#primaryimage","url":"https:\/\/arkadventures.ch\/wp-content\/uploads\/2024\/05\/IMG_20240503_190723_311-e1751276535441.webp","contentUrl":"https:\/\/arkadventures.ch\/wp-content\/uploads\/2024\/05\/IMG_20240503_190723_311-e1751276535441.webp","width":700,"height":700},{"@type":"BreadcrumbList","@id":"https:\/\/arkadventures.ch\/unterstutzung\/#breadcrumb","itemListElement":[{"@type":"ListItem","position":1,"name":"Startseite","item":"https:\/\/arkadventures.ch\/"},{"@type":"ListItem","position":2,"name":"Unterst\u00fctzung f\u00fcr Stiftungen"}]},{"@type":"WebSite","@id":"https:\/\/arkadventures.ch\/#website","url":"https:\/\/arkadventures.ch\/","name":"Arkadventures","description":"Down the river with you","publisher":{"@id":"https:\/\/arkadventures.ch\/#organization"},"potentialAction":[{"@type":"SearchAction","target":{"@type":"EntryPoint","urlTemplate":"https:\/\/arkadventures.ch\/?s={search_term_string}"},"query-input":{"@type":"PropertyValueSpecification","valueRequired":true,"valueName":"search_term_string"}}],"inLanguage":"en-GB"},{"@type":"Organization","@id":"https:\/\/arkadventures.ch\/#organization","name":"Arkadventures kajakschule","url":"https:\/\/arkadventures.ch\/","logo":{"@type":"ImageObject","inLanguage":"en-GB","@id":"https:\/\/arkadventures.ch\/#\/schema\/logo\/image\/","url":"https:\/\/arkadventures.ch\/wp-content\/uploads\/2023\/12\/Arkadventures-2.png","contentUrl":"https:\/\/arkadventures.ch\/wp-content\/uploads\/2023\/12\/Arkadventures-2.png","width":1500,"height":1500,"caption":"Arkadventures kajakschule"},"image":{"@id":"https:\/\/arkadventures.ch\/#\/schema\/logo\/image\/"},"sameAs":["https:\/\/www.facebook.com\/profile.php?id=100088808866414&locale=de_DE"]}]}},"_links":{"self":[{"href":"https:\/\/arkadventures.ch\/en\/wp-json\/wp\/v2\/pages\/2415","targetHints":{"allow":["GET"]}}],"collection":[{"href":"https:\/\/arkadventures.ch\/en\/wp-json\/wp\/v2\/pages"}],"about":[{"href":"https:\/\/arkadventures.ch\/en\/wp-json\/wp\/v2\/types\/page"}],"author":[{"embeddable":true,"href":"https:\/\/arkadventures.ch\/en\/wp-json\/wp\/v2\/users\/1"}],"replies":[{"embeddable":true,"href":"https:\/\/arkadventures.ch\/en\/wp-json\/wp\/v2\/comments?post=2415"}],"version-history":[{"count":0,"href":"https:\/\/arkadventures.ch\/en\/wp-json\/wp\/v2\/pages\/2415\/revisions"}],"wp:featuredmedia":[{"embeddable":true,"href":"https:\/\/arkadventures.ch\/en\/wp-json\/wp\/v2\/media\/1336"}],"wp:attachment":[{"href":"https:\/\/arkadventures.ch\/en\/wp-json\/wp\/v2\/media?parent=2415"}],"curies":[{"name":"wp","href":"https:\/\/api.w.org\/{rel}","templated":true}]}}