{"id":17,"date":"2023-12-05T02:12:19","date_gmt":"2023-12-05T02:12:19","guid":{"rendered":"https:\/\/kentatheme.com\/travel-journal\/?page_id=17"},"modified":"2025-09-05T13:47:04","modified_gmt":"2025-09-05T13:47:04","slug":"info","status":"publish","type":"page","link":"https:\/\/arkadventures.ch\/en\/info\/","title":{"rendered":"the Arkadventures Kayak school"},"content":{"rendered":"<div class=\"wp-block-cover alignfull is-light has-custom-content-position is-position-bottom-center has-text-color\" style=\"color:#fefefe;padding-bottom:var(--wp--preset--spacing--80);min-height:360px;aspect-ratio:unset;\"><img fetchpriority=\"high\" decoding=\"async\" width=\"1800\" height=\"1200\" class=\"wp-block-cover__image-background wp-image-335\" alt=\"Rheinschlucht in Kanton Graub\u00fcnden Kajak Kurs Arkadventures\" src=\"https:\/\/arkadventures.ch\/wp-content\/uploads\/2023\/12\/Panorama_Rheinschlucht-1800x1200-2.jpeg\" data-object-fit=\"cover\" srcset=\"https:\/\/arkadventures.ch\/wp-content\/uploads\/2023\/12\/Panorama_Rheinschlucht-1800x1200-2.jpeg 1800w, https:\/\/arkadventures.ch\/wp-content\/uploads\/2023\/12\/Panorama_Rheinschlucht-1800x1200-2-300x200.jpeg 300w, https:\/\/arkadventures.ch\/wp-content\/uploads\/2023\/12\/Panorama_Rheinschlucht-1800x1200-2-1024x683.jpeg 1024w, https:\/\/arkadventures.ch\/wp-content\/uploads\/2023\/12\/Panorama_Rheinschlucht-1800x1200-2-768x512.jpeg 768w, https:\/\/arkadventures.ch\/wp-content\/uploads\/2023\/12\/Panorama_Rheinschlucht-1800x1200-2-1536x1024.jpeg 1536w\" sizes=\"(max-width: 1800px) 100vw, 1800px\" \/><span aria-hidden=\"true\" class=\"wp-block-cover__background has-background-dim\"><\/span><div class=\"wp-block-cover__inner-container has-global-padding is-layout-constrained wp-block-cover-is-layout-constrained\"><div class=\"kb-post-title kb-post-title-h1 kb-post-title-13a75db7 wp-block-kenta-blocks-post-title\"><h1>the Arkadventures Kayak school<\/h1><\/div><\/div><\/div>\n\n\n\n<div class=\"wp-block-group alignfull has-kenta-base-background-color has-background has-global-padding is-layout-constrained wp-block-group-is-layout-constrained\" style=\"padding-top:var(--wp--preset--spacing--80);padding-bottom:var(--wp--preset--spacing--80)\">\n<div class=\"wp-block-media-text has-media-on-the-right is-stacked-on-mobile\" style=\"grid-template-columns:auto 52%\"><div class=\"wp-block-media-text__content\">\n<div class=\"wp-block-kenta-blocks-heading kb-heading kb-heading-h2 kb-heading-f648e618\"><h2 class=\"\"> Why Arkadventures?<\/h2><\/div>\n\n\n\n<p><strong>It\u2019s just me \u2013 Noah \u2013 behind Arkadventures.<\/strong><br>In a small group, you\u2019ll learn to paddle at your own pace.<br>I\u2019m here for you \u2013 the most important thing is that you feel safe, have fun, and head home with a smile \u2026 and of course, keep paddling!<\/p>\n<\/div><figure class=\"wp-block-media-text__media\"><img decoding=\"async\" width=\"972\" height=\"1024\" src=\"https:\/\/arkadventures.ch\/wp-content\/uploads\/2025\/05\/IMG-20250528-WA0004-1-scaled-e1751288101941-972x1024.jpg\" alt=\"Noah Guide von Arkadventures Kajakschule\" class=\"wp-image-3040 size-full\" srcset=\"https:\/\/arkadventures.ch\/wp-content\/uploads\/2025\/05\/IMG-20250528-WA0004-1-scaled-e1751288101941-972x1024.jpg 972w, https:\/\/arkadventures.ch\/wp-content\/uploads\/2025\/05\/IMG-20250528-WA0004-1-scaled-e1751288101941-285x300.jpg 285w, https:\/\/arkadventures.ch\/wp-content\/uploads\/2025\/05\/IMG-20250528-WA0004-1-scaled-e1751288101941-768x809.jpg 768w, https:\/\/arkadventures.ch\/wp-content\/uploads\/2025\/05\/IMG-20250528-WA0004-1-scaled-e1751288101941-1458x1536.jpg 1458w, https:\/\/arkadventures.ch\/wp-content\/uploads\/2025\/05\/IMG-20250528-WA0004-1-scaled-e1751288101941-11x12.jpg 11w, https:\/\/arkadventures.ch\/wp-content\/uploads\/2025\/05\/IMG-20250528-WA0004-1-scaled-e1751288101941.jpg 1523w\" sizes=\"(max-width: 972px) 100vw, 972px\" \/><\/figure><\/div>\n<\/div>\n\n\n\n<p class=\"has-text-align-center\"><strong>Arkadventures Kajakschool is the official partner from tourism Bern<\/strong><\/p>\n\n\n\n<div class=\"wp-block-kenta-blocks-buttons kb-buttons kb-buttons-62e01ba3\">\n<div class=\"kb-button-wrapper kb-button-wrapper-cad580a4\"><a class=\"wp-block-kenta-blocks-button kb-button kb-button-cad580a4 kb-button-left\" href=\"https:\/\/bern.com\/de\/erleben\/aktivitaeten-und-ausfluege\/kajak-kurse-und-tagesausflug\"><span>Made in Bern<\/span><\/a><\/div>\n<\/div>\n\n\n\n<div class=\"wp-block-group has-global-padding is-layout-constrained wp-container-core-group-is-layout-9e6f2804 wp-block-group-is-layout-constrained\" style=\"padding-top:0;padding-bottom:var(--wp--preset--spacing--40);padding-left:0\">\n<hr class=\"wp-block-kenta-blocks-separator kb-separator-bc9730f7 kb-separator\"\/>\n\n\n\n<div class=\"wp-block-kenta-blocks-paragraph kb-paragraph kb-paragraph-0ed4a23d\"><p class=\"\"><strong><strong>Arkadventures, offers day trips and Multiday kayaking course on the water for individuals, friends, and families and as a team building event. <\/strong>oder als Teamausflug an.<br><br><strong> I offer activities and kayaking courses in the Canton of Bern, including kayak courses for absolute beginners to advanced paddlers. <\/strong><\/strong><br>Arkadventures<strong> is a small Kayakschool that allows you a truly personal and stress-free experience with a small group on the water.<\/strong><br><br><strong> With over 7 years of experience as a whitewater guide and a focus on safety and fun, you shouldn't miss your next adventure with Arkadventures.<\/strong><br><\/p><\/div>\n<\/div>\n\n\n\n<figure class=\"wp-block-image aligncenter size-full is-resized\"><img decoding=\"async\" src=\"https:\/\/arkadventures.ch\/wp-content\/uploads\/2023\/12\/IMG_1499-1-scaled.jpg\" alt=\"Bild von der Besitzer von Arkadventures. Freude im kajak auf eine fluss im Korsika.\" class=\"wp-image-331\" style=\"width:378px;height:auto\"\/><figcaption class=\"wp-element-caption\">Noah - Guide and owner Arkadventures<\/figcaption><\/figure>\n\n\n\n<ul class=\"wp-block-list\">\n<li>All guides are fully certified at the highest level.<\/li>\n\n\n\n<li>All speaking at least 2 languages <\/li>\n\n\n\n<li>Fully Certified<\/li>\n\n\n\n<li>Certified kayak instructor for youth and sports.<\/li>\n\n\n\n<li>Whitewater rescue  certified<\/li>\n<\/ul>\n\n\n\n<div class=\"wp-block-columns is-layout-flex wp-container-core-columns-is-layout-49b9bb15 wp-block-columns-is-layout-flex\" style=\"padding-top:var(--wp--preset--spacing--50);padding-right:var(--wp--preset--spacing--70);padding-bottom:var(--wp--preset--spacing--50);padding-left:var(--wp--preset--spacing--70)\">\n<div class=\"wp-block-column is-layout-flow wp-block-column-is-layout-flow\">\n<div class=\"wp-block-kenta-blocks-row kb-row-e2203cf2 kb-row\"><div class=\"kb-row-inner-container\">\n<div class=\"wp-block-group is-vertical is-layout-flex wp-container-core-group-is-layout-98bb686d wp-block-group-is-layout-flex\">\n<p class=\"has-kenta-accent-color has-text-color has-link-color has-ktj-font-medium-font-size wp-elements-e034b0b0a931ea325aa969d5c2ebe3f9\" style=\"margin-top:0;margin-right:0px;margin-bottom:0;margin-left:0px;font-style:normal;font-weight:700\">Why Arkadventures?<\/p>\n\n\n\n<p style=\"margin-top:0;margin-right:0;margin-bottom:0;margin-left:0\">Well, that's easy. After being asked where your ark is, After some time this idea turned into a passion. I now invite you to go down the river on the ark with Arkadventures!<\/p>\n\n\n\n<p style=\"margin-top:0;margin-right:0;margin-bottom:0;margin-left:0\">&#171;Down the river with you.&#187;<\/p>\n<\/div>\n<\/div><\/div>\n<\/div>\n<\/div>\n\n\n\n<div class=\"wp-block-cover alignfull has-kenta-accent-color has-text-color has-link-color wp-elements-aa8f358a7c73d26605e7ba8b8020b01f\"><span aria-hidden=\"true\" class=\"wp-block-cover__background has-kenta-base-300-background-color has-background-dim-100 has-background-dim\"><\/span><div class=\"wp-block-cover__inner-container has-global-padding is-layout-constrained wp-block-cover-is-layout-constrained\">\n<div class=\"wp-block-group has-global-padding is-layout-constrained wp-container-core-group-is-layout-9e6f2804 wp-block-group-is-layout-constrained\" style=\"padding-top:0;padding-bottom:var(--wp--preset--spacing--40);padding-left:0\">\n<div class=\"wp-block-kenta-blocks-heading kb-heading kb-heading-h2 kb-heading-1ea9c8fe\"><h2 class=\"\">&#8218;Down the river with you&#8216;<\/h2><\/div>\n\n\n\n<div class=\"wp-block-kenta-blocks-paragraph kb-paragraph kb-paragraph-8b8f9015\"><p class=\"\">By clicking on the start button below, you'll see our available activities, and the fun awaits you!<\/p><\/div>\n<\/div>\n\n\n\n<div class=\"wp-block-buttons has-custom-font-size has-ktj-font-large-font-size is-content-justification-center is-layout-flex wp-container-core-buttons-is-layout-a89b3969 wp-block-buttons-is-layout-flex\">\n<div class=\"wp-block-button\"><a class=\"wp-block-button__link has-custom-font-size wp-element-button\" href=\"https:\/\/arkadventures.ch\/en\/aktivitaten\/\" style=\"font-size:clamp(14px, 0.875rem + ((1vw - 3.2px) * 0.488), 18px);\">begin<\/a><\/div>\n<\/div>\n<\/div><\/div>","protected":false},"excerpt":{"rendered":"<p>Hinter Arkadventures stehe nur ich \u2013 Noah.In eine kleine Gruppe lernst du paddeln in deinem eigenen Tempo.Ich bin f\u00fcr dich da \u2013 das Wichtigste ist, dass du dich sicher f\u00fchlst, Spass hast und mit einem L\u00e4cheln nach Hause gehst \u2026 und nat\u00fcrlich weiter paddelst! Arkadventures ist offizieller Partner von Bern Tourismus.<\/p>","protected":false},"author":1,"featured_media":0,"parent":0,"menu_order":0,"comment_status":"closed","ping_status":"closed","template":"","meta":{"site-container-style":"default","site-container-layout":"default","site-sidebar-layout":"default","site-transparent-header":"enable","disable-article-header":"yes","disable-site-header":"default","disable-site-footer":"default","disable-content-area-spacing":"yes","footnotes":""},"class_list":["post-17","page","type-page","status-publish","hentry"],"yoast_head":"<!-- This site is optimized with the Yoast SEO plugin v27.6 - https:\/\/yoast.com\/product\/yoast-seo-wordpress\/ -->\n<title>Arkadventures Kajakschule - Arkadventures - Kajakschule Schweiz - Aktivit\u00e4ten - Down the river with you<\/title>\n<meta name=\"description\" content=\"Erfahren Sie mehr \u00fcber Arkadventures, die Kajakschule in Bern mit Kursen und Ausfl\u00fcgen f\u00fcr Anf\u00e4nger und Fortgeschrittene.\" \/>\n<meta name=\"robots\" content=\"index, follow, max-snippet:-1, max-image-preview:large, max-video-preview:-1\" \/>\n<link rel=\"canonical\" href=\"https:\/\/arkadventures.ch\/en\/info\/\" \/>\n<meta property=\"og:locale\" content=\"en_GB\" \/>\n<meta property=\"og:type\" content=\"article\" \/>\n<meta property=\"og:title\" content=\"Arkadventures Kajakschule - Arkadventures - Kajakschule Schweiz - Aktivit\u00e4ten - Down the river with you\" \/>\n<meta property=\"og:description\" content=\"Erfahren Sie mehr \u00fcber Arkadventures, die Kajakschule in Bern mit Kursen und Ausfl\u00fcgen f\u00fcr Anf\u00e4nger und Fortgeschrittene.\" \/>\n<meta property=\"og:url\" content=\"https:\/\/arkadventures.ch\/en\/info\/\" \/>\n<meta property=\"og:site_name\" content=\"Arkadventures\" \/>\n<meta property=\"article:publisher\" content=\"https:\/\/www.facebook.com\/profile.php?id=100088808866414&amp;locale=de_DE\" \/>\n<meta property=\"article:modified_time\" content=\"2025-09-05T13:47:04+00:00\" \/>\n<meta property=\"og:image\" content=\"https:\/\/arkadventures.ch\/wp-content\/uploads\/2023\/12\/Panorama_Rheinschlucht-1800x1200-2.jpeg\" \/>\n\t<meta property=\"og:image:width\" content=\"1800\" \/>\n\t<meta property=\"og:image:height\" content=\"1200\" \/>\n\t<meta property=\"og:image:type\" content=\"image\/jpeg\" \/>\n<meta name=\"twitter:card\" content=\"summary_large_image\" \/>\n<meta name=\"twitter:label1\" content=\"Estimated reading time\" \/>\n\t<meta name=\"twitter:data1\" content=\"2 minutes\" \/>\n<script type=\"application\/ld+json\" class=\"yoast-schema-graph\">{\"@context\":\"https:\\\/\\\/schema.org\",\"@graph\":[{\"@type\":\"WebPage\",\"@id\":\"https:\\\/\\\/arkadventures.ch\\\/info\\\/\",\"url\":\"https:\\\/\\\/arkadventures.ch\\\/info\\\/\",\"name\":\"Arkadventures Kajakschule - Arkadventures - Kajakschule Schweiz - Aktivit\u00e4ten - Down the river with you\",\"isPartOf\":{\"@id\":\"https:\\\/\\\/arkadventures.ch\\\/#website\"},\"primaryImageOfPage\":{\"@id\":\"https:\\\/\\\/arkadventures.ch\\\/info\\\/#primaryimage\"},\"image\":{\"@id\":\"https:\\\/\\\/arkadventures.ch\\\/info\\\/#primaryimage\"},\"thumbnailUrl\":\"https:\\\/\\\/arkadventures.ch\\\/wp-content\\\/uploads\\\/2023\\\/12\\\/Panorama_Rheinschlucht-1800x1200-2.jpeg\",\"datePublished\":\"2023-12-05T02:12:19+00:00\",\"dateModified\":\"2025-09-05T13:47:04+00:00\",\"description\":\"Erfahren Sie mehr \u00fcber Arkadventures, die Kajakschule in Bern mit Kursen und Ausfl\u00fcgen f\u00fcr Anf\u00e4nger und Fortgeschrittene.\",\"breadcrumb\":{\"@id\":\"https:\\\/\\\/arkadventures.ch\\\/info\\\/#breadcrumb\"},\"inLanguage\":\"en-GB\",\"potentialAction\":[{\"@type\":\"ReadAction\",\"target\":[\"https:\\\/\\\/arkadventures.ch\\\/info\\\/\"]}]},{\"@type\":\"ImageObject\",\"inLanguage\":\"en-GB\",\"@id\":\"https:\\\/\\\/arkadventures.ch\\\/info\\\/#primaryimage\",\"url\":\"https:\\\/\\\/arkadventures.ch\\\/wp-content\\\/uploads\\\/2023\\\/12\\\/Panorama_Rheinschlucht-1800x1200-2.jpeg\",\"contentUrl\":\"https:\\\/\\\/arkadventures.ch\\\/wp-content\\\/uploads\\\/2023\\\/12\\\/Panorama_Rheinschlucht-1800x1200-2.jpeg\"},{\"@type\":\"BreadcrumbList\",\"@id\":\"https:\\\/\\\/arkadventures.ch\\\/info\\\/#breadcrumb\",\"itemListElement\":[{\"@type\":\"ListItem\",\"position\":1,\"name\":\"Startseite\",\"item\":\"https:\\\/\\\/arkadventures.ch\\\/\"},{\"@type\":\"ListItem\",\"position\":2,\"name\":\"Arkadventures Kajakschule\"}]},{\"@type\":\"WebSite\",\"@id\":\"https:\\\/\\\/arkadventures.ch\\\/#website\",\"url\":\"https:\\\/\\\/arkadventures.ch\\\/\",\"name\":\"Arkadventures\",\"description\":\"Down the river with you\",\"publisher\":{\"@id\":\"https:\\\/\\\/arkadventures.ch\\\/#organization\"},\"potentialAction\":[{\"@type\":\"SearchAction\",\"target\":{\"@type\":\"EntryPoint\",\"urlTemplate\":\"https:\\\/\\\/arkadventures.ch\\\/?s={search_term_string}\"},\"query-input\":{\"@type\":\"PropertyValueSpecification\",\"valueRequired\":true,\"valueName\":\"search_term_string\"}}],\"inLanguage\":\"en-GB\"},{\"@type\":\"Organization\",\"@id\":\"https:\\\/\\\/arkadventures.ch\\\/#organization\",\"name\":\"Arkadventures kajakschule\",\"url\":\"https:\\\/\\\/arkadventures.ch\\\/\",\"logo\":{\"@type\":\"ImageObject\",\"inLanguage\":\"en-GB\",\"@id\":\"https:\\\/\\\/arkadventures.ch\\\/#\\\/schema\\\/logo\\\/image\\\/\",\"url\":\"https:\\\/\\\/arkadventures.ch\\\/wp-content\\\/uploads\\\/2023\\\/12\\\/Arkadventures-2.png\",\"contentUrl\":\"https:\\\/\\\/arkadventures.ch\\\/wp-content\\\/uploads\\\/2023\\\/12\\\/Arkadventures-2.png\",\"width\":1500,\"height\":1500,\"caption\":\"Arkadventures kajakschule\"},\"image\":{\"@id\":\"https:\\\/\\\/arkadventures.ch\\\/#\\\/schema\\\/logo\\\/image\\\/\"},\"sameAs\":[\"https:\\\/\\\/www.facebook.com\\\/profile.php?id=100088808866414&locale=de_DE\"]}]}<\/script>\n<!-- \/ Yoast SEO plugin. -->","yoast_head_json":{"title":"Arkadventures Kajakschule - Arkadventures - Kajakschule Schweiz - Aktivit\u00e4ten - Down the river with you","description":"Erfahren Sie mehr \u00fcber Arkadventures, die Kajakschule in Bern mit Kursen und Ausfl\u00fcgen f\u00fcr Anf\u00e4nger und Fortgeschrittene.","robots":{"index":"index","follow":"follow","max-snippet":"max-snippet:-1","max-image-preview":"max-image-preview:large","max-video-preview":"max-video-preview:-1"},"canonical":"https:\/\/arkadventures.ch\/en\/info\/","og_locale":"en_GB","og_type":"article","og_title":"Arkadventures Kajakschule - Arkadventures - Kajakschule Schweiz - Aktivit\u00e4ten - Down the river with you","og_description":"Erfahren Sie mehr \u00fcber Arkadventures, die Kajakschule in Bern mit Kursen und Ausfl\u00fcgen f\u00fcr Anf\u00e4nger und Fortgeschrittene.","og_url":"https:\/\/arkadventures.ch\/en\/info\/","og_site_name":"Arkadventures","article_publisher":"https:\/\/www.facebook.com\/profile.php?id=100088808866414&locale=de_DE","article_modified_time":"2025-09-05T13:47:04+00:00","og_image":[{"width":1800,"height":1200,"url":"https:\/\/arkadventures.ch\/wp-content\/uploads\/2023\/12\/Panorama_Rheinschlucht-1800x1200-2.jpeg","type":"image\/jpeg"}],"twitter_card":"summary_large_image","twitter_misc":{"Estimated reading time":"2 minutes"},"schema":{"@context":"https:\/\/schema.org","@graph":[{"@type":"WebPage","@id":"https:\/\/arkadventures.ch\/info\/","url":"https:\/\/arkadventures.ch\/info\/","name":"Arkadventures Kajakschule - Arkadventures - Kajakschule Schweiz - Aktivit\u00e4ten - Down the river with you","isPartOf":{"@id":"https:\/\/arkadventures.ch\/#website"},"primaryImageOfPage":{"@id":"https:\/\/arkadventures.ch\/info\/#primaryimage"},"image":{"@id":"https:\/\/arkadventures.ch\/info\/#primaryimage"},"thumbnailUrl":"https:\/\/arkadventures.ch\/wp-content\/uploads\/2023\/12\/Panorama_Rheinschlucht-1800x1200-2.jpeg","datePublished":"2023-12-05T02:12:19+00:00","dateModified":"2025-09-05T13:47:04+00:00","description":"Erfahren Sie mehr \u00fcber Arkadventures, die Kajakschule in Bern mit Kursen und Ausfl\u00fcgen f\u00fcr Anf\u00e4nger und Fortgeschrittene.","breadcrumb":{"@id":"https:\/\/arkadventures.ch\/info\/#breadcrumb"},"inLanguage":"en-GB","potentialAction":[{"@type":"ReadAction","target":["https:\/\/arkadventures.ch\/info\/"]}]},{"@type":"ImageObject","inLanguage":"en-GB","@id":"https:\/\/arkadventures.ch\/info\/#primaryimage","url":"https:\/\/arkadventures.ch\/wp-content\/uploads\/2023\/12\/Panorama_Rheinschlucht-1800x1200-2.jpeg","contentUrl":"https:\/\/arkadventures.ch\/wp-content\/uploads\/2023\/12\/Panorama_Rheinschlucht-1800x1200-2.jpeg"},{"@type":"BreadcrumbList","@id":"https:\/\/arkadventures.ch\/info\/#breadcrumb","itemListElement":[{"@type":"ListItem","position":1,"name":"Startseite","item":"https:\/\/arkadventures.ch\/"},{"@type":"ListItem","position":2,"name":"Arkadventures Kajakschule"}]},{"@type":"WebSite","@id":"https:\/\/arkadventures.ch\/#website","url":"https:\/\/arkadventures.ch\/","name":"Arkadventures","description":"Down the river with you","publisher":{"@id":"https:\/\/arkadventures.ch\/#organization"},"potentialAction":[{"@type":"SearchAction","target":{"@type":"EntryPoint","urlTemplate":"https:\/\/arkadventures.ch\/?s={search_term_string}"},"query-input":{"@type":"PropertyValueSpecification","valueRequired":true,"valueName":"search_term_string"}}],"inLanguage":"en-GB"},{"@type":"Organization","@id":"https:\/\/arkadventures.ch\/#organization","name":"Arkadventures kajakschule","url":"https:\/\/arkadventures.ch\/","logo":{"@type":"ImageObject","inLanguage":"en-GB","@id":"https:\/\/arkadventures.ch\/#\/schema\/logo\/image\/","url":"https:\/\/arkadventures.ch\/wp-content\/uploads\/2023\/12\/Arkadventures-2.png","contentUrl":"https:\/\/arkadventures.ch\/wp-content\/uploads\/2023\/12\/Arkadventures-2.png","width":1500,"height":1500,"caption":"Arkadventures kajakschule"},"image":{"@id":"https:\/\/arkadventures.ch\/#\/schema\/logo\/image\/"},"sameAs":["https:\/\/www.facebook.com\/profile.php?id=100088808866414&locale=de_DE"]}]}},"_links":{"self":[{"href":"https:\/\/arkadventures.ch\/en\/wp-json\/wp\/v2\/pages\/17","targetHints":{"allow":["GET"]}}],"collection":[{"href":"https:\/\/arkadventures.ch\/en\/wp-json\/wp\/v2\/pages"}],"about":[{"href":"https:\/\/arkadventures.ch\/en\/wp-json\/wp\/v2\/types\/page"}],"author":[{"embeddable":true,"href":"https:\/\/arkadventures.ch\/en\/wp-json\/wp\/v2\/users\/1"}],"replies":[{"embeddable":true,"href":"https:\/\/arkadventures.ch\/en\/wp-json\/wp\/v2\/comments?post=17"}],"version-history":[{"count":7,"href":"https:\/\/arkadventures.ch\/en\/wp-json\/wp\/v2\/pages\/17\/revisions"}],"predecessor-version":[{"id":3743,"href":"https:\/\/arkadventures.ch\/en\/wp-json\/wp\/v2\/pages\/17\/revisions\/3743"}],"wp:attachment":[{"href":"https:\/\/arkadventures.ch\/en\/wp-json\/wp\/v2\/media?parent=17"}],"curies":[{"name":"wp","href":"https:\/\/api.w.org\/{rel}","templated":true}]}}