{"id":131,"date":"2023-12-09T21:21:20","date_gmt":"2023-12-09T21:21:20","guid":{"rendered":"https:\/\/arkadventures.ch\/?page_id=131"},"modified":"2026-05-02T08:42:46","modified_gmt":"2026-05-02T08:42:46","slug":"vier-tages-wildwasser-kajak-kurs","status":"publish","type":"page","link":"https:\/\/arkadventures.ch\/en\/vier-tages-wildwasser-kajak-kurs\/","title":{"rendered":"Vier Tages Wildwasser Kajakkurs"},"content":{"rendered":"<div class=\"wp-block-group alignfull has-kenta-base-background-color has-background has-global-padding is-layout-constrained wp-block-group-is-layout-constrained\" style=\"padding-top:var(--wp--preset--spacing--80);padding-bottom:var(--wp--preset--spacing--80)\">\n<div class=\"wp-block-media-text is-stacked-on-mobile\" style=\"grid-template-columns:42% auto\"><figure class=\"wp-block-media-text__media\"><img fetchpriority=\"high\" decoding=\"async\" width=\"768\" height=\"1024\" src=\"https:\/\/arkadventures.ch\/wp-content\/uploads\/2023\/12\/20220613_105911-1-768x1024.jpg\" alt=\"Kajak Kurs auf dem Inn.\" class=\"wp-image-694 size-full\"\/><\/figure><div class=\"wp-block-media-text__content\">\n<div class=\"wp-block-kenta-blocks-heading kb-heading kb-heading-h2 kb-heading-60316211\"><h2 class=\"\">For more experienced paddlers that want to improve there Whitewater skills<\/h2><\/div>\n\n\n\n<p>Depending on the group we have many options to paddle various rivers and stop at rapids to practice and learn how to the run the rapids the best way possible.<\/p>\n\n\n\n<div class=\"wp-block-buttons is-layout-flex wp-block-buttons-is-layout-flex\">\n<div class=\"wp-block-button is-style-outline is-style-outline--1\"><a class=\"wp-block-button__link has-custom-font-size wp-element-button\" href=\"https:\/\/arkadventures.ch\/en\/vier-tages-kajak-kurs-buchen\/\" style=\"font-size:clamp(14px, 0.875rem + ((1vw - 3.2px) * 0.732), 20px);\">Booking From 400CHF<\/a><\/div>\n<\/div>\n<\/div><\/div>\n<\/div>\n\n\n\n<div class=\"wp-block-kenta-blocks-heading kb-heading kb-heading-h2 kb-heading-f38c6419\"><h2 class=\"\"><strong>Which rivers will we be paddling?<\/strong><\/h2><\/div>\n\n\n\n<ul class=\"wp-block-list\">\n<li>Sanna\/Oetz (AUT)<\/li>\n\n\n\n<li>Meeting Point <a href=\"https:\/\/www.google.com\/maps\/place\/47%C2%B015'34.0%22N+10%C2%B052'34.0%22E\/@47.2594444,10.8735362,576m\/data=!3m2!1e3!4b1!4m4!3m3!8m2!3d47.2594444!4d10.8761111?hl=de&amp;entry=ttu&amp;g_ep=EgoyMDI0MTIwNC4wIKXMDSoASAFQAw%3D%3D\">47\u00b015&#8217;34.0&#8243;N 10\u00b052&#8217;34.0&#8243;E<\/a><\/li>\n<\/ul>\n\n\n\n<hr class=\"wp-block-kenta-blocks-separator kb-separator-54ce253e kb-separator\"\/>\n\n\n\n<div class=\"wp-block-kenta-blocks-heading kb-heading kb-heading-h2 kb-heading-f83f8180\"><h2 class=\"\"><strong>Day Plan<\/strong><\/h2><\/div>\n\n\n\n<h1 class=\"wp-block-heading has-text-align-center has-kenta-accent-color has-text-color has-link-color has-ktj-font-large-font-size wp-elements-fb72154f7c3f2e387802c2dfc9309371\">Kajakkurs f\u00fcr fortgeschrittene<\/h1>\n\n\n\n<ul class=\"wp-block-list\">\n<li><strong>Day 1.<\/strong><\/li>\n\n\n\n<li>Begr\u00fcssung, Kursbesprechung<\/li>\n\n\n\n<li>Handing out all the equipment - if needed<\/li>\n\n\n\n<li>Padlling the Imsterschlucht<\/li>\n\n\n\n<li><strong>2\/3. Tag<\/strong><\/li>\n\n\n\n<li>Paddeln auf der Oetz\/ Sanna, Training an einem bestimmten Ort, wie wir denn eine Stromschnelle in Abschnitte unterteilen k\u00f6nnen, um sie besser fahrbar zu machen.<\/li>\n\n\n\n<li><strong>Day 4.<\/strong><\/li>\n\n\n\n<li>We train the whole day on the <strong>Sanna.<\/strong>The Focus is on paddling technique, the use of Eddies on the river, and running rapids repeatedly.<\/li>\n<\/ul>\n\n\n\n<hr class=\"wp-block-kenta-blocks-separator kb-separator-6a0e7029 kb-separator\"\/>\n\n\n\n<div class=\"wp-block-kenta-blocks-heading kb-heading kb-heading-h2 kb-heading-f543d86b\"><h2 class=\"\"><strong>What you learn<\/strong><\/h2><\/div>\n\n\n\n<ul class=\"wp-block-list\">\n<li>Working Individually on your Technique.<\/li>\n\n\n\n<li>Using Eddies to your advantage.<\/li>\n\n\n\n<li>River running and reading of the river.<\/li>\n\n\n\n<li>Running rapids with ease.<\/li>\n<\/ul>\n\n\n\n<hr class=\"wp-block-kenta-blocks-separator kb-separator-e27777d6 kb-separator\"\/>\n\n\n\n<div class=\"wp-block-kenta-blocks-heading kb-heading kb-heading-h2 kb-heading-f65e03d6\"><h2 class=\"\">Equipment can also be used and rented<\/h2><\/div>\n\n\n\n<ul class=\"wp-block-list\">\n<li>Kayak<\/li>\n\n\n\n<li>Paddle<\/li>\n\n\n\n<li>Spraydeck<\/li>\n\n\n\n<li>Boyancyaid<\/li>\n\n\n\n<li>Helmet<\/li>\n\n\n\n<li>Neoprene farmer wetsuit<\/li>\n\n\n\n<li>Paddle Jacket<\/li>\n<\/ul>\n\n\n\n<hr class=\"wp-block-kenta-blocks-separator kb-separator-6f20f150 kb-separator\"\/>\n\n\n\n<div class=\"wp-block-kenta-blocks-heading kb-heading kb-heading-h2 kb-heading-c5254cd9\"><h2 class=\"\"><strong>What should I bring?<\/strong><\/h2><\/div>\n\n\n\n<ul class=\"wp-block-list\">\n<li>Medical Supplies if needed (Asthma spray-Allergy medication)<\/li>\n\n\n\n<li>Swimming shorts<\/li>\n\n\n\n<li>Band for your glasses.<\/li>\n\n\n\n<li>Towel<\/li>\n\n\n\n<li>Depending on temperature, Thermal clothes, without cotton.<\/li>\n\n\n\n<li><strong>Closed Sport Shoes that can get wet.<\/strong><\/li>\n\n\n\n<li><strong>Something too eat for lunch and drink&nbsp;<\/strong>-for when on the river.<\/li>\n<\/ul>\n\n\n\n<h3 class=\"wp-block-heading has-text-align-center has-kenta-accent-color has-text-color has-link-color has-ktj-font-large-font-size wp-elements-94c99c51849da44c6bc6f4fa43b87c22\">Improve your whitewater paddling skills <\/h3>\n\n\n\n<hr class=\"wp-block-kenta-blocks-separator kb-separator-ecc8c4d0 kb-separator\"\/>\n\n\n\n<div class=\"wp-block-kenta-blocks-heading kb-heading kb-heading-h2 kb-heading-e74dcec6\"><h2 class=\"\"><br>Price<\/h2><\/div>\n\n\n\n<ul class=\"wp-block-list\">\n<li>For<strong> Jugendliche&nbsp;unter 16 Jahren 465&nbsp;CHF (Mit Ausr\u00fcstung 545 CHF)<\/strong><\/li>\n\n\n\n<li>For&nbsp;<strong>Erwachsene 515 CHF<\/strong> <strong>(Mit Ausr\u00fcstung 595 CHF)<\/strong><\/li>\n\n\n\n<li><strong>Including Photos from your day out on the water <\/strong><\/li>\n\n\n\n<li>Your preferred date not in the calendar?<a href=\"https:\/\/arkadventures.ch\/en\/kontakt\/\">&nbsp;Contact me<\/a>&nbsp;i will make it work!<\/li>\n\n\n\n<li>For all kayak courses, a group of 4 or more people at once get 10% discount <\/li>\n<\/ul>\n\n\n\n<div class=\"wp-block-buttons alignfull has-custom-font-size has-ktj-font-large-font-size is-horizontal is-content-justification-center is-layout-flex wp-container-core-buttons-is-layout-a5bab226 wp-block-buttons-is-layout-flex\" id=\"<a-href=&quot;https:\/\/bookwhen.com\/arkadventures&quot;-title=&quot;Book-online&quot;&gt;<img-src=&quot;https:\/\/d1abtw6bgq2xi2.cloudfront.net\/images\/bookonline_button.png&quot;-alt=&quot;Book-online&quot;-style=&quot;width:105px;height:22px;&quot;-\/&gt;<\/a&gt;\" style=\"border-style:none;border-width:0px;margin-top:0;margin-bottom:0;padding-top:0;padding-right:0;padding-bottom:0;padding-left:0\">\n<div class=\"wp-block-button\"><a class=\"wp-block-button__link wp-element-button\" href=\"https:\/\/arkadventures.ch\/en\/vier-tages-kajak-kurs-buchen\/\">To the Booking Page<\/a><\/div>\n<\/div>\n\n\n\n<hr class=\"wp-block-kenta-blocks-separator kb-separator-a8e8d68d kb-separator\"\/>\n\n\n\n<iframe src=\"https:\/\/bookwhen.com\/de\/arkadventures\/iframe?tags=4day\" frameborder=\"0\" scrolling=\"yes\" seamless=\"seamless\" style=\"display:block;border:none;width:100%;height:900px;\"><\/iframe>\n\n\n\n<hr class=\"wp-block-kenta-blocks-separator kb-separator-f22effc9 kb-separator\"\/>","protected":false},"excerpt":{"rendered":"<p>Hier, abh\u00e4ngig von der Gruppe, haben wir die M\u00f6glichkeit, mehrere Fl\u00fcsse zu befahren und an bestimmten Abschnitten jedes Flusses stationiert zu sein, um das richtige Befahren von Stromschnellen zu \u00fcben! Kajakkurs f\u00fcr fortgeschrittene Paddle Technik Verbessen<\/p>","protected":false},"author":1,"featured_media":1850,"parent":0,"menu_order":0,"comment_status":"closed","ping_status":"closed","template":"","meta":{"site-container-style":"default","site-container-layout":"default","site-sidebar-layout":"default","site-transparent-header":"default","disable-article-header":"default","disable-site-header":"default","disable-site-footer":"default","disable-content-area-spacing":"default","footnotes":""},"class_list":["post-131","page","type-page","status-publish","has-post-thumbnail","hentry"],"yoast_head":"<!-- This site is optimized with the Yoast SEO plugin v27.6 - https:\/\/yoast.com\/product\/yoast-seo-wordpress\/ -->\n<title>Vier Tages Wildwasser Kajakkurs - Arkadventures - Fortgeschrittene Kajakschule<\/title>\n<meta name=\"description\" content=\"F\u00fcr fortgeschrittene Paddler, die ihre Wildwasser skills verbessern m\u00f6chten. Hier perfekten wir deine Wildwasser Paddeln - Buchung ab CHF 400\" \/>\n<meta name=\"robots\" content=\"index, follow, max-snippet:-1, max-image-preview:large, max-video-preview:-1\" \/>\n<link rel=\"canonical\" href=\"https:\/\/arkadventures.ch\/en\/vier-tages-wildwasser-kajak-kurs\/\" \/>\n<meta property=\"og:locale\" content=\"en_GB\" \/>\n<meta property=\"og:type\" content=\"article\" \/>\n<meta property=\"og:title\" content=\"Vier Tages Wildwasser Kajakkurs - Arkadventures - Fortgeschrittene Kajakschule\" \/>\n<meta property=\"og:description\" content=\"F\u00fcr fortgeschrittene Paddler, die ihre Wildwasser skills verbessern m\u00f6chten. Hier perfekten wir deine Wildwasser Paddeln - Buchung ab CHF 400\" \/>\n<meta property=\"og:url\" content=\"https:\/\/arkadventures.ch\/en\/vier-tages-wildwasser-kajak-kurs\/\" \/>\n<meta property=\"og:site_name\" content=\"Arkadventures\" \/>\n<meta property=\"article:publisher\" content=\"https:\/\/www.facebook.com\/profile.php?id=100088808866414&amp;locale=de_DE\" \/>\n<meta property=\"article:modified_time\" content=\"2026-05-02T08:42:46+00:00\" \/>\n<meta property=\"og:image\" content=\"https:\/\/arkadventures.ch\/wp-content\/uploads\/2024\/10\/DSC06316-1-edited-scaled-e1751202111453.jpg\" \/>\n\t<meta property=\"og:image:width\" content=\"1000\" \/>\n\t<meta property=\"og:image:height\" content=\"1600\" \/>\n\t<meta property=\"og:image:type\" content=\"image\/jpeg\" \/>\n<meta name=\"twitter:card\" content=\"summary_large_image\" \/>\n<meta name=\"twitter:label1\" content=\"Estimated reading time\" \/>\n\t<meta name=\"twitter:data1\" content=\"2 minutes\" \/>\n<script type=\"application\/ld+json\" class=\"yoast-schema-graph\">{\"@context\":\"https:\\\/\\\/schema.org\",\"@graph\":[{\"@type\":\"WebPage\",\"@id\":\"https:\\\/\\\/arkadventures.ch\\\/vier-tages-wildwasser-kajak-kurs\\\/\",\"url\":\"https:\\\/\\\/arkadventures.ch\\\/vier-tages-wildwasser-kajak-kurs\\\/\",\"name\":\"Vier Tages Wildwasser Kajakkurs - Arkadventures - Fortgeschrittene Kajakschule\",\"isPartOf\":{\"@id\":\"https:\\\/\\\/arkadventures.ch\\\/#website\"},\"primaryImageOfPage\":{\"@id\":\"https:\\\/\\\/arkadventures.ch\\\/vier-tages-wildwasser-kajak-kurs\\\/#primaryimage\"},\"image\":{\"@id\":\"https:\\\/\\\/arkadventures.ch\\\/vier-tages-wildwasser-kajak-kurs\\\/#primaryimage\"},\"thumbnailUrl\":\"https:\\\/\\\/arkadventures.ch\\\/wp-content\\\/uploads\\\/2024\\\/10\\\/DSC06316-1-edited-scaled-e1751202111453.jpg\",\"datePublished\":\"2023-12-09T21:21:20+00:00\",\"dateModified\":\"2026-05-02T08:42:46+00:00\",\"description\":\"F\u00fcr fortgeschrittene Paddler, die ihre Wildwasser skills verbessern m\u00f6chten. Hier perfekten wir deine Wildwasser Paddeln - Buchung ab CHF 400\",\"breadcrumb\":{\"@id\":\"https:\\\/\\\/arkadventures.ch\\\/vier-tages-wildwasser-kajak-kurs\\\/#breadcrumb\"},\"inLanguage\":\"en-GB\",\"potentialAction\":[{\"@type\":\"ReadAction\",\"target\":[\"https:\\\/\\\/arkadventures.ch\\\/vier-tages-wildwasser-kajak-kurs\\\/\"]}]},{\"@type\":\"ImageObject\",\"inLanguage\":\"en-GB\",\"@id\":\"https:\\\/\\\/arkadventures.ch\\\/vier-tages-wildwasser-kajak-kurs\\\/#primaryimage\",\"url\":\"https:\\\/\\\/arkadventures.ch\\\/wp-content\\\/uploads\\\/2024\\\/10\\\/DSC06316-1-edited-scaled-e1751202111453.jpg\",\"contentUrl\":\"https:\\\/\\\/arkadventures.ch\\\/wp-content\\\/uploads\\\/2024\\\/10\\\/DSC06316-1-edited-scaled-e1751202111453.jpg\",\"width\":1000,\"height\":1600},{\"@type\":\"BreadcrumbList\",\"@id\":\"https:\\\/\\\/arkadventures.ch\\\/vier-tages-wildwasser-kajak-kurs\\\/#breadcrumb\",\"itemListElement\":[{\"@type\":\"ListItem\",\"position\":1,\"name\":\"Startseite\",\"item\":\"https:\\\/\\\/arkadventures.ch\\\/\"},{\"@type\":\"ListItem\",\"position\":2,\"name\":\"Vier Tages Wildwasser Kajakkurs\"}]},{\"@type\":\"WebSite\",\"@id\":\"https:\\\/\\\/arkadventures.ch\\\/#website\",\"url\":\"https:\\\/\\\/arkadventures.ch\\\/\",\"name\":\"Arkadventures\",\"description\":\"Down the river with you\",\"publisher\":{\"@id\":\"https:\\\/\\\/arkadventures.ch\\\/#organization\"},\"potentialAction\":[{\"@type\":\"SearchAction\",\"target\":{\"@type\":\"EntryPoint\",\"urlTemplate\":\"https:\\\/\\\/arkadventures.ch\\\/?s={search_term_string}\"},\"query-input\":{\"@type\":\"PropertyValueSpecification\",\"valueRequired\":true,\"valueName\":\"search_term_string\"}}],\"inLanguage\":\"en-GB\"},{\"@type\":\"Organization\",\"@id\":\"https:\\\/\\\/arkadventures.ch\\\/#organization\",\"name\":\"Arkadventures kajakschule\",\"url\":\"https:\\\/\\\/arkadventures.ch\\\/\",\"logo\":{\"@type\":\"ImageObject\",\"inLanguage\":\"en-GB\",\"@id\":\"https:\\\/\\\/arkadventures.ch\\\/#\\\/schema\\\/logo\\\/image\\\/\",\"url\":\"https:\\\/\\\/arkadventures.ch\\\/wp-content\\\/uploads\\\/2023\\\/12\\\/Arkadventures-2.png\",\"contentUrl\":\"https:\\\/\\\/arkadventures.ch\\\/wp-content\\\/uploads\\\/2023\\\/12\\\/Arkadventures-2.png\",\"width\":1500,\"height\":1500,\"caption\":\"Arkadventures kajakschule\"},\"image\":{\"@id\":\"https:\\\/\\\/arkadventures.ch\\\/#\\\/schema\\\/logo\\\/image\\\/\"},\"sameAs\":[\"https:\\\/\\\/www.facebook.com\\\/profile.php?id=100088808866414&locale=de_DE\"]}]}<\/script>\n<!-- \/ Yoast SEO plugin. -->","yoast_head_json":{"title":"Vier Tages Wildwasser Kajakkurs - Arkadventures - Fortgeschrittene Kajakschule","description":"F\u00fcr fortgeschrittene Paddler, die ihre Wildwasser skills verbessern m\u00f6chten. Hier perfekten wir deine Wildwasser Paddeln - Buchung ab CHF 400","robots":{"index":"index","follow":"follow","max-snippet":"max-snippet:-1","max-image-preview":"max-image-preview:large","max-video-preview":"max-video-preview:-1"},"canonical":"https:\/\/arkadventures.ch\/en\/vier-tages-wildwasser-kajak-kurs\/","og_locale":"en_GB","og_type":"article","og_title":"Vier Tages Wildwasser Kajakkurs - Arkadventures - Fortgeschrittene Kajakschule","og_description":"F\u00fcr fortgeschrittene Paddler, die ihre Wildwasser skills verbessern m\u00f6chten. Hier perfekten wir deine Wildwasser Paddeln - Buchung ab CHF 400","og_url":"https:\/\/arkadventures.ch\/en\/vier-tages-wildwasser-kajak-kurs\/","og_site_name":"Arkadventures","article_publisher":"https:\/\/www.facebook.com\/profile.php?id=100088808866414&locale=de_DE","article_modified_time":"2026-05-02T08:42:46+00:00","og_image":[{"width":1000,"height":1600,"url":"https:\/\/arkadventures.ch\/wp-content\/uploads\/2024\/10\/DSC06316-1-edited-scaled-e1751202111453.jpg","type":"image\/jpeg"}],"twitter_card":"summary_large_image","twitter_misc":{"Estimated reading time":"2 minutes"},"schema":{"@context":"https:\/\/schema.org","@graph":[{"@type":"WebPage","@id":"https:\/\/arkadventures.ch\/vier-tages-wildwasser-kajak-kurs\/","url":"https:\/\/arkadventures.ch\/vier-tages-wildwasser-kajak-kurs\/","name":"Vier Tages Wildwasser Kajakkurs - Arkadventures - Fortgeschrittene Kajakschule","isPartOf":{"@id":"https:\/\/arkadventures.ch\/#website"},"primaryImageOfPage":{"@id":"https:\/\/arkadventures.ch\/vier-tages-wildwasser-kajak-kurs\/#primaryimage"},"image":{"@id":"https:\/\/arkadventures.ch\/vier-tages-wildwasser-kajak-kurs\/#primaryimage"},"thumbnailUrl":"https:\/\/arkadventures.ch\/wp-content\/uploads\/2024\/10\/DSC06316-1-edited-scaled-e1751202111453.jpg","datePublished":"2023-12-09T21:21:20+00:00","dateModified":"2026-05-02T08:42:46+00:00","description":"F\u00fcr fortgeschrittene Paddler, die ihre Wildwasser skills verbessern m\u00f6chten. Hier perfekten wir deine Wildwasser Paddeln - Buchung ab CHF 400","breadcrumb":{"@id":"https:\/\/arkadventures.ch\/vier-tages-wildwasser-kajak-kurs\/#breadcrumb"},"inLanguage":"en-GB","potentialAction":[{"@type":"ReadAction","target":["https:\/\/arkadventures.ch\/vier-tages-wildwasser-kajak-kurs\/"]}]},{"@type":"ImageObject","inLanguage":"en-GB","@id":"https:\/\/arkadventures.ch\/vier-tages-wildwasser-kajak-kurs\/#primaryimage","url":"https:\/\/arkadventures.ch\/wp-content\/uploads\/2024\/10\/DSC06316-1-edited-scaled-e1751202111453.jpg","contentUrl":"https:\/\/arkadventures.ch\/wp-content\/uploads\/2024\/10\/DSC06316-1-edited-scaled-e1751202111453.jpg","width":1000,"height":1600},{"@type":"BreadcrumbList","@id":"https:\/\/arkadventures.ch\/vier-tages-wildwasser-kajak-kurs\/#breadcrumb","itemListElement":[{"@type":"ListItem","position":1,"name":"Startseite","item":"https:\/\/arkadventures.ch\/"},{"@type":"ListItem","position":2,"name":"Vier Tages Wildwasser Kajakkurs"}]},{"@type":"WebSite","@id":"https:\/\/arkadventures.ch\/#website","url":"https:\/\/arkadventures.ch\/","name":"Arkadventures","description":"Down the river with you","publisher":{"@id":"https:\/\/arkadventures.ch\/#organization"},"potentialAction":[{"@type":"SearchAction","target":{"@type":"EntryPoint","urlTemplate":"https:\/\/arkadventures.ch\/?s={search_term_string}"},"query-input":{"@type":"PropertyValueSpecification","valueRequired":true,"valueName":"search_term_string"}}],"inLanguage":"en-GB"},{"@type":"Organization","@id":"https:\/\/arkadventures.ch\/#organization","name":"Arkadventures kajakschule","url":"https:\/\/arkadventures.ch\/","logo":{"@type":"ImageObject","inLanguage":"en-GB","@id":"https:\/\/arkadventures.ch\/#\/schema\/logo\/image\/","url":"https:\/\/arkadventures.ch\/wp-content\/uploads\/2023\/12\/Arkadventures-2.png","contentUrl":"https:\/\/arkadventures.ch\/wp-content\/uploads\/2023\/12\/Arkadventures-2.png","width":1500,"height":1500,"caption":"Arkadventures kajakschule"},"image":{"@id":"https:\/\/arkadventures.ch\/#\/schema\/logo\/image\/"},"sameAs":["https:\/\/www.facebook.com\/profile.php?id=100088808866414&locale=de_DE"]}]}},"_links":{"self":[{"href":"https:\/\/arkadventures.ch\/en\/wp-json\/wp\/v2\/pages\/131","targetHints":{"allow":["GET"]}}],"collection":[{"href":"https:\/\/arkadventures.ch\/en\/wp-json\/wp\/v2\/pages"}],"about":[{"href":"https:\/\/arkadventures.ch\/en\/wp-json\/wp\/v2\/types\/page"}],"author":[{"embeddable":true,"href":"https:\/\/arkadventures.ch\/en\/wp-json\/wp\/v2\/users\/1"}],"replies":[{"embeddable":true,"href":"https:\/\/arkadventures.ch\/en\/wp-json\/wp\/v2\/comments?post=131"}],"version-history":[{"count":6,"href":"https:\/\/arkadventures.ch\/en\/wp-json\/wp\/v2\/pages\/131\/revisions"}],"predecessor-version":[{"id":4069,"href":"https:\/\/arkadventures.ch\/en\/wp-json\/wp\/v2\/pages\/131\/revisions\/4069"}],"wp:featuredmedia":[{"embeddable":true,"href":"https:\/\/arkadventures.ch\/en\/wp-json\/wp\/v2\/media\/1850"}],"wp:attachment":[{"href":"https:\/\/arkadventures.ch\/en\/wp-json\/wp\/v2\/media?parent=131"}],"curies":[{"name":"wp","href":"https:\/\/api.w.org\/{rel}","templated":true}]}}