{"id":127,"date":"2023-12-09T21:17:56","date_gmt":"2023-12-09T21:17:56","guid":{"rendered":"https:\/\/arkadventures.ch\/?page_id=127"},"modified":"2025-08-21T20:41:41","modified_gmt":"2025-08-21T20:41:41","slug":"drei-tages-wildwasser-kajak-kurs","status":"publish","type":"page","link":"https:\/\/arkadventures.ch\/en\/drei-tages-wildwasser-kajak-kurs\/","title":{"rendered":"Three Day whitewater Kayaking course"},"content":{"rendered":"<div class=\"wp-block-group alignfull has-kenta-base-background-color has-background has-global-padding is-layout-constrained wp-block-group-is-layout-constrained\" style=\"padding-top:var(--wp--preset--spacing--80);padding-bottom:var(--wp--preset--spacing--80)\">\n<div class=\"wp-block-media-text is-stacked-on-mobile is-image-fill-element\" style=\"grid-template-columns:41% auto\"><figure class=\"wp-block-media-text__media\"><img decoding=\"async\" src=\"https:\/\/arkadventures.ch\/wp-content\/uploads\/2024\/10\/DSC04680-2-scaled-e1751039586349.jpg\" alt=\"Paddeln und Schulung auf dem Fuss. Wildwasser Kajak Kurs\" class=\"wp-image-1614 size-full\" style=\"object-position:50% 50%\"\/><\/figure><div class=\"wp-block-media-text__content\">\n<div class=\"wp-block-kenta-blocks-heading kb-heading kb-heading-h1 kb-heading-60316211\"><h1 class=\"\">Beginner Whitewater kayak course<\/h1><\/div>\n\n\n\n<p>`<strong>Paddling Skills, Trust in yourself, And real fun down the river!<\/strong>`<\/p>\n\n\n\n<p>On this course, you learn how to us all the equipment. The wet exit and all the paddling strokes and techniques that allow you to paddle down the river and be able to control your kayak and paddle where you want to go.<\/p>\n\n\n\n<p>On the third day you can use all your newly learned skills to stop in an eddie on the river, use river features to ferryglide to the other side and of course experience the pleasure of kayaking that comes with paddling!<\/p>\n\n\n\n<div class=\"wp-block-buttons is-layout-flex wp-block-buttons-is-layout-flex\">\n<div class=\"wp-block-button is-style-outline is-style-outline--1\"><a class=\"wp-block-button__link has-custom-font-size wp-element-button\" href=\"https:\/\/arkadventures.ch\/en\/drei-tage-kajak-kurs-buchung\/\" style=\"font-size:clamp(14px, 0.875rem + ((1vw - 3.2px) * 0.732), 20px);\">Booking From 345CHF<\/a><\/div>\n<\/div>\n<\/div><\/div>\n<\/div>\n\n\n\n<hr class=\"wp-block-kenta-blocks-separator kb-separator-6385c170 kb-separator\"\/>\n\n\n\n<div class=\"wp-block-kenta-blocks-heading kb-heading kb-heading-h2 kb-heading-b8aed15f\"><h2 class=\"\">When and where<\/h2><\/div>\n\n\n\n<ul class=\"wp-block-list\">\n<li><strong><em>9.30 am at the meeting point<\/em><\/strong><\/li>\n\n\n\n<li>Arastrasse 7,Ittigen,3048,Bern<\/li>\n<\/ul>\n\n\n\n<hr class=\"wp-block-kenta-blocks-separator kb-separator-30c21eba kb-separator\"\/>\n\n\n\n<div class=\"wp-block-kenta-blocks-heading kb-heading kb-heading-h2 kb-heading-e747dae1\"><h2 class=\"\">Day Plan<br><br><\/h2><\/div>\n\n\n<div class=\"wp-block-site-logo\"><a href=\"https:\/\/arkadventures.ch\/en\/\" class=\"custom-logo-link\" rel=\"home\"><img decoding=\"async\" width=\"67\" height=\"67\" src=\"https:\/\/arkadventures.ch\/wp-content\/uploads\/2023\/12\/Arkadventures-2.png\" class=\"custom-logo\" alt=\"Arkadventures\" srcset=\"https:\/\/arkadventures.ch\/wp-content\/uploads\/2023\/12\/Arkadventures-2.png 1500w, https:\/\/arkadventures.ch\/wp-content\/uploads\/2023\/12\/Arkadventures-2-300x300.png 300w, https:\/\/arkadventures.ch\/wp-content\/uploads\/2023\/12\/Arkadventures-2-1024x1024.png 1024w, https:\/\/arkadventures.ch\/wp-content\/uploads\/2023\/12\/Arkadventures-2-150x150.png 150w, https:\/\/arkadventures.ch\/wp-content\/uploads\/2023\/12\/Arkadventures-2-768x768.png 768w\" sizes=\"(max-width: 67px) 100vw, 67px\" \/><\/a><\/div>\n\n\n<h2 class=\"wp-block-heading has-text-align-center has-kenta-accent-color has-text-color has-link-color has-ktj-font-large-font-size wp-elements-67e71e479cc3e6df4b0ad41ea4fc57c6\">Kayaking course in Bern<\/h2>\n\n\n\n<ol class=\"wp-block-list\">\n<li><strong>Day 1.<\/strong>\n<ul class=\"wp-block-list\">\n<li>Get to Know and showing the plan for the next few days with Coffee and Tea<\/li>\n\n\n\n<li>Handing out all the equipment, and learning how it works.<\/li>\n\n\n\n<li>Teaching on the river at a practicing area. <\/li>\n<\/ul>\n<\/li>\n\n\n\n<li><strong>Day 2<\/strong>\n<ul class=\"wp-block-list\">\n<li>Paddling and teaching on the Aare\u2013 Worblaufen (resturaunt Rio)<\/li>\n<\/ul>\n<\/li>\n\n\n\n<li><strong>Day 3<\/strong>\n<ul class=\"wp-block-list\">\n<li>On the Simme\u2013 we practise the art of rescuing yourself.<\/li>\n\n\n\n<li>Practice getting into eddies and out.<\/li>\n\n\n\n<li>Learn how to read the river, which determines how we paddle.<\/li>\n\n\n\n<li>From what we have learned in the morning we put into practice and go on a river trip downstream of 10 km on the <strong>Simme<\/strong> In the Beautiful Valley of the Simme in Bern Simmental!<\/li>\n<\/ul>\n<\/li>\n<\/ol>\n\n\n\n<h2 class=\"wp-block-heading has-text-align-center has-kenta-accent-color has-text-color has-link-color has-ktj-font-large-font-size wp-elements-2cc3dc7e7b8bd9995fbbd7445782dbfd\">Beginner Whitewater kayak course<\/h2>\n\n\n\n<hr class=\"wp-block-kenta-blocks-separator kb-separator-9a231c2c kb-separator\"\/>\n\n\n\n<div class=\"wp-block-kenta-blocks-paragraph kb-paragraph kb-paragraph-e41ccc8f\"><p class=\"\">The perfect difficulty level for learning whitewater kayaking in a safe and controlled environment: Arkadventures' beginner courses and kayak tours take place on Whitewater Grade II. This way, you\u2019ll learn all the necessary whitewater skills to read and enjoy the river, while having fun in the rapids.<\/p><\/div>\n\n\n\n<div class=\"wp-block-kenta-blocks-spacer kb-spacer-4136eaf8 kb-spacer\" aria-hidden=\"true\"><\/div>\n\n\n\n<hr class=\"wp-block-kenta-blocks-separator kb-separator-ff540013 kb-separator\"\/>\n\n\n\n<div class=\"wp-block-kenta-blocks-heading kb-heading kb-heading-h2 kb-heading-f18b3f46\"><h2 class=\"\">What you learn<\/h2><\/div>\n\n\n\n<ul class=\"wp-block-list\">\n<li>You will learn how to use all the equipment<\/li>\n\n\n\n<li>You learn reading of the river, potential risks and hazards, how to use the river to your advantage, to paddle your kayak more easily.<\/li>\n\n\n\n<li>Whitewater swimming, rescue with a throwline, and rescue of yourself and equipment.<\/li>\n\n\n\n<li>Learn to use river features to your advantage , this makes it easier to manover your kayak on the water.<\/li>\n\n\n\n<li>Paddling from one side of the river too the other (ferryglide), river signals to be able comunicate on the river, Stability in your kayak, using the edge of the kayak and turning the kayak where you want to go.<\/li>\n\n\n\n<li>Paddling the kayak forwards efficiently, how to sit properly and use the forward stroke the most effective way that you go down the river with ease.<\/li>\n\n\n\n<li>The focus is to be able to paddle down the river as a team.<\/li>\n\n\n\n<li>The newly learned skills to be put into practice, getting in to eddies and out whilst going down the river.<\/li>\n<\/ul>\n\n\n\n<hr class=\"wp-block-kenta-blocks-separator kb-separator-c5d6b2d8 kb-separator\"\/>\n\n\n\n<div class=\"wp-block-kenta-blocks-heading kb-heading kb-heading-h2 kb-heading-bcabd426\"><h2 class=\"\">Equipment can also be used and rented<\/h2><\/div>\n\n\n\n<ul class=\"wp-block-list\">\n<li>Kayak<\/li>\n\n\n\n<li>Paddle<\/li>\n\n\n\n<li>Spraydeck<\/li>\n\n\n\n<li>Boyancyaid<\/li>\n\n\n\n<li>Helmet<\/li>\n\n\n\n<li>Neoprene farmer wetsuit<\/li>\n\n\n\n<li>Paddle Jacket<\/li>\n<\/ul>\n\n\n\n<hr class=\"wp-block-kenta-blocks-separator kb-separator-ed5f06ac kb-separator\"\/>\n\n\n\n<div class=\"wp-block-kenta-blocks-heading kb-heading kb-heading-h2 kb-heading-d34b9ec1\"><h2 class=\"\">What should I bring?<\/h2><\/div>\n\n\n\n<ul class=\"wp-block-list\">\n<li>Medical Supplies if needed (Asthma spray-Allergy medication)<\/li>\n\n\n\n<li>Swimming shorts<\/li>\n\n\n\n<li>Band for your glasses.<\/li>\n\n\n\n<li>Towel<\/li>\n\n\n\n<li>Depending on temperature, Thermal clothes, without cotton.<\/li>\n\n\n\n<li><strong>Closed Sport Shoes that can get wet.<\/strong><\/li>\n\n\n\n<li><strong>Something too eat for lunch and drink&nbsp;<\/strong>-for when on the river.<\/li>\n<\/ul>\n\n\n\n<hr class=\"wp-block-kenta-blocks-separator kb-separator-6e75ae62 kb-separator\"\/>\n\n\n\n<div class=\"wp-block-kenta-blocks-heading kb-heading kb-heading-h2 kb-heading-8cbd7a3f\"><h2 class=\"\">Price<br><\/h2><\/div>\n\n\n\n<ul class=\"wp-block-list\">\n<li>For<strong> Juniors under 16 years 345 CHF (With Equipment 395 CHF)<\/strong><\/li>\n\n\n\n<li>For<strong>&nbsp;Adults 395 CHF (With Equipment 445 CHF)<\/strong><\/li>\n\n\n\n<li><strong>Including Photos from your day out on the water <\/strong><\/li>\n\n\n\n<li>Your preferred date not in the calendar?<a href=\"https:\/\/arkadventures.ch\/en\/kontakt\/\">&nbsp;Contact me<\/a>&nbsp;i will make it work!<\/li>\n\n\n\n<li>For all kayak courses, a group of 4 or more people at once get 10% discount <\/li>\n<\/ul>\n\n\n\n<div class=\"wp-block-buttons is-content-justification-center is-layout-flex wp-container-core-buttons-is-layout-a89b3969 wp-block-buttons-is-layout-flex\">\n<div class=\"wp-block-button\"><a class=\"wp-block-button__link wp-element-button\" href=\"https:\/\/arkadventures.ch\/en\/drei-tage-kajak-kurs-buchung\/\">Book Now<\/a><\/div>\n<\/div>\n\n\n\n<div class=\"wp-block-kenta-blocks-spacer kb-spacer-26be117e kb-spacer\" aria-hidden=\"true\"><\/div>\n\n\n\n<hr class=\"wp-block-kenta-blocks-separator kb-separator-6289f99c kb-separator\"\/>\n\n\n\n<div class=\"wp-block-columns is-layout-flex wp-container-core-columns-is-layout-28f84493 wp-block-columns-is-layout-flex\">\n<div class=\"wp-block-column is-layout-flow wp-block-column-is-layout-flow\">\n<div class=\"wp-block-columns is-layout-flex wp-container-core-columns-is-layout-28f84493 wp-block-columns-is-layout-flex\">\n<div class=\"wp-block-column is-layout-flow wp-block-column-is-layout-flow\">\n<figure class=\"wp-block-image size-large\"><img decoding=\"async\" src=\"https:\/\/arkadventures.ch\/wp-content\/uploads\/2024\/10\/DSC04659-1-683x1024.jpg\" alt=\"Wildwasser Kajak Kurs im Bern\" class=\"wp-image-1616\"\/><\/figure>\n<\/div>\n\n\n\n<div class=\"wp-block-column is-layout-flow wp-block-column-is-layout-flow\">\n<figure class=\"wp-block-image size-large\"><img fetchpriority=\"high\" decoding=\"async\" width=\"683\" height=\"1024\" src=\"https:\/\/arkadventures.ch\/wp-content\/uploads\/2024\/10\/DSC04715-683x1024.jpg\" alt=\"Trainieren auf dem fluss. \" class=\"wp-image-1617\"\/><\/figure>\n<\/div>\n<\/div>\n<\/div>\n\n\n\n<div class=\"wp-block-column is-layout-flow wp-block-column-is-layout-flow\">\n<div class=\"wp-block-columns is-layout-flex wp-container-core-columns-is-layout-28f84493 wp-block-columns-is-layout-flex\">\n<div class=\"wp-block-column is-layout-flow wp-block-column-is-layout-flow\">\n<figure class=\"wp-block-image size-large\"><img decoding=\"async\" width=\"683\" height=\"1024\" src=\"https:\/\/arkadventures.ch\/wp-content\/uploads\/2024\/10\/DSC05153-683x1024.jpg\" alt=\"Kajak Kurs . Man Steht mit Kajak.\" class=\"wp-image-1619\"\/><\/figure>\n<\/div>\n\n\n\n<div class=\"wp-block-column is-layout-flow wp-block-column-is-layout-flow\">\n<figure class=\"wp-block-image size-large\"><img loading=\"lazy\" decoding=\"async\" width=\"683\" height=\"1024\" src=\"https:\/\/arkadventures.ch\/wp-content\/uploads\/2024\/10\/DSC04620-683x1024.jpg\" alt=\"Wildwasser Kajak Kurs, Freude auf dem Fluss. \" class=\"wp-image-1559\"\/><\/figure>\n<\/div>\n<\/div>\n<\/div>\n<\/div>\n\n\n\n<hr class=\"wp-block-kenta-blocks-separator kb-separator-4ae15203 kb-separator\"\/>\n\n\n\n<iframe src=\"https:\/\/bookwhen.com\/de\/arkadventures\/iframe?tags=3day\" frameborder=\"0\" scrolling=\"yes\" seamless=\"seamless\" style=\"display:block;border:none;width:100%;height:900px;\"><\/iframe>","protected":false},"excerpt":{"rendered":"<p>`Paddeltechniken, Selbstvertrauen und pure Freude am Fluss` Auf diesem Kurs lernt Mann der Nutzung der gesamten Ausr\u00fcstung, den Nassausstieg im Kajak bis hin zu Paddeltechniken, die es dir erm\u00f6glichen, einen Fluss zu befahren und zu den Kajak man\u00f6vrieren, zu k\u00f6nnen. Am dritten Tag kannst du die erlernten Techniken zeigen, um in Kehrwasser anzuhalten, Wellen zum [&hellip;]<\/p>\n","protected":false},"author":1,"featured_media":1797,"parent":0,"menu_order":0,"comment_status":"closed","ping_status":"closed","template":"","meta":{"site-container-style":"default","site-container-layout":"default","site-sidebar-layout":"default","site-transparent-header":"default","disable-article-header":"default","disable-site-header":"default","disable-site-footer":"default","disable-content-area-spacing":"default","footnotes":""},"class_list":["post-127","page","type-page","status-publish","has-post-thumbnail","hentry"],"yoast_head":"<!-- This site is optimized with the Yoast SEO plugin v27.6 - https:\/\/yoast.com\/product\/yoast-seo-wordpress\/ -->\n<title>Drei Tages Wildwasser Kajakkurs - ab CHF 300 - Arkadventures - Kajakschule<\/title>\n<meta name=\"description\" content=\"Arkadventures Einsteiger Kajak Kurs erlernst du Control, um eine fluss zu befahren und die Freude zu erleben, die das Paddeln mit sich bringt!\" \/>\n<meta name=\"robots\" content=\"index, follow, max-snippet:-1, max-image-preview:large, max-video-preview:-1\" \/>\n<link rel=\"canonical\" href=\"https:\/\/arkadventures.ch\/en\/drei-tages-wildwasser-kajak-kurs\/\" \/>\n<meta property=\"og:locale\" content=\"en_GB\" \/>\n<meta property=\"og:type\" content=\"article\" \/>\n<meta property=\"og:title\" content=\"Drei Tages Wildwasser Kajakkurs - ab CHF 300 - Arkadventures - Kajakschule\" \/>\n<meta property=\"og:description\" content=\"Arkadventures Einsteiger Kajak Kurs erlernst du Control, um eine fluss zu befahren und die Freude zu erleben, die das Paddeln mit sich bringt!\" \/>\n<meta property=\"og:url\" content=\"https:\/\/arkadventures.ch\/en\/drei-tages-wildwasser-kajak-kurs\/\" \/>\n<meta property=\"og:site_name\" content=\"Arkadventures\" \/>\n<meta property=\"article:publisher\" content=\"https:\/\/www.facebook.com\/profile.php?id=100088808866414&amp;locale=de_DE\" \/>\n<meta property=\"article:modified_time\" content=\"2025-08-21T20:41:41+00:00\" \/>\n<meta property=\"og:image\" content=\"https:\/\/arkadventures.ch\/wp-content\/uploads\/2024\/10\/DSC05192-1-scaled-e1736879130675.jpg\" \/>\n\t<meta property=\"og:image:width\" content=\"1387\" \/>\n\t<meta property=\"og:image:height\" content=\"520\" \/>\n\t<meta property=\"og:image:type\" content=\"image\/jpeg\" \/>\n<meta name=\"twitter:card\" content=\"summary_large_image\" \/>\n<meta name=\"twitter:label1\" content=\"Estimated reading time\" \/>\n\t<meta name=\"twitter:data1\" content=\"4 minutes\" \/>\n<script type=\"application\/ld+json\" class=\"yoast-schema-graph\">{\"@context\":\"https:\\\/\\\/schema.org\",\"@graph\":[{\"@type\":\"WebPage\",\"@id\":\"https:\\\/\\\/arkadventures.ch\\\/drei-tages-wildwasser-kajak-kurs\\\/\",\"url\":\"https:\\\/\\\/arkadventures.ch\\\/drei-tages-wildwasser-kajak-kurs\\\/\",\"name\":\"Drei Tages Wildwasser Kajakkurs - ab CHF 300 - Arkadventures - Kajakschule\",\"isPartOf\":{\"@id\":\"https:\\\/\\\/arkadventures.ch\\\/#website\"},\"primaryImageOfPage\":{\"@id\":\"https:\\\/\\\/arkadventures.ch\\\/drei-tages-wildwasser-kajak-kurs\\\/#primaryimage\"},\"image\":{\"@id\":\"https:\\\/\\\/arkadventures.ch\\\/drei-tages-wildwasser-kajak-kurs\\\/#primaryimage\"},\"thumbnailUrl\":\"https:\\\/\\\/arkadventures.ch\\\/wp-content\\\/uploads\\\/2024\\\/10\\\/DSC05192-1-scaled-e1736879130675.jpg\",\"datePublished\":\"2023-12-09T21:17:56+00:00\",\"dateModified\":\"2025-08-21T20:41:41+00:00\",\"description\":\"Arkadventures Einsteiger Kajak Kurs erlernst du Control, um eine fluss zu befahren und die Freude zu erleben, die das Paddeln mit sich bringt!\",\"breadcrumb\":{\"@id\":\"https:\\\/\\\/arkadventures.ch\\\/drei-tages-wildwasser-kajak-kurs\\\/#breadcrumb\"},\"inLanguage\":\"en-GB\",\"potentialAction\":[{\"@type\":\"ReadAction\",\"target\":[\"https:\\\/\\\/arkadventures.ch\\\/drei-tages-wildwasser-kajak-kurs\\\/\"]}]},{\"@type\":\"ImageObject\",\"inLanguage\":\"en-GB\",\"@id\":\"https:\\\/\\\/arkadventures.ch\\\/drei-tages-wildwasser-kajak-kurs\\\/#primaryimage\",\"url\":\"https:\\\/\\\/arkadventures.ch\\\/wp-content\\\/uploads\\\/2024\\\/10\\\/DSC05192-1-scaled-e1736879130675.jpg\",\"contentUrl\":\"https:\\\/\\\/arkadventures.ch\\\/wp-content\\\/uploads\\\/2024\\\/10\\\/DSC05192-1-scaled-e1736879130675.jpg\",\"width\":1387,\"height\":520},{\"@type\":\"BreadcrumbList\",\"@id\":\"https:\\\/\\\/arkadventures.ch\\\/drei-tages-wildwasser-kajak-kurs\\\/#breadcrumb\",\"itemListElement\":[{\"@type\":\"ListItem\",\"position\":1,\"name\":\"Startseite\",\"item\":\"https:\\\/\\\/arkadventures.ch\\\/\"},{\"@type\":\"ListItem\",\"position\":2,\"name\":\"Drei Tages Wildwasser Kajakkurs\"}]},{\"@type\":\"WebSite\",\"@id\":\"https:\\\/\\\/arkadventures.ch\\\/#website\",\"url\":\"https:\\\/\\\/arkadventures.ch\\\/\",\"name\":\"Arkadventures\",\"description\":\"Down the river with you\",\"publisher\":{\"@id\":\"https:\\\/\\\/arkadventures.ch\\\/#organization\"},\"potentialAction\":[{\"@type\":\"SearchAction\",\"target\":{\"@type\":\"EntryPoint\",\"urlTemplate\":\"https:\\\/\\\/arkadventures.ch\\\/?s={search_term_string}\"},\"query-input\":{\"@type\":\"PropertyValueSpecification\",\"valueRequired\":true,\"valueName\":\"search_term_string\"}}],\"inLanguage\":\"en-GB\"},{\"@type\":\"Organization\",\"@id\":\"https:\\\/\\\/arkadventures.ch\\\/#organization\",\"name\":\"Arkadventures kajakschule\",\"url\":\"https:\\\/\\\/arkadventures.ch\\\/\",\"logo\":{\"@type\":\"ImageObject\",\"inLanguage\":\"en-GB\",\"@id\":\"https:\\\/\\\/arkadventures.ch\\\/#\\\/schema\\\/logo\\\/image\\\/\",\"url\":\"https:\\\/\\\/arkadventures.ch\\\/wp-content\\\/uploads\\\/2023\\\/12\\\/Arkadventures-2.png\",\"contentUrl\":\"https:\\\/\\\/arkadventures.ch\\\/wp-content\\\/uploads\\\/2023\\\/12\\\/Arkadventures-2.png\",\"width\":1500,\"height\":1500,\"caption\":\"Arkadventures kajakschule\"},\"image\":{\"@id\":\"https:\\\/\\\/arkadventures.ch\\\/#\\\/schema\\\/logo\\\/image\\\/\"},\"sameAs\":[\"https:\\\/\\\/www.facebook.com\\\/profile.php?id=100088808866414&locale=de_DE\"]}]}<\/script>\n<!-- \/ Yoast SEO plugin. -->","yoast_head_json":{"title":"Drei Tages Wildwasser Kajakkurs - ab CHF 300 - Arkadventures - Kajakschule","description":"Arkadventures Einsteiger Kajak Kurs erlernst du Control, um eine fluss zu befahren und die Freude zu erleben, die das Paddeln mit sich bringt!","robots":{"index":"index","follow":"follow","max-snippet":"max-snippet:-1","max-image-preview":"max-image-preview:large","max-video-preview":"max-video-preview:-1"},"canonical":"https:\/\/arkadventures.ch\/en\/drei-tages-wildwasser-kajak-kurs\/","og_locale":"en_GB","og_type":"article","og_title":"Drei Tages Wildwasser Kajakkurs - ab CHF 300 - Arkadventures - Kajakschule","og_description":"Arkadventures Einsteiger Kajak Kurs erlernst du Control, um eine fluss zu befahren und die Freude zu erleben, die das Paddeln mit sich bringt!","og_url":"https:\/\/arkadventures.ch\/en\/drei-tages-wildwasser-kajak-kurs\/","og_site_name":"Arkadventures","article_publisher":"https:\/\/www.facebook.com\/profile.php?id=100088808866414&locale=de_DE","article_modified_time":"2025-08-21T20:41:41+00:00","og_image":[{"width":1387,"height":520,"url":"https:\/\/arkadventures.ch\/wp-content\/uploads\/2024\/10\/DSC05192-1-scaled-e1736879130675.jpg","type":"image\/jpeg"}],"twitter_card":"summary_large_image","twitter_misc":{"Estimated reading time":"4 minutes"},"schema":{"@context":"https:\/\/schema.org","@graph":[{"@type":"WebPage","@id":"https:\/\/arkadventures.ch\/drei-tages-wildwasser-kajak-kurs\/","url":"https:\/\/arkadventures.ch\/drei-tages-wildwasser-kajak-kurs\/","name":"Drei Tages Wildwasser Kajakkurs - ab CHF 300 - Arkadventures - Kajakschule","isPartOf":{"@id":"https:\/\/arkadventures.ch\/#website"},"primaryImageOfPage":{"@id":"https:\/\/arkadventures.ch\/drei-tages-wildwasser-kajak-kurs\/#primaryimage"},"image":{"@id":"https:\/\/arkadventures.ch\/drei-tages-wildwasser-kajak-kurs\/#primaryimage"},"thumbnailUrl":"https:\/\/arkadventures.ch\/wp-content\/uploads\/2024\/10\/DSC05192-1-scaled-e1736879130675.jpg","datePublished":"2023-12-09T21:17:56+00:00","dateModified":"2025-08-21T20:41:41+00:00","description":"Arkadventures Einsteiger Kajak Kurs erlernst du Control, um eine fluss zu befahren und die Freude zu erleben, die das Paddeln mit sich bringt!","breadcrumb":{"@id":"https:\/\/arkadventures.ch\/drei-tages-wildwasser-kajak-kurs\/#breadcrumb"},"inLanguage":"en-GB","potentialAction":[{"@type":"ReadAction","target":["https:\/\/arkadventures.ch\/drei-tages-wildwasser-kajak-kurs\/"]}]},{"@type":"ImageObject","inLanguage":"en-GB","@id":"https:\/\/arkadventures.ch\/drei-tages-wildwasser-kajak-kurs\/#primaryimage","url":"https:\/\/arkadventures.ch\/wp-content\/uploads\/2024\/10\/DSC05192-1-scaled-e1736879130675.jpg","contentUrl":"https:\/\/arkadventures.ch\/wp-content\/uploads\/2024\/10\/DSC05192-1-scaled-e1736879130675.jpg","width":1387,"height":520},{"@type":"BreadcrumbList","@id":"https:\/\/arkadventures.ch\/drei-tages-wildwasser-kajak-kurs\/#breadcrumb","itemListElement":[{"@type":"ListItem","position":1,"name":"Startseite","item":"https:\/\/arkadventures.ch\/"},{"@type":"ListItem","position":2,"name":"Drei Tages Wildwasser Kajakkurs"}]},{"@type":"WebSite","@id":"https:\/\/arkadventures.ch\/#website","url":"https:\/\/arkadventures.ch\/","name":"Arkadventures","description":"Down the river with you","publisher":{"@id":"https:\/\/arkadventures.ch\/#organization"},"potentialAction":[{"@type":"SearchAction","target":{"@type":"EntryPoint","urlTemplate":"https:\/\/arkadventures.ch\/?s={search_term_string}"},"query-input":{"@type":"PropertyValueSpecification","valueRequired":true,"valueName":"search_term_string"}}],"inLanguage":"en-GB"},{"@type":"Organization","@id":"https:\/\/arkadventures.ch\/#organization","name":"Arkadventures kajakschule","url":"https:\/\/arkadventures.ch\/","logo":{"@type":"ImageObject","inLanguage":"en-GB","@id":"https:\/\/arkadventures.ch\/#\/schema\/logo\/image\/","url":"https:\/\/arkadventures.ch\/wp-content\/uploads\/2023\/12\/Arkadventures-2.png","contentUrl":"https:\/\/arkadventures.ch\/wp-content\/uploads\/2023\/12\/Arkadventures-2.png","width":1500,"height":1500,"caption":"Arkadventures kajakschule"},"image":{"@id":"https:\/\/arkadventures.ch\/#\/schema\/logo\/image\/"},"sameAs":["https:\/\/www.facebook.com\/profile.php?id=100088808866414&locale=de_DE"]}]}},"_links":{"self":[{"href":"https:\/\/arkadventures.ch\/en\/wp-json\/wp\/v2\/pages\/127","targetHints":{"allow":["GET"]}}],"collection":[{"href":"https:\/\/arkadventures.ch\/en\/wp-json\/wp\/v2\/pages"}],"about":[{"href":"https:\/\/arkadventures.ch\/en\/wp-json\/wp\/v2\/types\/page"}],"author":[{"embeddable":true,"href":"https:\/\/arkadventures.ch\/en\/wp-json\/wp\/v2\/users\/1"}],"replies":[{"embeddable":true,"href":"https:\/\/arkadventures.ch\/en\/wp-json\/wp\/v2\/comments?post=127"}],"version-history":[{"count":8,"href":"https:\/\/arkadventures.ch\/en\/wp-json\/wp\/v2\/pages\/127\/revisions"}],"predecessor-version":[{"id":3655,"href":"https:\/\/arkadventures.ch\/en\/wp-json\/wp\/v2\/pages\/127\/revisions\/3655"}],"wp:featuredmedia":[{"embeddable":true,"href":"https:\/\/arkadventures.ch\/en\/wp-json\/wp\/v2\/media\/1797"}],"wp:attachment":[{"href":"https:\/\/arkadventures.ch\/en\/wp-json\/wp\/v2\/media?parent=127"}],"curies":[{"name":"wp","href":"https:\/\/api.w.org\/{rel}","templated":true}]}}