{"id":125,"date":"2023-12-09T21:17:36","date_gmt":"2023-12-09T21:17:36","guid":{"rendered":"https:\/\/arkadventures.ch\/?page_id=125"},"modified":"2025-08-21T20:39:49","modified_gmt":"2025-08-21T20:39:49","slug":"zwei-tages-wildwasser-kajak-kurs","status":"publish","type":"page","link":"https:\/\/arkadventures.ch\/en\/zwei-tages-wildwasser-kajak-kurs\/","title":{"rendered":"Two Day Whitewater Kayaking course"},"content":{"rendered":"<div class=\"wp-block-group alignfull has-kenta-base-background-color has-background has-global-padding is-layout-constrained wp-block-group-is-layout-constrained\" style=\"padding-top:var(--wp--preset--spacing--80);padding-bottom:var(--wp--preset--spacing--80)\">\n<div class=\"wp-block-media-text alignwide is-stacked-on-mobile is-vertically-aligned-center\" style=\"grid-template-columns:48% auto\"><figure class=\"wp-block-media-text__media\"><img fetchpriority=\"high\" decoding=\"async\" width=\"683\" height=\"1024\" src=\"https:\/\/arkadventures.ch\/wp-content\/uploads\/2024\/10\/DSC05078-683x1024.jpg\" alt=\"Anf\u00e4nger Kajak fahre paddelt durch eine Rapid. Er macht eine Anf\u00e4nger Wildwasser Kajak Kurs. \" class=\"wp-image-1592 size-full\"\/><\/figure><div class=\"wp-block-media-text__content\">\n<div class=\"wp-block-kenta-blocks-heading kb-heading kb-heading-h1 kb-heading-60316211\"><h1 class=\"\">Beginner kayaking course <\/h1><\/div>\n\n\n\n<p>Here you Learn all the skills that you feel safe in your kayak on the river. You learn how too use all the equipment and how you control your kayak on the river.<\/p>\n\n\n\n<div class=\"wp-block-buttons alignfull has-custom-font-size has-ktj-font-medium-font-size is-content-justification-left is-layout-flex wp-container-core-buttons-is-layout-fc4fd283 wp-block-buttons-is-layout-flex\">\n<div class=\"wp-block-button has-custom-width wp-block-button__width-75 is-style-outline is-style-outline--1\"><a class=\"wp-block-button__link has-ktj-font-medium-font-size has-text-align-center has-custom-font-size wp-element-button\" href=\"https:\/\/arkadventures.ch\/en\/zwei-tages-kajak-kurs-buchung\/\">Booking from 240 CHF<\/a><\/div>\n<\/div>\n<\/div><\/div>\n<\/div>\n\n\n\n<div class=\"wp-block-kenta-blocks-heading kb-heading kb-heading-h2 kb-heading-0964afc9\"><h2 class=\"\">When and where<\/h2><\/div>\n\n\n\n<ul class=\"wp-block-list\">\n<li><strong><em>9.30 am at the meeting point<\/em><\/strong><\/li>\n\n\n\n<li>Arastrasse 7,Ittigen,3048,Bern<\/li>\n<\/ul>\n\n\n\n<hr class=\"wp-block-kenta-blocks-separator kb-separator-546bb459 kb-separator\"\/>\n\n\n\n<div class=\"wp-block-kenta-blocks-heading kb-heading kb-heading-h2 kb-heading-d99f5e91\"><h2 class=\"\">Day Plan<\/h2><\/div>\n\n\n<div class=\"wp-block-site-logo\"><a href=\"https:\/\/arkadventures.ch\/en\/\" class=\"custom-logo-link\" rel=\"home\"><img decoding=\"async\" width=\"82\" height=\"82\" src=\"https:\/\/arkadventures.ch\/wp-content\/uploads\/2023\/12\/Arkadventures-2.png\" class=\"custom-logo\" alt=\"Arkadventures\" srcset=\"https:\/\/arkadventures.ch\/wp-content\/uploads\/2023\/12\/Arkadventures-2.png 1500w, https:\/\/arkadventures.ch\/wp-content\/uploads\/2023\/12\/Arkadventures-2-300x300.png 300w, https:\/\/arkadventures.ch\/wp-content\/uploads\/2023\/12\/Arkadventures-2-1024x1024.png 1024w, https:\/\/arkadventures.ch\/wp-content\/uploads\/2023\/12\/Arkadventures-2-150x150.png 150w, https:\/\/arkadventures.ch\/wp-content\/uploads\/2023\/12\/Arkadventures-2-768x768.png 768w\" sizes=\"(max-width: 82px) 100vw, 82px\" \/><\/a><\/div>\n\n\n<div class=\"wp-block-group has-global-padding is-layout-constrained wp-block-group-is-layout-constrained\">\n<div class=\"wp-block-columns is-layout-flex wp-container-core-columns-is-layout-28f84493 wp-block-columns-is-layout-flex\">\n<div class=\"wp-block-column is-layout-flow wp-block-column-is-layout-flow\">\n<h2 class=\"wp-block-heading has-text-align-center has-kenta-accent-color has-text-color has-link-color has-ktj-font-large-font-size wp-elements-9c0fd325cab0a5b17c90ab1dd5d119bc\">Kayaking course on the Aare<\/h2>\n\n\n\n<hr class=\"wp-block-kenta-blocks-separator kb-separator-bd2dade7 kb-separator\"\/>\n\n\n\n<ul class=\"wp-block-list\">\n<li><strong>Day 1<\/strong><\/li>\n\n\n\n<li>Get to Know and showing the plan for the next few days with Coffee and Tea<\/li>\n\n\n\n<li>Handing out all the equipment, and learning how it works.<\/li>\n\n\n\n<li>Teaching on the river at a practicing area. <\/li>\n\n\n\n<li><strong>Day 2<\/strong><\/li>\n\n\n\n<li>Paddling and teaching on the Aare\u2013 Worblaufen (resturaunt Rio) <\/li>\n\n\n\n<li>Aare Worblaufen Teaching spot<\/li>\n\n\n\n<li>Here we can learn all the skills needed and play some games<\/li>\n\n\n\n<li>Only the 3 day kayaking course is then on the Simme for the third day \u2013 Whitewater Grade II. There we then paddle downstream on a river trip of 10 km to practice all what we have learned.<\/li>\n\n\n\n<li>Finishing of the kayaking course<\/li>\n<\/ul>\n<\/div>\n<\/div>\n<\/div>\n\n\n\n<hr class=\"wp-block-kenta-blocks-separator kb-separator-44b3ee0e kb-separator\"\/>\n\n\n\n<h3 class=\"wp-block-heading has-text-align-center has-kenta-accent-color has-text-color has-link-color has-ktj-font-large-font-size wp-elements-6e709b986a46883b8485c1aac5273066\">Beginner Whitewater kayak course<\/h3>\n\n\n\n<div class=\"wp-block-kenta-blocks-paragraph kb-paragraph kb-paragraph-0dea8a7a\"><p class=\"\">The perfect difficulty level for learning whitewater kayaking in a safe and controlled environment: Arkadventures' beginner courses take place on Whitewater Grade II. This way, you\u2019ll learn all the necessary whitewater skills to read and enjoy the river, while having fun in the rapids.<\/p><\/div>\n\n\n\n<div class=\"wp-block-kenta-blocks-spacer kb-spacer-479ceac5 kb-spacer\" aria-hidden=\"true\"><\/div>\n\n\n\n<hr class=\"wp-block-kenta-blocks-separator kb-separator-d800a389 kb-separator\"\/>\n\n\n\n<div class=\"wp-block-kenta-blocks-heading kb-heading kb-heading-h4 kb-heading-675937df\"><h4 class=\"\">What you learn<br><\/h4><\/div>\n\n\n\n<ul class=\"wp-block-list\">\n<li>You will learn how to use all the equipment<\/li>\n\n\n\n<li>You learn reading of the river, potential risks and hazards, how to use the river to your advantage, to paddle your kayak more easily.<\/li>\n\n\n\n<li>Whitewater swimming, rescue with a throwline, and rescue of yourself and equipment.<\/li>\n\n\n\n<li>Learn to use river features to your advantage , this makes it easier to manover your kayak on the water.<\/li>\n\n\n\n<li>Paddling from one side of the river too the other (ferryglide), river signals to be able comunicate on the river, Stability in your kayak, using the edge of the kayak and turning the kayak where you want to go.<\/li>\n\n\n\n<li>Forwards Paddling, that we can then move the kayak whilst sitting in an upright position and learning paddling efficiently.<\/li>\n<\/ul>\n\n\n\n<hr class=\"wp-block-kenta-blocks-separator kb-separator-d5e55313 kb-separator\"\/>\n\n\n\n<div class=\"wp-block-kenta-blocks-heading kb-heading kb-heading-h4 kb-heading-3114d031\"><h4 class=\"\">Equipment can also be used and rented<\/h4><\/div>\n\n\n\n<ul class=\"wp-block-list\">\n<li>Kayak<\/li>\n\n\n\n<li>Paddle<\/li>\n\n\n\n<li>Spraydeck<\/li>\n\n\n\n<li>Boyancyaid<\/li>\n\n\n\n<li>Helmet<\/li>\n\n\n\n<li>Neoprene farmer wetsuit<\/li>\n\n\n\n<li>Paddle Jacket<\/li>\n<\/ul>\n\n\n\n<hr class=\"wp-block-kenta-blocks-separator kb-separator-8e8b27e2 kb-separator\"\/>\n\n\n\n<div class=\"wp-block-kenta-blocks-heading kb-heading kb-heading-h4 kb-heading-368a1b56\"><h4 class=\"\">What to bring<\/h4><\/div>\n\n\n\n<ul class=\"wp-block-list\">\n<li>Medical Supplies if needed (Asthma spray-Allergy medication)<\/li>\n\n\n\n<li>Swimming shorts<\/li>\n\n\n\n<li>Band for your glasses.<\/li>\n\n\n\n<li>Towel<\/li>\n\n\n\n<li>Depending on temperature, Thermal clothes, without cotton.<\/li>\n\n\n\n<li><strong>Closed Sport Shoes that can get wet.<\/strong><\/li>\n\n\n\n<li><strong>Something too eat for lunch and drink&nbsp;<\/strong>-for when on the river.<\/li>\n<\/ul>\n\n\n\n<hr class=\"wp-block-kenta-blocks-separator kb-separator-c243af34 kb-separator\"\/>\n\n\n\n<div class=\"wp-block-kenta-blocks-heading kb-heading kb-heading-h4 kb-heading-ae269d00\"><h4 class=\"\">Price<\/h4><\/div>\n\n\n\n<ul class=\"wp-block-list\">\n<li>For<strong> Juniors under 16 years 240 CHF (With Equipment 280 CHF)<\/strong><\/li>\n\n\n\n<li>For<strong>&nbsp;Adults 280 CHF (With Equipment 320 CHF)<\/strong><\/li>\n\n\n\n<li><strong>Including Photos from your day out on the water <\/strong><\/li>\n\n\n\n<li>Your preferred date not in the calendar?<a href=\"https:\/\/arkadventures.ch\/en\/kontakt\/\">&nbsp;Contact me<\/a>&nbsp;i will make it work!<\/li>\n\n\n\n<li>For all kayak courses, a group of 4 or more people at once get 10% discount <\/li>\n<\/ul>\n\n\n\n<div class=\"wp-block-buttons is-content-justification-center is-layout-flex wp-container-core-buttons-is-layout-a89b3969 wp-block-buttons-is-layout-flex\">\n<div class=\"wp-block-button\"><a class=\"wp-block-button__link wp-element-button\" href=\"https:\/\/arkadventures.ch\/en\/zwei-tages-kajak-kurs-buchung\/\">Book Now<\/a><\/div>\n<\/div>\n\n\n\n<hr class=\"wp-block-kenta-blocks-separator kb-separator-f4ac2012 kb-separator\"\/>\n\n\n\n<div class=\"wp-block-columns is-layout-flex wp-container-core-columns-is-layout-28f84493 wp-block-columns-is-layout-flex\">\n<div class=\"wp-block-column is-layout-flow wp-block-column-is-layout-flow\">\n<div class=\"wp-block-columns is-layout-flex wp-container-core-columns-is-layout-28f84493 wp-block-columns-is-layout-flex\">\n<div class=\"wp-block-column is-layout-flow wp-block-column-is-layout-flow\">\n<figure class=\"wp-block-image size-large\"><img decoding=\"async\" width=\"683\" height=\"1024\" src=\"https:\/\/arkadventures.ch\/wp-content\/uploads\/2024\/10\/DSC04620-683x1024.jpg\" alt=\"Kajakfahrerin auf eine Arkadventures Kajak Kurs in Bern\" class=\"wp-image-1559\"\/><\/figure>\n<\/div>\n\n\n\n<div class=\"wp-block-column is-layout-flow wp-block-column-is-layout-flow\">\n<figure class=\"wp-block-image size-large\"><img loading=\"lazy\" decoding=\"async\" width=\"683\" height=\"1024\" src=\"https:\/\/arkadventures.ch\/wp-content\/uploads\/2024\/10\/DSC05086-1-683x1024.jpg\" alt=\"Einsteiger Kajak Kurs \" class=\"wp-image-1608\"\/><\/figure>\n<\/div>\n<\/div>\n<\/div>\n\n\n\n<div class=\"wp-block-column is-layout-flow wp-block-column-is-layout-flow\">\n<div class=\"wp-block-columns is-layout-flex wp-container-core-columns-is-layout-28f84493 wp-block-columns-is-layout-flex\">\n<div class=\"wp-block-column is-layout-flow wp-block-column-is-layout-flow\">\n<figure class=\"wp-block-kenta-blocks-image kb-image kb-image-5280c2ff\"><img decoding=\"async\" src=\"https:\/\/arkadventures.ch\/wp-content\/uploads\/2025\/06\/DSC06800-1-scaled.jpg\" alt=\"\"\/><\/figure>\n<\/div>\n\n\n\n<div class=\"wp-block-column is-layout-flow wp-block-column-is-layout-flow\">\n<figure class=\"wp-block-kenta-blocks-image kb-image kb-image-f5d3c4c0\"><img decoding=\"async\" src=\"https:\/\/arkadventures.ch\/wp-content\/uploads\/2025\/06\/DSC06045-1-scaled.jpg\" alt=\"\"\/><\/figure>\n<\/div>\n<\/div>\n<\/div>\n<\/div>\n\n\n\n<h3 class=\"wp-block-heading has-text-align-center has-kenta-accent-color has-text-color has-link-color wp-elements-0e368b1a27ebf9c4815ac704ae9a417b\">Kayaking course booking<\/h3>\n\n\n\n<iframe src=\"https:\/\/bookwhen.com\/de\/arkadventures\/iframe?tags=2day\" frameborder=\"0\" scrolling=\"yes\" seamless=\"seamless\" style=\"display:block;border:none;width:100%;height:900px;\"><\/iframe>","protected":false},"excerpt":{"rendered":"<p>Hier lernst du die Grundlagen, damit du dich im Fluss wohlf\u00fchlst. Du erf\u00e4hrst, wie du deine Ausr\u00fcstung benutzt und dein Kajak im Wildwasser man\u00f6vrierst. Aare Kajakkurs Einsteiger Wildwasser Kajakkurs Kajakkurs Buchen<\/p>","protected":false},"author":1,"featured_media":2439,"parent":0,"menu_order":0,"comment_status":"closed","ping_status":"closed","template":"","meta":{"site-container-style":"default","site-container-layout":"default","site-sidebar-layout":"default","site-transparent-header":"default","disable-article-header":"default","disable-site-header":"default","disable-site-footer":"default","disable-content-area-spacing":"default","footnotes":""},"class_list":["post-125","page","type-page","status-publish","has-post-thumbnail","hentry"],"yoast_head":"<!-- This site is optimized with the Yoast SEO plugin v27.6 - https:\/\/yoast.com\/product\/yoast-seo-wordpress\/ -->\n<title>Zwei Tages Wildwasser Kajakkurs - ab CHF 200 - Arkadventures - Kajakschule<\/title>\n<meta name=\"description\" content=\"Einsteiger Kajak kurs-Hier lernst du die Grundlagen, damit du dich im Fluss wohl f\u00fchlst. - Lerne Wildwasser kajakfahren im Bern\" \/>\n<meta name=\"robots\" content=\"index, follow, max-snippet:-1, max-image-preview:large, max-video-preview:-1\" \/>\n<link rel=\"canonical\" href=\"https:\/\/arkadventures.ch\/en\/zwei-tages-wildwasser-kajak-kurs\/\" \/>\n<meta property=\"og:locale\" content=\"en_GB\" \/>\n<meta property=\"og:type\" content=\"article\" \/>\n<meta property=\"og:title\" content=\"Zwei Tages Wildwasser Kajakkurs - ab CHF 200 - Arkadventures - Kajakschule\" \/>\n<meta property=\"og:description\" content=\"Einsteiger Kajak kurs-Hier lernst du die Grundlagen, damit du dich im Fluss wohl f\u00fchlst. - Lerne Wildwasser kajakfahren im Bern\" \/>\n<meta property=\"og:url\" content=\"https:\/\/arkadventures.ch\/en\/zwei-tages-wildwasser-kajak-kurs\/\" \/>\n<meta property=\"og:site_name\" content=\"Arkadventures\" \/>\n<meta property=\"article:publisher\" content=\"https:\/\/www.facebook.com\/profile.php?id=100088808866414&amp;locale=de_DE\" \/>\n<meta property=\"article:modified_time\" content=\"2025-08-21T20:39:49+00:00\" \/>\n<meta property=\"og:image\" content=\"https:\/\/arkadventures.ch\/wp-content\/uploads\/2025\/01\/DSC04717-scaled-e1751201594432.jpg\" \/>\n\t<meta property=\"og:image:width\" content=\"1587\" \/>\n\t<meta property=\"og:image:height\" content=\"730\" \/>\n\t<meta property=\"og:image:type\" content=\"image\/jpeg\" \/>\n<meta name=\"twitter:card\" content=\"summary_large_image\" \/>\n<meta name=\"twitter:label1\" content=\"Estimated reading time\" \/>\n\t<meta name=\"twitter:data1\" content=\"4 minutes\" \/>\n<script type=\"application\/ld+json\" class=\"yoast-schema-graph\">{\"@context\":\"https:\\\/\\\/schema.org\",\"@graph\":[{\"@type\":\"WebPage\",\"@id\":\"https:\\\/\\\/arkadventures.ch\\\/zwei-tages-wildwasser-kajak-kurs\\\/\",\"url\":\"https:\\\/\\\/arkadventures.ch\\\/zwei-tages-wildwasser-kajak-kurs\\\/\",\"name\":\"Zwei Tages Wildwasser Kajakkurs - ab CHF 200 - Arkadventures - Kajakschule\",\"isPartOf\":{\"@id\":\"https:\\\/\\\/arkadventures.ch\\\/#website\"},\"primaryImageOfPage\":{\"@id\":\"https:\\\/\\\/arkadventures.ch\\\/zwei-tages-wildwasser-kajak-kurs\\\/#primaryimage\"},\"image\":{\"@id\":\"https:\\\/\\\/arkadventures.ch\\\/zwei-tages-wildwasser-kajak-kurs\\\/#primaryimage\"},\"thumbnailUrl\":\"https:\\\/\\\/arkadventures.ch\\\/wp-content\\\/uploads\\\/2025\\\/01\\\/DSC04717-scaled-e1751201594432.jpg\",\"datePublished\":\"2023-12-09T21:17:36+00:00\",\"dateModified\":\"2025-08-21T20:39:49+00:00\",\"description\":\"Einsteiger Kajak kurs-Hier lernst du die Grundlagen, damit du dich im Fluss wohl f\u00fchlst. - Lerne Wildwasser kajakfahren im Bern\",\"breadcrumb\":{\"@id\":\"https:\\\/\\\/arkadventures.ch\\\/zwei-tages-wildwasser-kajak-kurs\\\/#breadcrumb\"},\"inLanguage\":\"en-GB\",\"potentialAction\":[{\"@type\":\"ReadAction\",\"target\":[\"https:\\\/\\\/arkadventures.ch\\\/zwei-tages-wildwasser-kajak-kurs\\\/\"]}]},{\"@type\":\"ImageObject\",\"inLanguage\":\"en-GB\",\"@id\":\"https:\\\/\\\/arkadventures.ch\\\/zwei-tages-wildwasser-kajak-kurs\\\/#primaryimage\",\"url\":\"https:\\\/\\\/arkadventures.ch\\\/wp-content\\\/uploads\\\/2025\\\/01\\\/DSC04717-scaled-e1751201594432.jpg\",\"contentUrl\":\"https:\\\/\\\/arkadventures.ch\\\/wp-content\\\/uploads\\\/2025\\\/01\\\/DSC04717-scaled-e1751201594432.jpg\",\"width\":1587,\"height\":730,\"caption\":\"Frau im Kajak an eine Arkadventures Einsteiger Kajak Kurs in der Schweiz\"},{\"@type\":\"BreadcrumbList\",\"@id\":\"https:\\\/\\\/arkadventures.ch\\\/zwei-tages-wildwasser-kajak-kurs\\\/#breadcrumb\",\"itemListElement\":[{\"@type\":\"ListItem\",\"position\":1,\"name\":\"Startseite\",\"item\":\"https:\\\/\\\/arkadventures.ch\\\/\"},{\"@type\":\"ListItem\",\"position\":2,\"name\":\"Zwei Tages Wildwasser Kajakkurs\"}]},{\"@type\":\"WebSite\",\"@id\":\"https:\\\/\\\/arkadventures.ch\\\/#website\",\"url\":\"https:\\\/\\\/arkadventures.ch\\\/\",\"name\":\"Arkadventures\",\"description\":\"Down the river with you\",\"publisher\":{\"@id\":\"https:\\\/\\\/arkadventures.ch\\\/#organization\"},\"potentialAction\":[{\"@type\":\"SearchAction\",\"target\":{\"@type\":\"EntryPoint\",\"urlTemplate\":\"https:\\\/\\\/arkadventures.ch\\\/?s={search_term_string}\"},\"query-input\":{\"@type\":\"PropertyValueSpecification\",\"valueRequired\":true,\"valueName\":\"search_term_string\"}}],\"inLanguage\":\"en-GB\"},{\"@type\":\"Organization\",\"@id\":\"https:\\\/\\\/arkadventures.ch\\\/#organization\",\"name\":\"Arkadventures kajakschule\",\"url\":\"https:\\\/\\\/arkadventures.ch\\\/\",\"logo\":{\"@type\":\"ImageObject\",\"inLanguage\":\"en-GB\",\"@id\":\"https:\\\/\\\/arkadventures.ch\\\/#\\\/schema\\\/logo\\\/image\\\/\",\"url\":\"https:\\\/\\\/arkadventures.ch\\\/wp-content\\\/uploads\\\/2023\\\/12\\\/Arkadventures-2.png\",\"contentUrl\":\"https:\\\/\\\/arkadventures.ch\\\/wp-content\\\/uploads\\\/2023\\\/12\\\/Arkadventures-2.png\",\"width\":1500,\"height\":1500,\"caption\":\"Arkadventures kajakschule\"},\"image\":{\"@id\":\"https:\\\/\\\/arkadventures.ch\\\/#\\\/schema\\\/logo\\\/image\\\/\"},\"sameAs\":[\"https:\\\/\\\/www.facebook.com\\\/profile.php?id=100088808866414&locale=de_DE\"]}]}<\/script>\n<!-- \/ Yoast SEO plugin. -->","yoast_head_json":{"title":"Zwei Tages Wildwasser Kajakkurs - ab CHF 200 - Arkadventures - Kajakschule","description":"Einsteiger Kajak kurs-Hier lernst du die Grundlagen, damit du dich im Fluss wohl f\u00fchlst. - Lerne Wildwasser kajakfahren im Bern","robots":{"index":"index","follow":"follow","max-snippet":"max-snippet:-1","max-image-preview":"max-image-preview:large","max-video-preview":"max-video-preview:-1"},"canonical":"https:\/\/arkadventures.ch\/en\/zwei-tages-wildwasser-kajak-kurs\/","og_locale":"en_GB","og_type":"article","og_title":"Zwei Tages Wildwasser Kajakkurs - ab CHF 200 - Arkadventures - Kajakschule","og_description":"Einsteiger Kajak kurs-Hier lernst du die Grundlagen, damit du dich im Fluss wohl f\u00fchlst. - Lerne Wildwasser kajakfahren im Bern","og_url":"https:\/\/arkadventures.ch\/en\/zwei-tages-wildwasser-kajak-kurs\/","og_site_name":"Arkadventures","article_publisher":"https:\/\/www.facebook.com\/profile.php?id=100088808866414&locale=de_DE","article_modified_time":"2025-08-21T20:39:49+00:00","og_image":[{"width":1587,"height":730,"url":"https:\/\/arkadventures.ch\/wp-content\/uploads\/2025\/01\/DSC04717-scaled-e1751201594432.jpg","type":"image\/jpeg"}],"twitter_card":"summary_large_image","twitter_misc":{"Estimated reading time":"4 minutes"},"schema":{"@context":"https:\/\/schema.org","@graph":[{"@type":"WebPage","@id":"https:\/\/arkadventures.ch\/zwei-tages-wildwasser-kajak-kurs\/","url":"https:\/\/arkadventures.ch\/zwei-tages-wildwasser-kajak-kurs\/","name":"Zwei Tages Wildwasser Kajakkurs - ab CHF 200 - Arkadventures - Kajakschule","isPartOf":{"@id":"https:\/\/arkadventures.ch\/#website"},"primaryImageOfPage":{"@id":"https:\/\/arkadventures.ch\/zwei-tages-wildwasser-kajak-kurs\/#primaryimage"},"image":{"@id":"https:\/\/arkadventures.ch\/zwei-tages-wildwasser-kajak-kurs\/#primaryimage"},"thumbnailUrl":"https:\/\/arkadventures.ch\/wp-content\/uploads\/2025\/01\/DSC04717-scaled-e1751201594432.jpg","datePublished":"2023-12-09T21:17:36+00:00","dateModified":"2025-08-21T20:39:49+00:00","description":"Einsteiger Kajak kurs-Hier lernst du die Grundlagen, damit du dich im Fluss wohl f\u00fchlst. - Lerne Wildwasser kajakfahren im Bern","breadcrumb":{"@id":"https:\/\/arkadventures.ch\/zwei-tages-wildwasser-kajak-kurs\/#breadcrumb"},"inLanguage":"en-GB","potentialAction":[{"@type":"ReadAction","target":["https:\/\/arkadventures.ch\/zwei-tages-wildwasser-kajak-kurs\/"]}]},{"@type":"ImageObject","inLanguage":"en-GB","@id":"https:\/\/arkadventures.ch\/zwei-tages-wildwasser-kajak-kurs\/#primaryimage","url":"https:\/\/arkadventures.ch\/wp-content\/uploads\/2025\/01\/DSC04717-scaled-e1751201594432.jpg","contentUrl":"https:\/\/arkadventures.ch\/wp-content\/uploads\/2025\/01\/DSC04717-scaled-e1751201594432.jpg","width":1587,"height":730,"caption":"Frau im Kajak an eine Arkadventures Einsteiger Kajak Kurs in der Schweiz"},{"@type":"BreadcrumbList","@id":"https:\/\/arkadventures.ch\/zwei-tages-wildwasser-kajak-kurs\/#breadcrumb","itemListElement":[{"@type":"ListItem","position":1,"name":"Startseite","item":"https:\/\/arkadventures.ch\/"},{"@type":"ListItem","position":2,"name":"Zwei Tages Wildwasser Kajakkurs"}]},{"@type":"WebSite","@id":"https:\/\/arkadventures.ch\/#website","url":"https:\/\/arkadventures.ch\/","name":"Arkadventures","description":"Down the river with you","publisher":{"@id":"https:\/\/arkadventures.ch\/#organization"},"potentialAction":[{"@type":"SearchAction","target":{"@type":"EntryPoint","urlTemplate":"https:\/\/arkadventures.ch\/?s={search_term_string}"},"query-input":{"@type":"PropertyValueSpecification","valueRequired":true,"valueName":"search_term_string"}}],"inLanguage":"en-GB"},{"@type":"Organization","@id":"https:\/\/arkadventures.ch\/#organization","name":"Arkadventures kajakschule","url":"https:\/\/arkadventures.ch\/","logo":{"@type":"ImageObject","inLanguage":"en-GB","@id":"https:\/\/arkadventures.ch\/#\/schema\/logo\/image\/","url":"https:\/\/arkadventures.ch\/wp-content\/uploads\/2023\/12\/Arkadventures-2.png","contentUrl":"https:\/\/arkadventures.ch\/wp-content\/uploads\/2023\/12\/Arkadventures-2.png","width":1500,"height":1500,"caption":"Arkadventures kajakschule"},"image":{"@id":"https:\/\/arkadventures.ch\/#\/schema\/logo\/image\/"},"sameAs":["https:\/\/www.facebook.com\/profile.php?id=100088808866414&locale=de_DE"]}]}},"_links":{"self":[{"href":"https:\/\/arkadventures.ch\/en\/wp-json\/wp\/v2\/pages\/125","targetHints":{"allow":["GET"]}}],"collection":[{"href":"https:\/\/arkadventures.ch\/en\/wp-json\/wp\/v2\/pages"}],"about":[{"href":"https:\/\/arkadventures.ch\/en\/wp-json\/wp\/v2\/types\/page"}],"author":[{"embeddable":true,"href":"https:\/\/arkadventures.ch\/en\/wp-json\/wp\/v2\/users\/1"}],"replies":[{"embeddable":true,"href":"https:\/\/arkadventures.ch\/en\/wp-json\/wp\/v2\/comments?post=125"}],"version-history":[{"count":10,"href":"https:\/\/arkadventures.ch\/en\/wp-json\/wp\/v2\/pages\/125\/revisions"}],"predecessor-version":[{"id":3654,"href":"https:\/\/arkadventures.ch\/en\/wp-json\/wp\/v2\/pages\/125\/revisions\/3654"}],"wp:featuredmedia":[{"embeddable":true,"href":"https:\/\/arkadventures.ch\/en\/wp-json\/wp\/v2\/media\/2439"}],"wp:attachment":[{"href":"https:\/\/arkadventures.ch\/en\/wp-json\/wp\/v2\/media?parent=125"}],"curies":[{"name":"wp","href":"https:\/\/api.w.org\/{rel}","templated":true}]}}