{"id":118,"date":"2023-12-09T21:15:49","date_gmt":"2023-12-09T21:15:49","guid":{"rendered":"https:\/\/arkadventures.ch\/?page_id=118"},"modified":"2026-03-14T16:02:58","modified_gmt":"2026-03-14T16:02:58","slug":"schweiz","status":"publish","type":"page","link":"https:\/\/arkadventures.ch\/en\/schweiz\/","title":{"rendered":"Switzerland"},"content":{"rendered":"<div class=\"wp-block-group alignfull has-kenta-base-background-color has-background has-global-padding is-layout-constrained wp-block-group-is-layout-constrained\" style=\"padding-top:var(--wp--preset--spacing--80);padding-bottom:var(--wp--preset--spacing--80)\">\n<div class=\"wp-block-media-text is-stacked-on-mobile\"><figure class=\"wp-block-media-text__media\"><img fetchpriority=\"high\" decoding=\"async\" width=\"800\" height=\"500\" src=\"https:\/\/arkadventures.ch\/wp-content\/uploads\/2024\/10\/rheingorge-safiental-lastview1.jpg\" alt=\"Der Rheinschlucht f\u00fcr Kajak fahren \" class=\"wp-image-1929 size-full\" srcset=\"https:\/\/arkadventures.ch\/wp-content\/uploads\/2024\/10\/rheingorge-safiental-lastview1.jpg 800w, https:\/\/arkadventures.ch\/wp-content\/uploads\/2024\/10\/rheingorge-safiental-lastview1-300x188.jpg 300w, https:\/\/arkadventures.ch\/wp-content\/uploads\/2024\/10\/rheingorge-safiental-lastview1-768x480.jpg 768w, https:\/\/arkadventures.ch\/wp-content\/uploads\/2024\/10\/rheingorge-safiental-lastview1-18x12.jpg 18w\" sizes=\"(max-width: 800px) 100vw, 800px\" \/><\/figure><div class=\"wp-block-media-text__content\">\n<h1 class=\"wp-block-heading has-ktj-font-large-font-size\">Whitewater Kayak tour in Switzerland<\/h1>\n\n\n\n<p><br>A tour through the \u201cRhein Gorge,\u201d paddling amidst Europe\u2019s largest rockslide phenomenon, surrounded by extraordinary limestone cliffs and elegantly shaped limestone sculptures towering over 300 meters above the river.<\/p>\n\n\n\n<figure class=\"wp-block-table aligncenter\"><table><tbody><tr><td class=\"has-text-align-center\" data-align=\"center\"><a href=\"https:\/\/arkadventures.ch\/en\/buchung-kajak-kurs\/\" type=\"page\" id=\"2610\">Sa,01\/06\/2026 \u2013 Fr,07\/06\/2026<\/a><\/td><\/tr><tr><td class=\"has-text-align-center\" data-align=\"center\"><a href=\"https:\/\/arkadventures.ch\/en\/buchung-kajak-kurs\/\" type=\"page\" id=\"2610\">\u00a0So,09\/06\/2026 \u2013 Sa,15\/06\/2026<\/a><\/td><\/tr><\/tbody><\/table><figcaption class=\"wp-element-caption\">Other dates can easily be added; just contact us.<\/figcaption><\/figure>\n\n\n\n<div class=\"wp-block-buttons is-layout-flex wp-block-buttons-is-layout-flex\">\n<div class=\"wp-block-button is-style-outline is-style-outline--1\"><a class=\"wp-block-button__link has-custom-font-size wp-element-button\" href=\"https:\/\/bookwhen.com\/arkadventures\" style=\"font-size:clamp(14px, 0.875rem + ((1vw - 3.2px) * 0.732), 20px);\">Booking From 750CHF<\/a><\/div>\n<\/div>\n<\/div><\/div>\n<\/div>\n\n\n\n<hr class=\"wp-block-kenta-blocks-separator kb-separator-7185516f kb-separator\"\/>\n\n\n\n<div class=\"wp-block-media-text has-media-on-the-right is-stacked-on-mobile\"><div class=\"wp-block-media-text__content\">\n<div class=\"wp-block-kenta-blocks-heading kb-heading kb-heading-h2 kb-heading-ac338ab5\"><h2 class=\"\">Engadin\u2013 The Garden of the river Inn<\/h2><\/div>\n\n\n\n<p>The Inn River flows through the Engadin region and offers many fantastic sections, making it ideal for spending much of the trip in this area. The \"Garden of the Inn\" is a perfect practice ground, with easier stretches upstream and more challenging ones downstream. With an ideal campsite nearby, it's easy to fall in love with this area.<\/p>\n<\/div><figure class=\"wp-block-media-text__media\"><img decoding=\"async\" width=\"768\" height=\"1024\" src=\"https:\/\/arkadventures.ch\/wp-content\/uploads\/2023\/12\/20220613_105911-1-768x1024.jpg\" alt=\"Inn Wildwasser Kajak Tour Engadin\" class=\"wp-image-694 size-full\"\/><\/figure><\/div>\n\n\n\n<hr class=\"wp-block-kenta-blocks-separator kb-separator-eaa9cf45 kb-separator\"\/>\n\n\n\n<div class=\"wp-block-media-text is-stacked-on-mobile\"><figure class=\"wp-block-media-text__media\"><img decoding=\"async\" width=\"1024\" height=\"512\" src=\"https:\/\/arkadventures.ch\/wp-content\/uploads\/2024\/01\/engadine-1024x512-1.jpeg\" alt=\"Sch\u00f6ne Dorf in Engadin \" class=\"wp-image-1029 size-full\" srcset=\"https:\/\/arkadventures.ch\/wp-content\/uploads\/2024\/01\/engadine-1024x512-1.jpeg 1024w, https:\/\/arkadventures.ch\/wp-content\/uploads\/2024\/01\/engadine-1024x512-1-300x150.jpeg 300w, https:\/\/arkadventures.ch\/wp-content\/uploads\/2024\/01\/engadine-1024x512-1-768x384.jpeg 768w, https:\/\/arkadventures.ch\/wp-content\/uploads\/2024\/01\/engadine-1024x512-1-18x9.jpeg 18w\" sizes=\"(max-width: 1024px) 100vw, 1024px\" \/><\/figure><div class=\"wp-block-media-text__content\">\n<div class=\"wp-block-kenta-blocks-heading kb-heading kb-heading-h2 kb-heading-8e154dca\"><h2 class=\"\">Enjoy the beautiful villages along the Inn River.<\/h2><\/div>\n\n\n\n<p>Here is Guarda, one of the many picturesque villages near the Inn River. It\u2019s perfect for an evening stroll through the streets after a fantastic day on the river, searching for the best ice cream.<\/p>\n<\/div><\/div>\n\n\n\n<hr class=\"wp-block-kenta-blocks-separator kb-separator-f997734c kb-separator\"\/>\n\n\n\n<div class=\"wp-block-group alignfull has-kenta-base-background-color has-background has-global-padding is-layout-constrained wp-block-group-is-layout-constrained\" style=\"padding-top:var(--wp--preset--spacing--80);padding-bottom:var(--wp--preset--spacing--80)\">\n<div class=\"wp-block-media-text has-media-on-the-right is-stacked-on-mobile\"><div class=\"wp-block-media-text__content\">\n<div class=\"wp-block-kenta-blocks-heading kb-heading kb-heading-h4 kb-heading-f648e618\"><h4 class=\"\">Fl\u00fcelapass<\/h4><\/div>\n\n\n\n<p>Between the Vorderrhein and the Inn lies the 2,384-meter-high Fl\u00fcela Pass. On your way to the Inn, you can see the Susasca River and the glacier that feeds it. This breathtaking picnic spot offers a spectacular mountain backdrop as you journey toward the Engadin.<\/p>\n\n\n\n<div class=\"wp-block-buttons is-layout-flex wp-block-buttons-is-layout-flex\">\n<div class=\"wp-block-button is-style-outline is-style-outline--2\"><a class=\"wp-block-button__link has-custom-font-size wp-element-button\" href=\"https:\/\/bookwhen.com\/arkadventures\" style=\"font-size:clamp(14px, 0.875rem + ((1vw - 3.2px) * 0.732), 20px);\">To the Booking Page<\/a><\/div>\n<\/div>\n<\/div><figure class=\"wp-block-media-text__media\"><img loading=\"lazy\" decoding=\"async\" width=\"1024\" height=\"768\" src=\"https:\/\/arkadventures.ch\/wp-content\/uploads\/2024\/01\/fluelapass-1024x768.jpeg\" alt=\"Fl\u00fcelapass In Richtung Engadin f\u00fcr eine Kajaktour auf dem Inn\" class=\"wp-image-1030 size-full\"\/><\/figure><\/div>\n<\/div>\n\n\n\n<hr class=\"wp-block-kenta-blocks-separator kb-separator-3c015b45 kb-separator\"\/>\n\n\n\n<div class=\"wp-block-kenta-blocks-heading kb-heading kb-heading-h2 kb-heading-76e1baa2\"><h2 class=\"\">The Plan<\/h2><\/div>\n\n\n\n<ol class=\"wp-block-list\">\n<li>After meeting at the campsite or picking you up from the airport, we\u2019ll enjoy lunch together before heading out to the Rhein Gorge. Depending on the group and water levels, this could also be a section further upstream. Dinner will be provided by Arkadventures on the grill!<\/li>\n\n\n\n<li>Today, we\u2019re paddling my favorite Section, on the Glenner. We\u2019ll be spending the entire day here. And with the option to paddle the lower Valser Rhein into the Glenner, this is something you definitely don\u2019t want to miss!<\/li>\n\n\n\n<li>In the morning, we\u2019ll paddle on the Hinterrhein or explore various sections upstream, depending on water levels. After spending the last two nights at the campsite, there\u2019s an option for an overnight tour along the beaches of the Rhein Gorge. It\u2019s especially beautiful under the stars with a campfire. We\u2019ll paddle to a beach with just our sleeping bags, mats, and some cooking gear, where we can enjoy the night after a day on the water.<\/li>\n\n\n\n<li>Today we make our way to Engadine. On the way we paddle a grade 4 river and later in the day arrive at the camping .<\/li>\n\n\n\n<li class=\"translation-block\">We drive straight to the gorge section of the Inn, this is the most beauitful spot on the Inn with grade 4 whitewater. Here we practise our skills on various rapids.<\/li>\n\n\n\n<li>In the next two days we will be kayaking on upper sections of the Inn. At the end of the day we will paddle the section next to camping where we will then finish\u00a8<\/li>\n\n\n\n<li>End of the trip: For those that need to be taken to the airport they will be accompanied by Arkadventures.<\/li>\n<\/ol>\n\n\n\n<hr class=\"wp-block-kenta-blocks-separator kb-separator-fd4636c6 kb-separator\"\/>\n\n\n\n<div class=\"wp-block-kenta-blocks-heading kb-heading kb-heading-h2 kb-heading-fff2694f\"><h2 class=\"\">What you get<\/h2><\/div>\n\n\n\n<ul class=\"wp-block-list\">\n<li>First Lunch and Evening meal together<\/li>\n\n\n\n<li>7 days Guiding with a fully certified Arkadventures Guide<\/li>\n\n\n\n<li>Small group Guiding<\/li>\n\n\n\n<li><strong>Transport und Shuttles <\/strong><\/li>\n\n\n\n<li>Pick-up und Drop-off in Z\u00fcrich\/Basel (Flughafen)<\/li>\n\n\n\n<li>Camp Kitchen if needed\u2013 The Evening meals we cook together and buy produce together from a piggy bank and share that all are happy.<\/li>\n\n\n\n<li><strong>kayak Rent&nbsp;<\/strong>(Equipment if you dont have)<\/li>\n<\/ul>\n\n\n\n<hr class=\"wp-block-kenta-blocks-separator kb-separator-c82218a4 kb-separator\"\/>\n\n\n\n<div class=\"wp-block-kenta-blocks-heading kb-heading kb-heading-h2 kb-heading-f40fc61e\"><h2 class=\"\">Price<\/h2><\/div>\n\n\n\n<ul class=\"wp-block-list\">\n<li>For <strong>Juniors<\/strong>&nbsp;<strong>Under 18 years 750<\/strong>&nbsp;<strong>CHF<\/strong>&nbsp;(With kayak rent 900 CHF)<\/li>\n\n\n\n<li>For&nbsp;<strong>Erwachsene 850 CHF<\/strong>&nbsp;(With kayak rent 995 CHF)<\/li>\n<\/ul>\n\n\n\n<div class=\"wp-block-buttons is-content-justification-center is-layout-flex wp-container-core-buttons-is-layout-a89b3969 wp-block-buttons-is-layout-flex\">\n<div class=\"wp-block-button\"><a class=\"wp-block-button__link wp-element-button\" href=\"https:\/\/bookwhen.com\/arkadventures\">Booking<\/a><\/div>\n<\/div>\n\n\n\n<hr class=\"wp-block-kenta-blocks-separator kb-separator-8d350c6a kb-separator\"\/>\n\n\n\n<div class=\"wp-block-buttons is-content-justification-center is-layout-flex wp-container-core-buttons-is-layout-a89b3969 wp-block-buttons-is-layout-flex\">\n<div class=\"wp-block-button\"><a class=\"wp-block-button__link wp-element-button\" href=\"https:\/\/arkadventures.ch\/wp-content\/uploads\/2023\/12\/Organize-your-trip-with-us-2-1.png\">Swiss Poster (english)<img loading=\"lazy\" decoding=\"async\" width=\"1\" height=\"1\" class=\"wp-image-720\" style=\"width: 1px;\" src=\"https:\/\/arkadventures.ch\/wp-content\/uploads\/2023\/12\/Organize-your-trip-with-us-2.png\" alt=\"\" srcset=\"https:\/\/arkadventures.ch\/wp-content\/uploads\/2023\/12\/Organize-your-trip-with-us-2.png 4419w, https:\/\/arkadventures.ch\/wp-content\/uploads\/2023\/12\/Organize-your-trip-with-us-2-212x300.png 212w, https:\/\/arkadventures.ch\/wp-content\/uploads\/2023\/12\/Organize-your-trip-with-us-2-724x1024.png 724w, https:\/\/arkadventures.ch\/wp-content\/uploads\/2023\/12\/Organize-your-trip-with-us-2-150x150.png 150w, https:\/\/arkadventures.ch\/wp-content\/uploads\/2023\/12\/Organize-your-trip-with-us-2-768x1086.png 768w, https:\/\/arkadventures.ch\/wp-content\/uploads\/2023\/12\/Organize-your-trip-with-us-2-1086x1536.png 1086w, https:\/\/arkadventures.ch\/wp-content\/uploads\/2023\/12\/Organize-your-trip-with-us-2-1448x2048.png 1448w, https:\/\/arkadventures.ch\/wp-content\/uploads\/2023\/12\/Organize-your-trip-with-us-2-8x12.png 8w\" sizes=\"(max-width: 1px) 100vw, 1px\" \/><\/a><\/div>\n<\/div>\n\n\n\n<hr class=\"wp-block-kenta-blocks-separator kb-separator-cb7cffe9 kb-separator\"\/>\n\n\n\n<iframe src=\"https:\/\/bookwhen.com\/arkadventures\/iframe\" frameborder=\"0\" scrolling=\"yes\" seamless=\"seamless\" style=\"display:block;border:none;width:100%;height:900px;\"><\/iframe>","protected":false},"excerpt":{"rendered":"<p>Wildwasser Kajak Tour Schweiz Eine Tour durch die &#171;Rheinschlucht&#187;, bei der zwischen dem gr\u00f6ssten Felssturzph\u00e4nomen Europas gepaddelt wird, mit aussergew\u00f6hnlichen Kalkw\u00e4nden und formsch\u00f6nen Kalkskulpturen \u00fcber 300 Meter \u00fcber dem Fluss. Sa,01\/06\/2026 \u2013 Fr,07\/06\/2026 \u00a0So,09\/06\/2026 \u2013 Sa,15\/06\/2026 Termine k\u00f6nnen leicht hinzugef\u00fcgt werden, kontaktiere uns einfach. Zwischen dem Vorderrhein und dem Inn liegt der 2384 Meter hohe [&hellip;]<\/p>\n","protected":false},"author":1,"featured_media":459,"parent":0,"menu_order":0,"comment_status":"closed","ping_status":"closed","template":"","meta":{"site-container-style":"default","site-container-layout":"default","site-sidebar-layout":"default","site-transparent-header":"default","disable-article-header":"default","disable-site-header":"default","disable-site-footer":"default","disable-content-area-spacing":"default","footnotes":""},"class_list":["post-118","page","type-page","status-publish","has-post-thumbnail","hentry"],"yoast_head":"<!-- This site is optimized with the Yoast SEO plugin v27.6 - https:\/\/yoast.com\/product\/yoast-seo-wordpress\/ -->\n<title>Schweiz - Arkadventures - Wildwasser Touren - Kajakschule<\/title>\n<meta name=\"description\" content=\"Geniesse eine Woche Wildwasser Tour durch Der Schweiz. Transport und F\u00fchrung Inbegriffen . Kleine Gruppe F\u00fchrung. - Preise ab 750 CHF\" \/>\n<meta name=\"robots\" content=\"index, follow, max-snippet:-1, max-image-preview:large, max-video-preview:-1\" \/>\n<link rel=\"canonical\" href=\"https:\/\/arkadventures.ch\/en\/schweiz\/\" \/>\n<meta property=\"og:locale\" content=\"en_GB\" \/>\n<meta property=\"og:type\" content=\"article\" \/>\n<meta property=\"og:title\" content=\"Schweiz - Arkadventures - Wildwasser Touren - Kajakschule\" \/>\n<meta property=\"og:description\" content=\"Geniesse eine Woche Wildwasser Tour durch Der Schweiz. Transport und F\u00fchrung Inbegriffen . Kleine Gruppe F\u00fchrung. - Preise ab 750 CHF\" \/>\n<meta property=\"og:url\" content=\"https:\/\/arkadventures.ch\/en\/schweiz\/\" \/>\n<meta property=\"og:site_name\" content=\"Arkadventures\" \/>\n<meta property=\"article:publisher\" content=\"https:\/\/www.facebook.com\/profile.php?id=100088808866414&amp;locale=de_DE\" \/>\n<meta property=\"article:modified_time\" content=\"2026-03-14T16:02:58+00:00\" \/>\n<meta property=\"og:image\" content=\"https:\/\/arkadventures.ch\/wp-content\/uploads\/2023\/12\/65650309_10156745795568731_2439223845656199168_n-1536x1152-1-2-e1732733651841.jpeg\" \/>\n\t<meta property=\"og:image:width\" content=\"1536\" \/>\n\t<meta property=\"og:image:height\" content=\"709\" \/>\n\t<meta property=\"og:image:type\" content=\"image\/jpeg\" \/>\n<meta name=\"twitter:card\" content=\"summary_large_image\" \/>\n<meta name=\"twitter:label1\" content=\"Estimated reading time\" \/>\n\t<meta name=\"twitter:data1\" content=\"5 minutes\" \/>\n<script type=\"application\/ld+json\" class=\"yoast-schema-graph\">{\"@context\":\"https:\\\/\\\/schema.org\",\"@graph\":[{\"@type\":\"WebPage\",\"@id\":\"https:\\\/\\\/arkadventures.ch\\\/schweiz\\\/\",\"url\":\"https:\\\/\\\/arkadventures.ch\\\/schweiz\\\/\",\"name\":\"Schweiz - Arkadventures - Wildwasser Touren - Kajakschule\",\"isPartOf\":{\"@id\":\"https:\\\/\\\/arkadventures.ch\\\/#website\"},\"primaryImageOfPage\":{\"@id\":\"https:\\\/\\\/arkadventures.ch\\\/schweiz\\\/#primaryimage\"},\"image\":{\"@id\":\"https:\\\/\\\/arkadventures.ch\\\/schweiz\\\/#primaryimage\"},\"thumbnailUrl\":\"https:\\\/\\\/arkadventures.ch\\\/wp-content\\\/uploads\\\/2023\\\/12\\\/65650309_10156745795568731_2439223845656199168_n-1536x1152-1-2-e1732733651841.jpeg\",\"datePublished\":\"2023-12-09T21:15:49+00:00\",\"dateModified\":\"2026-03-14T16:02:58+00:00\",\"description\":\"Geniesse eine Woche Wildwasser Tour durch Der Schweiz. Transport und F\u00fchrung Inbegriffen . Kleine Gruppe F\u00fchrung. - Preise ab 750 CHF\",\"breadcrumb\":{\"@id\":\"https:\\\/\\\/arkadventures.ch\\\/schweiz\\\/#breadcrumb\"},\"inLanguage\":\"en-GB\",\"potentialAction\":[{\"@type\":\"ReadAction\",\"target\":[\"https:\\\/\\\/arkadventures.ch\\\/schweiz\\\/\"]}]},{\"@type\":\"ImageObject\",\"inLanguage\":\"en-GB\",\"@id\":\"https:\\\/\\\/arkadventures.ch\\\/schweiz\\\/#primaryimage\",\"url\":\"https:\\\/\\\/arkadventures.ch\\\/wp-content\\\/uploads\\\/2023\\\/12\\\/65650309_10156745795568731_2439223845656199168_n-1536x1152-1-2-e1732733651841.jpeg\",\"contentUrl\":\"https:\\\/\\\/arkadventures.ch\\\/wp-content\\\/uploads\\\/2023\\\/12\\\/65650309_10156745795568731_2439223845656199168_n-1536x1152-1-2-e1732733651841.jpeg\",\"width\":1536,\"height\":709},{\"@type\":\"BreadcrumbList\",\"@id\":\"https:\\\/\\\/arkadventures.ch\\\/schweiz\\\/#breadcrumb\",\"itemListElement\":[{\"@type\":\"ListItem\",\"position\":1,\"name\":\"Startseite\",\"item\":\"https:\\\/\\\/arkadventures.ch\\\/\"},{\"@type\":\"ListItem\",\"position\":2,\"name\":\"Schweiz\"}]},{\"@type\":\"WebSite\",\"@id\":\"https:\\\/\\\/arkadventures.ch\\\/#website\",\"url\":\"https:\\\/\\\/arkadventures.ch\\\/\",\"name\":\"Arkadventures\",\"description\":\"Down the river with you\",\"publisher\":{\"@id\":\"https:\\\/\\\/arkadventures.ch\\\/#organization\"},\"potentialAction\":[{\"@type\":\"SearchAction\",\"target\":{\"@type\":\"EntryPoint\",\"urlTemplate\":\"https:\\\/\\\/arkadventures.ch\\\/?s={search_term_string}\"},\"query-input\":{\"@type\":\"PropertyValueSpecification\",\"valueRequired\":true,\"valueName\":\"search_term_string\"}}],\"inLanguage\":\"en-GB\"},{\"@type\":\"Organization\",\"@id\":\"https:\\\/\\\/arkadventures.ch\\\/#organization\",\"name\":\"Arkadventures kajakschule\",\"url\":\"https:\\\/\\\/arkadventures.ch\\\/\",\"logo\":{\"@type\":\"ImageObject\",\"inLanguage\":\"en-GB\",\"@id\":\"https:\\\/\\\/arkadventures.ch\\\/#\\\/schema\\\/logo\\\/image\\\/\",\"url\":\"https:\\\/\\\/arkadventures.ch\\\/wp-content\\\/uploads\\\/2023\\\/12\\\/Arkadventures-2.png\",\"contentUrl\":\"https:\\\/\\\/arkadventures.ch\\\/wp-content\\\/uploads\\\/2023\\\/12\\\/Arkadventures-2.png\",\"width\":1500,\"height\":1500,\"caption\":\"Arkadventures kajakschule\"},\"image\":{\"@id\":\"https:\\\/\\\/arkadventures.ch\\\/#\\\/schema\\\/logo\\\/image\\\/\"},\"sameAs\":[\"https:\\\/\\\/www.facebook.com\\\/profile.php?id=100088808866414&locale=de_DE\"]}]}<\/script>\n<!-- \/ Yoast SEO plugin. -->","yoast_head_json":{"title":"Schweiz - Arkadventures - Wildwasser Touren - Kajakschule","description":"Geniesse eine Woche Wildwasser Tour durch Der Schweiz. Transport und F\u00fchrung Inbegriffen . Kleine Gruppe F\u00fchrung. - Preise ab 750 CHF","robots":{"index":"index","follow":"follow","max-snippet":"max-snippet:-1","max-image-preview":"max-image-preview:large","max-video-preview":"max-video-preview:-1"},"canonical":"https:\/\/arkadventures.ch\/en\/schweiz\/","og_locale":"en_GB","og_type":"article","og_title":"Schweiz - Arkadventures - Wildwasser Touren - Kajakschule","og_description":"Geniesse eine Woche Wildwasser Tour durch Der Schweiz. Transport und F\u00fchrung Inbegriffen . Kleine Gruppe F\u00fchrung. - Preise ab 750 CHF","og_url":"https:\/\/arkadventures.ch\/en\/schweiz\/","og_site_name":"Arkadventures","article_publisher":"https:\/\/www.facebook.com\/profile.php?id=100088808866414&locale=de_DE","article_modified_time":"2026-03-14T16:02:58+00:00","og_image":[{"width":1536,"height":709,"url":"https:\/\/arkadventures.ch\/wp-content\/uploads\/2023\/12\/65650309_10156745795568731_2439223845656199168_n-1536x1152-1-2-e1732733651841.jpeg","type":"image\/jpeg"}],"twitter_card":"summary_large_image","twitter_misc":{"Estimated reading time":"5 minutes"},"schema":{"@context":"https:\/\/schema.org","@graph":[{"@type":"WebPage","@id":"https:\/\/arkadventures.ch\/schweiz\/","url":"https:\/\/arkadventures.ch\/schweiz\/","name":"Schweiz - Arkadventures - Wildwasser Touren - Kajakschule","isPartOf":{"@id":"https:\/\/arkadventures.ch\/#website"},"primaryImageOfPage":{"@id":"https:\/\/arkadventures.ch\/schweiz\/#primaryimage"},"image":{"@id":"https:\/\/arkadventures.ch\/schweiz\/#primaryimage"},"thumbnailUrl":"https:\/\/arkadventures.ch\/wp-content\/uploads\/2023\/12\/65650309_10156745795568731_2439223845656199168_n-1536x1152-1-2-e1732733651841.jpeg","datePublished":"2023-12-09T21:15:49+00:00","dateModified":"2026-03-14T16:02:58+00:00","description":"Geniesse eine Woche Wildwasser Tour durch Der Schweiz. Transport und F\u00fchrung Inbegriffen . Kleine Gruppe F\u00fchrung. - Preise ab 750 CHF","breadcrumb":{"@id":"https:\/\/arkadventures.ch\/schweiz\/#breadcrumb"},"inLanguage":"en-GB","potentialAction":[{"@type":"ReadAction","target":["https:\/\/arkadventures.ch\/schweiz\/"]}]},{"@type":"ImageObject","inLanguage":"en-GB","@id":"https:\/\/arkadventures.ch\/schweiz\/#primaryimage","url":"https:\/\/arkadventures.ch\/wp-content\/uploads\/2023\/12\/65650309_10156745795568731_2439223845656199168_n-1536x1152-1-2-e1732733651841.jpeg","contentUrl":"https:\/\/arkadventures.ch\/wp-content\/uploads\/2023\/12\/65650309_10156745795568731_2439223845656199168_n-1536x1152-1-2-e1732733651841.jpeg","width":1536,"height":709},{"@type":"BreadcrumbList","@id":"https:\/\/arkadventures.ch\/schweiz\/#breadcrumb","itemListElement":[{"@type":"ListItem","position":1,"name":"Startseite","item":"https:\/\/arkadventures.ch\/"},{"@type":"ListItem","position":2,"name":"Schweiz"}]},{"@type":"WebSite","@id":"https:\/\/arkadventures.ch\/#website","url":"https:\/\/arkadventures.ch\/","name":"Arkadventures","description":"Down the river with you","publisher":{"@id":"https:\/\/arkadventures.ch\/#organization"},"potentialAction":[{"@type":"SearchAction","target":{"@type":"EntryPoint","urlTemplate":"https:\/\/arkadventures.ch\/?s={search_term_string}"},"query-input":{"@type":"PropertyValueSpecification","valueRequired":true,"valueName":"search_term_string"}}],"inLanguage":"en-GB"},{"@type":"Organization","@id":"https:\/\/arkadventures.ch\/#organization","name":"Arkadventures kajakschule","url":"https:\/\/arkadventures.ch\/","logo":{"@type":"ImageObject","inLanguage":"en-GB","@id":"https:\/\/arkadventures.ch\/#\/schema\/logo\/image\/","url":"https:\/\/arkadventures.ch\/wp-content\/uploads\/2023\/12\/Arkadventures-2.png","contentUrl":"https:\/\/arkadventures.ch\/wp-content\/uploads\/2023\/12\/Arkadventures-2.png","width":1500,"height":1500,"caption":"Arkadventures kajakschule"},"image":{"@id":"https:\/\/arkadventures.ch\/#\/schema\/logo\/image\/"},"sameAs":["https:\/\/www.facebook.com\/profile.php?id=100088808866414&locale=de_DE"]}]}},"_links":{"self":[{"href":"https:\/\/arkadventures.ch\/en\/wp-json\/wp\/v2\/pages\/118","targetHints":{"allow":["GET"]}}],"collection":[{"href":"https:\/\/arkadventures.ch\/en\/wp-json\/wp\/v2\/pages"}],"about":[{"href":"https:\/\/arkadventures.ch\/en\/wp-json\/wp\/v2\/types\/page"}],"author":[{"embeddable":true,"href":"https:\/\/arkadventures.ch\/en\/wp-json\/wp\/v2\/users\/1"}],"replies":[{"embeddable":true,"href":"https:\/\/arkadventures.ch\/en\/wp-json\/wp\/v2\/comments?post=118"}],"version-history":[{"count":2,"href":"https:\/\/arkadventures.ch\/en\/wp-json\/wp\/v2\/pages\/118\/revisions"}],"predecessor-version":[{"id":4043,"href":"https:\/\/arkadventures.ch\/en\/wp-json\/wp\/v2\/pages\/118\/revisions\/4043"}],"wp:featuredmedia":[{"embeddable":true,"href":"https:\/\/arkadventures.ch\/en\/wp-json\/wp\/v2\/media\/459"}],"wp:attachment":[{"href":"https:\/\/arkadventures.ch\/en\/wp-json\/wp\/v2\/media?parent=118"}],"curies":[{"name":"wp","href":"https:\/\/api.w.org\/{rel}","templated":true}]}}