{"id":100,"date":"2023-12-09T18:53:37","date_gmt":"2023-12-09T18:53:37","guid":{"rendered":"https:\/\/arkadventures.ch\/?page_id=100"},"modified":"2025-08-21T20:38:49","modified_gmt":"2025-08-21T20:38:49","slug":"kajak-tages-kurs","status":"publish","type":"page","link":"https:\/\/arkadventures.ch\/en\/kajak-tages-kurs\/","title":{"rendered":"Kayak day out"},"content":{"rendered":"<div class=\"wp-block-group alignfull has-kenta-base-background-color has-background has-global-padding is-layout-constrained wp-block-group-is-layout-constrained\" style=\"padding-top:var(--wp--preset--spacing--80);padding-bottom:var(--wp--preset--spacing--80)\">\n<div class=\"wp-block-media-text is-stacked-on-mobile\" style=\"grid-template-columns:61% auto\"><figure class=\"wp-block-media-text__media\"><img fetchpriority=\"high\" decoding=\"async\" width=\"1024\" height=\"683\" src=\"https:\/\/arkadventures.ch\/wp-content\/uploads\/2025\/06\/IMG-20250610-WA0010-1024x683.jpg\" alt=\"Kajak Kurs auf der Aare bei Worblaufen\" class=\"wp-image-3055 size-full\"\/><\/figure><div class=\"wp-block-media-text__content\">\n<div class=\"wp-block-kenta-blocks-heading kb-heading kb-heading-h2 kb-heading-60316211\"><h2 class=\"\">Kayak adventure in Bern on the Aare<\/h2><\/div>\n\n\n\n<p>Did you ever want to try Kayaking before?<\/p>\n\n\n\n<p>Are you interested to learn all the basics to be control on the river?<\/p>\n\n\n\n<p>Firmenevent gesucht: Kajak-Abenteuer f\u00fcr Dein Team<\/p>\n\n\n\n<p>Or maybe you just want too spend a day with the family having fun where you learn something completely new!<\/p>\n\n\n\n<p>Then is <strong>the kayak day out <\/strong>definitely for you.<\/p>\n\n\n\n<div class=\"wp-block-buttons is-layout-flex wp-block-buttons-is-layout-flex\">\n<div class=\"wp-block-button\"><a class=\"wp-block-button__link has-ktj-font-medium-font-size has-custom-font-size wp-element-button\" href=\"https:\/\/arkadventures.ch\/en\/ein-tages-kajak-kurs-buchen\/\">Booking from 120CHF<\/a><\/div>\n<\/div>\n<\/div><\/div>\n<\/div>\n\n\n\n<h1 class=\"wp-block-heading has-text-align-center has-kenta-accent-color has-kenta-base-100-background-color has-text-color has-background has-link-color has-ktj-font-large-font-size wp-elements-9760e560205a5d9302dc10b516b91a83\">One day beginner kayak Course<\/h1>\n\n\n\n<hr class=\"wp-block-kenta-blocks-separator kb-separator-0f19298d kb-separator\"\/>\n\n\n\n<div class=\"wp-block-kenta-blocks-heading kb-heading kb-heading-h4 kb-heading-fc564628\"><h4 class=\"\">Meeting Point<br><\/h4><\/div>\n\n\n\n<ul class=\"wp-block-list\">\n<li><strong><em>9:30 Uhr &nbsp;<\/em><\/strong><\/li>\n\n\n\n<li>Arastrasse 7, 3048 Ittigen, Bern<\/li>\n<\/ul>\n\n\n\n<hr class=\"wp-block-kenta-blocks-separator kb-separator-67f403a5 kb-separator\"\/>\n\n\n\n<div class=\"wp-block-kenta-blocks-heading kb-heading kb-heading-h2 kb-heading-b0a8a43d\"><h2 class=\"\">Day Plan<br><\/h2><\/div>\n\n\n\n<ul class=\"wp-block-list\">\n<li>After a get-together talk in the morning, you get<strong> all the equipment<\/strong>. <\/li>\n\n\n\n<li><strong>We paddle next to Worblaufen.<\/strong><\/li>\n\n\n\n<li>Here you learn <strong>The wet exit, how you safely<\/strong> <strong>exit the kayak under the water<\/strong> and river signals.<\/li>\n\n\n\n<li>How you efficiently<strong> <\/strong>paddle forwards, backwards and move sideways.<\/li>\n\n\n\n<li>Feeling good after Paddling in the morning we make <strong>Lunch break on the side of the river<\/strong>. <\/li>\n\n\n\n<li>In the afternoon we play some river games, and you paddle your first rapid.<\/li>\n\n\n\n<li>Whitewater swimming and rope rescues we also learn together.<\/li>\n<\/ul>\n\n\n\n<hr class=\"wp-block-kenta-blocks-separator kb-separator-853b3b9f kb-separator\"\/>\n\n\n\n<div class=\"wp-block-kenta-blocks-heading kb-heading kb-heading-h2 kb-heading-fca9c025\"><h2 class=\"\">What to bring<\/h2><\/div>\n\n\n\n<ul class=\"wp-block-list\">\n<li>Swimming shorts<\/li>\n\n\n\n<li>Suncream <\/li>\n\n\n\n<li>Medication if needed (Asthmaspray)<\/li>\n\n\n\n<li>Towel<\/li>\n\n\n\n<li>Band for your glasses.<\/li>\n\n\n\n<li>Depending on temperature, Thermal clothes, without cotton.<\/li>\n\n\n\n<li>Closed Sport Shoes that can get wet. <\/li>\n\n\n\n<li>Lunch and water to drink<\/li>\n<\/ul>\n\n\n\n<hr class=\"wp-block-kenta-blocks-separator kb-separator-298fa371 kb-separator\"\/>\n\n\n\n<hr class=\"wp-block-kenta-blocks-separator kb-separator-3f40581b kb-separator\"\/>\n\n\n\n<div class=\"wp-block-kenta-blocks-heading kb-heading kb-heading-h2 kb-heading-fe24fbd8\"><h2 class=\"\">Price<\/h2><\/div>\n\n\n\n<ul class=\"wp-block-list\">\n<li>For <strong>Juniors<\/strong>&nbsp;<strong>Under 16 (120CHF)<\/strong><\/li>\n\n\n\n<li>For&nbsp;<strong>Adults 150 CHF<\/strong><\/li>\n\n\n\n<li><strong>Including Photos from your day out on the water<\/strong><\/li>\n\n\n\n<li>Your preferred date not in the calendar?<a href=\"https:\/\/arkadventures.ch\/en\/kontakt\/\"> Contact me<\/a> i will make it work!<\/li>\n\n\n\n<li>For all kayak courses, a group of 4 or more people at once get 10% discount<\/li>\n<\/ul>\n\n\n\n<h2 class=\"wp-block-heading has-text-align-center has-kenta-accent-color has-text-color has-link-color wp-elements-d90f28ef8efc0669bafa67343ae79a4f\" style=\"font-size:clamp(17.905px, 1.119rem + ((1vw - 3.2px) * 1.231), 28px);\">Perfect day out in Bern<\/h2>\n\n\n\n<div class=\"wp-block-buttons is-content-justification-center is-layout-flex wp-container-core-buttons-is-layout-a89b3969 wp-block-buttons-is-layout-flex\">\n<div class=\"wp-block-button\"><a class=\"wp-block-button__link wp-element-button\" href=\"https:\/\/arkadventures.ch\/en\/ein-tages-kajak-kurs-buchen\/\">Book here<\/a><\/div>\n<\/div>\n\n\n\n<hr class=\"wp-block-kenta-blocks-separator kb-separator-24413b63 kb-separator\"\/>\n\n\n\n<div class=\"wp-block-columns is-layout-flex wp-container-core-columns-is-layout-28f84493 wp-block-columns-is-layout-flex\">\n<div class=\"wp-block-column is-layout-flow wp-block-column-is-layout-flow\" style=\"flex-basis:100%\">\n<div class=\"wp-block-columns is-layout-flex wp-container-core-columns-is-layout-28f84493 wp-block-columns-is-layout-flex\">\n<div class=\"wp-block-column is-layout-flow wp-block-column-is-layout-flow\">\n<div class=\"wp-block-columns is-layout-flex wp-container-core-columns-is-layout-28f84493 wp-block-columns-is-layout-flex\">\n<div class=\"wp-block-column is-layout-flow wp-block-column-is-layout-flow\">\n<figure class=\"wp-block-image size-large\"><img decoding=\"async\" width=\"683\" height=\"1024\" src=\"https:\/\/arkadventures.ch\/wp-content\/uploads\/2024\/10\/DSC04736-3-683x1024.jpg\" alt=\"Frau auf eine Kajak Kurs f\u00fcr Einsteiger\" class=\"wp-image-1585\"\/><\/figure>\n<\/div>\n\n\n\n<div class=\"wp-block-column is-layout-flow wp-block-column-is-layout-flow\">\n<figure class=\"wp-block-image size-large\"><img decoding=\"async\" width=\"683\" height=\"1024\" src=\"https:\/\/arkadventures.ch\/wp-content\/uploads\/2024\/10\/DSC04632-1-683x1024.jpg\" alt=\"Mann auf dem Inn in Engadine  sitzt im Kajak auf eine arkadventures Kajak Kurs \" class=\"wp-image-1586\"\/><\/figure>\n<\/div>\n<\/div>\n<\/div>\n\n\n\n<div class=\"wp-block-column is-layout-flow wp-block-column-is-layout-flow\">\n<div class=\"wp-block-columns is-layout-flex wp-container-core-columns-is-layout-28f84493 wp-block-columns-is-layout-flex\">\n<div class=\"wp-block-column is-layout-flow wp-block-column-is-layout-flow\">\n<figure class=\"wp-block-image size-large\"><img loading=\"lazy\" decoding=\"async\" width=\"683\" height=\"1024\" src=\"https:\/\/arkadventures.ch\/wp-content\/uploads\/2024\/10\/DSC04717-1-683x1024.jpg\" alt=\"Frau lacht im Kajak und paddled auf dem wasser. Auf eine kajak kurs f\u00fcr Einsteiger. \" class=\"wp-image-1587\"\/><\/figure>\n<\/div>\n\n\n\n<div class=\"wp-block-column is-layout-flow wp-block-column-is-layout-flow\">\n<figure class=\"wp-block-image size-large\"><img loading=\"lazy\" decoding=\"async\" width=\"683\" height=\"1024\" src=\"https:\/\/arkadventures.ch\/wp-content\/uploads\/2024\/10\/DSC05149-683x1024.jpg\" alt=\"Einsteiger kajak kurs auf dem fluss.\" class=\"wp-image-1588\"\/><\/figure>\n<\/div>\n<\/div>\n<\/div>\n<\/div>\n<\/div>\n<\/div>\n\n\n\n<hr class=\"wp-block-kenta-blocks-separator kb-separator-143cd66d kb-separator\"\/>\n\n\n\n<iframe src=\"https:\/\/bookwhen.com\/de\/arkadventures\/iframe?tags=1day\" frameborder=\"0\" scrolling=\"yes\" seamless=\"seamless\" style=\"display:block;border:none;width:100%;height:900px;\"><\/iframe>","protected":false},"excerpt":{"rendered":"<p>Hast Du jemals Kajakfahren ausprobieren wollen? Bist Du interessiert die Grundlagen auf dem Fluss zu lernen? Firmenevent gesucht: Kajak-Abenteuer f\u00fcr Dein Team Oder vielleicht willst Du einfach einen Tag mit der Familie verbringen, bei dem ihr etwas v\u00f6llig Neues erlebt? Dann ist der Kajak-Schnuppertag definitiv etwas f\u00fcr Dich. Eint\u00e4giger Kajakkurs f\u00fcr Anf\u00e4nger Perfekter Tagesausflug in [&hellip;]<\/p>\n","protected":false},"author":1,"featured_media":3224,"parent":0,"menu_order":0,"comment_status":"closed","ping_status":"closed","template":"","meta":{"site-container-style":"default","site-container-layout":"default","site-sidebar-layout":"default","site-transparent-header":"default","disable-article-header":"default","disable-site-header":"default","disable-site-footer":"default","disable-content-area-spacing":"default","footnotes":""},"class_list":["post-100","page","type-page","status-publish","has-post-thumbnail","hentry"],"yoast_head":"<!-- This site is optimized with the Yoast SEO plugin v27.6 - https:\/\/yoast.com\/product\/yoast-seo-wordpress\/ -->\n<title>Kajak Schnuppertag - AKTiViT\u00c4TEN - Tagesausflug Bern - 120 CHF<\/title>\n<meta name=\"description\" content=\"Kajak Schnuppertag - Ein Tages kajak ausflug im Bern - In eine kleine Gruppe erlernst du das Paddle Grund Technik - Spiele Ideal f\u00fcr Familien\" \/>\n<meta name=\"robots\" content=\"index, follow, max-snippet:-1, max-image-preview:large, max-video-preview:-1\" \/>\n<link rel=\"canonical\" href=\"https:\/\/arkadventures.ch\/en\/kajak-tages-kurs\/\" \/>\n<meta property=\"og:locale\" content=\"en_GB\" \/>\n<meta property=\"og:type\" content=\"article\" \/>\n<meta property=\"og:title\" content=\"Kajak Schnuppertag - AKTiViT\u00c4TEN - Tagesausflug Bern - 120 CHF\" \/>\n<meta property=\"og:description\" content=\"Kajak Schnuppertag - Ein Tages kajak ausflug im Bern - In eine kleine Gruppe erlernst du das Paddle Grund Technik - Spiele Ideal f\u00fcr Familien\" \/>\n<meta property=\"og:url\" content=\"https:\/\/arkadventures.ch\/en\/kajak-tages-kurs\/\" \/>\n<meta property=\"og:site_name\" content=\"Arkadventures\" \/>\n<meta property=\"article:publisher\" content=\"https:\/\/www.facebook.com\/profile.php?id=100088808866414&amp;locale=de_DE\" \/>\n<meta property=\"article:modified_time\" content=\"2025-08-21T20:38:49+00:00\" \/>\n<meta property=\"og:image\" content=\"https:\/\/arkadventures.ch\/wp-content\/uploads\/2025\/06\/1000058607-1-scaled-e1751201536592.jpg\" \/>\n\t<meta property=\"og:image:width\" content=\"1800\" \/>\n\t<meta property=\"og:image:height\" content=\"927\" \/>\n\t<meta property=\"og:image:type\" content=\"image\/jpeg\" \/>\n<meta name=\"twitter:card\" content=\"summary_large_image\" \/>\n<meta name=\"twitter:label1\" content=\"Estimated reading time\" \/>\n\t<meta name=\"twitter:data1\" content=\"3 minutes\" \/>\n<script type=\"application\/ld+json\" class=\"yoast-schema-graph\">{\"@context\":\"https:\\\/\\\/schema.org\",\"@graph\":[{\"@type\":\"WebPage\",\"@id\":\"https:\\\/\\\/arkadventures.ch\\\/kajak-tages-kurs\\\/\",\"url\":\"https:\\\/\\\/arkadventures.ch\\\/kajak-tages-kurs\\\/\",\"name\":\"Kajak Schnuppertag - AKTiViT\u00c4TEN - Tagesausflug Bern - 120 CHF\",\"isPartOf\":{\"@id\":\"https:\\\/\\\/arkadventures.ch\\\/#website\"},\"primaryImageOfPage\":{\"@id\":\"https:\\\/\\\/arkadventures.ch\\\/kajak-tages-kurs\\\/#primaryimage\"},\"image\":{\"@id\":\"https:\\\/\\\/arkadventures.ch\\\/kajak-tages-kurs\\\/#primaryimage\"},\"thumbnailUrl\":\"https:\\\/\\\/arkadventures.ch\\\/wp-content\\\/uploads\\\/2025\\\/06\\\/1000058607-1-scaled-e1751201536592.jpg\",\"datePublished\":\"2023-12-09T18:53:37+00:00\",\"dateModified\":\"2025-08-21T20:38:49+00:00\",\"description\":\"Kajak Schnuppertag - Ein Tages kajak ausflug im Bern - In eine kleine Gruppe erlernst du das Paddle Grund Technik - Spiele Ideal f\u00fcr Familien\",\"breadcrumb\":{\"@id\":\"https:\\\/\\\/arkadventures.ch\\\/kajak-tages-kurs\\\/#breadcrumb\"},\"inLanguage\":\"en-GB\",\"potentialAction\":[{\"@type\":\"ReadAction\",\"target\":[\"https:\\\/\\\/arkadventures.ch\\\/kajak-tages-kurs\\\/\"]}]},{\"@type\":\"ImageObject\",\"inLanguage\":\"en-GB\",\"@id\":\"https:\\\/\\\/arkadventures.ch\\\/kajak-tages-kurs\\\/#primaryimage\",\"url\":\"https:\\\/\\\/arkadventures.ch\\\/wp-content\\\/uploads\\\/2025\\\/06\\\/1000058607-1-scaled-e1751201536592.jpg\",\"contentUrl\":\"https:\\\/\\\/arkadventures.ch\\\/wp-content\\\/uploads\\\/2025\\\/06\\\/1000058607-1-scaled-e1751201536592.jpg\",\"width\":1800,\"height\":927,\"caption\":\"Einsteiger Wildwasser Kajak Kurs , auf der Aare\"},{\"@type\":\"BreadcrumbList\",\"@id\":\"https:\\\/\\\/arkadventures.ch\\\/kajak-tages-kurs\\\/#breadcrumb\",\"itemListElement\":[{\"@type\":\"ListItem\",\"position\":1,\"name\":\"Startseite\",\"item\":\"https:\\\/\\\/arkadventures.ch\\\/\"},{\"@type\":\"ListItem\",\"position\":2,\"name\":\"Kajak Schnuppertag\"}]},{\"@type\":\"WebSite\",\"@id\":\"https:\\\/\\\/arkadventures.ch\\\/#website\",\"url\":\"https:\\\/\\\/arkadventures.ch\\\/\",\"name\":\"Arkadventures\",\"description\":\"Down the river with you\",\"publisher\":{\"@id\":\"https:\\\/\\\/arkadventures.ch\\\/#organization\"},\"potentialAction\":[{\"@type\":\"SearchAction\",\"target\":{\"@type\":\"EntryPoint\",\"urlTemplate\":\"https:\\\/\\\/arkadventures.ch\\\/?s={search_term_string}\"},\"query-input\":{\"@type\":\"PropertyValueSpecification\",\"valueRequired\":true,\"valueName\":\"search_term_string\"}}],\"inLanguage\":\"en-GB\"},{\"@type\":\"Organization\",\"@id\":\"https:\\\/\\\/arkadventures.ch\\\/#organization\",\"name\":\"Arkadventures kajakschule\",\"url\":\"https:\\\/\\\/arkadventures.ch\\\/\",\"logo\":{\"@type\":\"ImageObject\",\"inLanguage\":\"en-GB\",\"@id\":\"https:\\\/\\\/arkadventures.ch\\\/#\\\/schema\\\/logo\\\/image\\\/\",\"url\":\"https:\\\/\\\/arkadventures.ch\\\/wp-content\\\/uploads\\\/2023\\\/12\\\/Arkadventures-2.png\",\"contentUrl\":\"https:\\\/\\\/arkadventures.ch\\\/wp-content\\\/uploads\\\/2023\\\/12\\\/Arkadventures-2.png\",\"width\":1500,\"height\":1500,\"caption\":\"Arkadventures kajakschule\"},\"image\":{\"@id\":\"https:\\\/\\\/arkadventures.ch\\\/#\\\/schema\\\/logo\\\/image\\\/\"},\"sameAs\":[\"https:\\\/\\\/www.facebook.com\\\/profile.php?id=100088808866414&locale=de_DE\"]}]}<\/script>\n<!-- \/ Yoast SEO plugin. -->","yoast_head_json":{"title":"Kajak Schnuppertag - AKTiViT\u00c4TEN - Tagesausflug Bern - 120 CHF","description":"Kajak Schnuppertag - Ein Tages kajak ausflug im Bern - In eine kleine Gruppe erlernst du das Paddle Grund Technik - Spiele Ideal f\u00fcr Familien","robots":{"index":"index","follow":"follow","max-snippet":"max-snippet:-1","max-image-preview":"max-image-preview:large","max-video-preview":"max-video-preview:-1"},"canonical":"https:\/\/arkadventures.ch\/en\/kajak-tages-kurs\/","og_locale":"en_GB","og_type":"article","og_title":"Kajak Schnuppertag - AKTiViT\u00c4TEN - Tagesausflug Bern - 120 CHF","og_description":"Kajak Schnuppertag - Ein Tages kajak ausflug im Bern - In eine kleine Gruppe erlernst du das Paddle Grund Technik - Spiele Ideal f\u00fcr Familien","og_url":"https:\/\/arkadventures.ch\/en\/kajak-tages-kurs\/","og_site_name":"Arkadventures","article_publisher":"https:\/\/www.facebook.com\/profile.php?id=100088808866414&locale=de_DE","article_modified_time":"2025-08-21T20:38:49+00:00","og_image":[{"width":1800,"height":927,"url":"https:\/\/arkadventures.ch\/wp-content\/uploads\/2025\/06\/1000058607-1-scaled-e1751201536592.jpg","type":"image\/jpeg"}],"twitter_card":"summary_large_image","twitter_misc":{"Estimated reading time":"3 minutes"},"schema":{"@context":"https:\/\/schema.org","@graph":[{"@type":"WebPage","@id":"https:\/\/arkadventures.ch\/kajak-tages-kurs\/","url":"https:\/\/arkadventures.ch\/kajak-tages-kurs\/","name":"Kajak Schnuppertag - AKTiViT\u00c4TEN - Tagesausflug Bern - 120 CHF","isPartOf":{"@id":"https:\/\/arkadventures.ch\/#website"},"primaryImageOfPage":{"@id":"https:\/\/arkadventures.ch\/kajak-tages-kurs\/#primaryimage"},"image":{"@id":"https:\/\/arkadventures.ch\/kajak-tages-kurs\/#primaryimage"},"thumbnailUrl":"https:\/\/arkadventures.ch\/wp-content\/uploads\/2025\/06\/1000058607-1-scaled-e1751201536592.jpg","datePublished":"2023-12-09T18:53:37+00:00","dateModified":"2025-08-21T20:38:49+00:00","description":"Kajak Schnuppertag - Ein Tages kajak ausflug im Bern - In eine kleine Gruppe erlernst du das Paddle Grund Technik - Spiele Ideal f\u00fcr Familien","breadcrumb":{"@id":"https:\/\/arkadventures.ch\/kajak-tages-kurs\/#breadcrumb"},"inLanguage":"en-GB","potentialAction":[{"@type":"ReadAction","target":["https:\/\/arkadventures.ch\/kajak-tages-kurs\/"]}]},{"@type":"ImageObject","inLanguage":"en-GB","@id":"https:\/\/arkadventures.ch\/kajak-tages-kurs\/#primaryimage","url":"https:\/\/arkadventures.ch\/wp-content\/uploads\/2025\/06\/1000058607-1-scaled-e1751201536592.jpg","contentUrl":"https:\/\/arkadventures.ch\/wp-content\/uploads\/2025\/06\/1000058607-1-scaled-e1751201536592.jpg","width":1800,"height":927,"caption":"Einsteiger Wildwasser Kajak Kurs , auf der Aare"},{"@type":"BreadcrumbList","@id":"https:\/\/arkadventures.ch\/kajak-tages-kurs\/#breadcrumb","itemListElement":[{"@type":"ListItem","position":1,"name":"Startseite","item":"https:\/\/arkadventures.ch\/"},{"@type":"ListItem","position":2,"name":"Kajak Schnuppertag"}]},{"@type":"WebSite","@id":"https:\/\/arkadventures.ch\/#website","url":"https:\/\/arkadventures.ch\/","name":"Arkadventures","description":"Down the river with you","publisher":{"@id":"https:\/\/arkadventures.ch\/#organization"},"potentialAction":[{"@type":"SearchAction","target":{"@type":"EntryPoint","urlTemplate":"https:\/\/arkadventures.ch\/?s={search_term_string}"},"query-input":{"@type":"PropertyValueSpecification","valueRequired":true,"valueName":"search_term_string"}}],"inLanguage":"en-GB"},{"@type":"Organization","@id":"https:\/\/arkadventures.ch\/#organization","name":"Arkadventures kajakschule","url":"https:\/\/arkadventures.ch\/","logo":{"@type":"ImageObject","inLanguage":"en-GB","@id":"https:\/\/arkadventures.ch\/#\/schema\/logo\/image\/","url":"https:\/\/arkadventures.ch\/wp-content\/uploads\/2023\/12\/Arkadventures-2.png","contentUrl":"https:\/\/arkadventures.ch\/wp-content\/uploads\/2023\/12\/Arkadventures-2.png","width":1500,"height":1500,"caption":"Arkadventures kajakschule"},"image":{"@id":"https:\/\/arkadventures.ch\/#\/schema\/logo\/image\/"},"sameAs":["https:\/\/www.facebook.com\/profile.php?id=100088808866414&locale=de_DE"]}]}},"_links":{"self":[{"href":"https:\/\/arkadventures.ch\/en\/wp-json\/wp\/v2\/pages\/100","targetHints":{"allow":["GET"]}}],"collection":[{"href":"https:\/\/arkadventures.ch\/en\/wp-json\/wp\/v2\/pages"}],"about":[{"href":"https:\/\/arkadventures.ch\/en\/wp-json\/wp\/v2\/types\/page"}],"author":[{"embeddable":true,"href":"https:\/\/arkadventures.ch\/en\/wp-json\/wp\/v2\/users\/1"}],"replies":[{"embeddable":true,"href":"https:\/\/arkadventures.ch\/en\/wp-json\/wp\/v2\/comments?post=100"}],"version-history":[{"count":11,"href":"https:\/\/arkadventures.ch\/en\/wp-json\/wp\/v2\/pages\/100\/revisions"}],"predecessor-version":[{"id":3652,"href":"https:\/\/arkadventures.ch\/en\/wp-json\/wp\/v2\/pages\/100\/revisions\/3652"}],"wp:featuredmedia":[{"embeddable":true,"href":"https:\/\/arkadventures.ch\/en\/wp-json\/wp\/v2\/media\/3224"}],"wp:attachment":[{"href":"https:\/\/arkadventures.ch\/en\/wp-json\/wp\/v2\/media?parent=100"}],"curies":[{"name":"wp","href":"https:\/\/api.w.org\/{rel}","templated":true}]}}